{"id":8048,"date":"2025-08-24T16:10:03","date_gmt":"2025-08-24T15:10:03","guid":{"rendered":"https:\/\/congresoaepap.org\/2026\/?page_id=8048"},"modified":"2025-09-01T08:26:16","modified_gmt":"2025-09-01T07:26:16","slug":"presentacion","status":"publish","type":"page","link":"https:\/\/congresoaepap.org\/2026\/presentacion\/","title":{"rendered":"Presentaci\u00f3n"},"content":{"rendered":"<div class=\"wpb-content-wrapper\">[vc_row fullwidth=\u00bbtrue\u00bb parallax=\u00bbcontent-moving-fade\u00bb parallax_image=\u00bb11314&#8243; parallax_speed_bg=\u00bb1&#8243; css=\u00bb.vc_custom_1721156163180{margin-bottom: -10px !important;border-bottom-width: -10px !important;padding-bottom: -10px !important;background-color: #eb6072 !important;background-position: center;background-repeat: no-repeat !important;background-size: cover !important;}\u00bb][vc_column css=\u00bb.vc_custom_1703196275772{margin-bottom: -5px !important;border-bottom-width: -5px !important;padding-bottom: -5px !important;background-position: center !important;background-repeat: no-repeat !important;background-size: contain !important;}\u00bb][mk_padding_divider size=\u00bb65&#8243; visibility=\u00bbhidden-sm\u00bb][mk_padding_divider visibility=\u00bbvisible-sm\u00bb][mk_fancy_title color=\u00bb#b9271a\u00bb size=\u00bb50&#8243; force_font_size=\u00bbtrue\u00bb size_smallscreen=\u00bb40&#8243; size_tablet=\u00bb40&#8243; size_phone=\u00bb35&#8243; margin_bottom=\u00bb0&#8243; font_family=\u00bbImpact, Charcoal, sans-serif\u00bb font_type=\u00bbsafefont\u00bb align=\u00bbcenter\u00bb]<span style=\"background-color: #ffffff;\">\u00a0 Presentaci\u00f3n\u00a0\u00a0<\/span>[\/mk_fancy_title][mk_padding_divider][vc_row_inner attached=\u00bbtrue\u00bb][vc_column_inner css=\u00bb.vc_custom_1687794206690{margin-top: -60px !important;margin-bottom: -30px !important;border-top-width: -60px !important;border-bottom-width: -30px !important;padding-top: -60px !important;padding-bottom: -30px !important;}\u00bb][vc_raw_html css=\u00bb.vc_custom_1668987405118{margin-top: -30px !important;border-top-width: -30px !important;padding-top: -30px !important;}\u00bb]JTNDZGl2JTNFJTBBJTIwJTIwJTIwJTIwJTIwJTIwJTIwJTIwJTIwJTIwJTIwJTIwJTIwJTIwJTIwJTIwJTNDc3ZnJTIwY2xhc3MlM0QlMjJ3YXZlcyUyMiUyMHhtbG5zJTNEJTIyaHR0cCUzQSUyRiUyRnd3dy53My5vcmclMkYyMDAwJTJGc3ZnJTIyJTIweG1sbnMlM0F4bGluayUzRCUyMmh0dHAlM0ElMkYlMkZ3d3cudzMub3JnJTJGMTk5OSUyRnhsaW5rJTIyJTIwdmlld0JveCUzRCUyMjAlMjAyNCUyMDE1MCUyMDI4JTIyJTIwcHJlc2VydmVBc3BlY3RSYXRpbyUzRCUyMm5vbmUlMjIlMjBzaGFwZS1yZW5kZXJpbmclM0QlMjJhdXRvJTIyJTNFJTBBJTIwJTIwJTIwJTIwJTIwJTIwJTIwJTIwJTIwJTIwJTIwJTIwJTIwJTIwJTIwJTIwJTIwJTIwJTIwJTIwJTNDZGVmcyUzRSUwQSUyMCUyMCUyMCUyMCUyMCUyMCUyMCUyMCUyMCUyMCUyMCUyMCUyMCUyMCUyMCUyMCUyMCUyMCUyMCUyMCUyMCUyMCUyMCUyMCUzQ3BhdGglMjBpZCUzRCUyMmdlbnRsZS13YXZlJTIyJTIwZCUzRCUyMk0tMTYwJTIwNDRjMzAlMjAwJTIwNTgtMTglMjA4OC0xOHMlMjA1OCUyMDE4JTIwODglMjAxOCUyMDU4LTE4JTIwODgtMTglMjA1OCUyMDE4JTIwODglMjAxOCUyMHY0NGgtMzUyeiUyMiUyMCUyRiUzRSUwQSUyMCUyMCUyMCUyMCUyMCUyMCUyMCUyMCUyMCUyMCUyMCUyMCUyMCUyMCUyMCUyMCUyMCUyMCUyMCUyMCUzQyUyRmRlZnMlM0UlMEElMjAlMjAlMjAlMjAlMjAlMjAlMjAlMjAlMjAlMjAlMjAlMjAlMjAlMjAlMjAlMjAlMjAlMjAlMjAlMjAlM0NnJTIwY2xhc3MlM0QlMjJwYXJhbGxheCUyMiUzRSUwQSUyMCUyMCUyMCUyMCUyMCUyMCUyMCUyMCUyMCUyMCUyMCUyMCUyMCUyMCUyMCUyMCUyMCUyMCUyMCUyMCUyMCUyMCUyMCUyMCUzQ3VzZSUyMHhsaW5rJTNBaHJlZiUzRCUyMiUyM2dlbnRsZS13YXZlJTIyJTIweCUzRCUyMjQ4JTIyJTIweSUzRCUyMjAlMjIlMjBmaWxsJTNEJTIycmdiYSUyODI1NSUyQzI1NSUyQzI1NSUyQzAuNyUyMiUyMCUyRiUzRSUwQSUyMCUyMCUyMCUyMCUyMCUyMCUyMCUyMCUyMCUyMCUyMCUyMCUyMCUyMCUyMCUyMCUyMCUyMCUyMCUyMCUyMCUyMCUyMCUyMCUzQ3VzZSUyMHhsaW5rJTNBaHJlZiUzRCUyMiUyM2dlbnRsZS13YXZlJTIyJTIweCUzRCUyMjQ4JTIyJTIweSUzRCUyMjMlMjIlMjBmaWxsJTNEJTIycmdiYSUyODI1NSUyQzI1NSUyQzI1NSUyQzAuNSUyOSUyMiUyMCUyRiUzRSUwQSUyMCUyMCUyMCUyMCUyMCUyMCUyMCUyMCUyMCUyMCUyMCUyMCUyMCUyMCUyMCUyMCUyMCUyMCUyMCUyMCUyMCUyMCUyMCUyMCUzQ3VzZSUyMHhsaW5rJTNBaHJlZiUzRCUyMiUyM2dlbnRsZS13YXZlJTIyJTIweCUzRCUyMjQ4JTIyJTIweSUzRCUyMjUlMjIlMjBmaWxsJTNEJTIycmdiYSUyODI1NSUyQzI1NSUyQzI1NSUyQzAuMyUyOSUyMiUyMCUyRiUzRSUwQSUyMCUyMCUyMCUyMCUyMCUyMCUyMCUyMCUyMCUyMCUyMCUyMCUyMCUyMCUyMCUyMCUyMCUyMCUyMCUyMCUyMCUyMCUyMCUyMCUzQ3VzZSUyMHhsaW5rJTNBaHJlZiUzRCUyMiUyM2dlbnRsZS13YXZlJTIyJTIweCUzRCUyMjQ4JTIyJTIweSUzRCUyMjclMjIlMjBmaWxsJTNEJTIyJTIzZmZmJTIyJTIwJTJGJTNFJTBBJTIwJTIwJTIwJTIwJTIwJTIwJTIwJTIwJTIwJTIwJTIwJTIwJTIwJTIwJTIwJTIwJTIwJTIwJTIwJTIwJTNDJTJGZyUzRSUwQSUyMCUyMCUyMCUyMCUyMCUyMCUyMCUyMCUyMCUyMCUyMCUyMCUyMCUyMCUyMCUyMCUzQyUyRnN2ZyUzRSUwQSUyMCUyMCUyMCUyMCUyMCUyMCUyMCUyMCUyMCUyMCUyMCUyMCUzQyUyRmRpdiUzRSUwQQ==[\/vc_raw_html][\/vc_column_inner][\/vc_row_inner][\/vc_column][\/vc_row][mk_page_section bg_color=\u00bb#ffffff\u00bb attachment=\u00bbfixed\u00bb bg_position=\u00bbcenter top\u00bb bg_repeat=\u00bbno-repeat\u00bb enable_3d=\u00bbtrue\u00bb full_width=\u00bbtrue\u00bb padding_top=\u00bb0&#8243; padding_bottom=\u00bb30&#8243; top_shape_style=\u00bbcurve-top\u00bb top_shape_bg_color=\u00bbrgba(255,255,255,0)\u00bb sidebar=\u00bbsidebar-1&#8243; first_page=\u00bbfalse\u00bb last_page=\u00bbfalse\u00bb][vc_column css=\u00bb.vc_custom_1668987388736{margin-bottom: -10px !important;border-bottom-width: -10px !important;padding-bottom: -10px !important;}\u00bb][vc_row_inner attached=\u00bbtrue\u00bb is_fullwidth_content=\u00bbfalse\u00bb column_padding=\u00bb3&#8243;][vc_column_inner width=\u00bb1\/3&#8243;][mk_custom_box corner_radius=\u00bb6&#8243; padding_vertical=\u00bb20&#8243; margin_bottom=\u00bb0&#8243; bg_color=\u00bb#ffffff\u00bb border_color_style=\u00bbsingle_color\u00bb border_color=\u00bb#eb6072&#8243;][vc_column_text css=\u00bb.vc_custom_1721165483327{margin-bottom: 0px !important;}\u00bb]\n<p style=\"text-align: center;\"><img loading=\"lazy\" decoding=\"async\" class=\"alignnone wp-image-11325 size-full\" src=\"https:\/\/congresoaepap.org\/2026\/wp-content\/uploads\/2024\/07\/victoria_martinez_rubio.jpg\" alt=\"\" width=\"1250\" height=\"1490\" srcset=\"https:\/\/congresoaepap.org\/2026\/wp-content\/uploads\/2024\/07\/victoria_martinez_rubio.jpg 1250w, https:\/\/congresoaepap.org\/2026\/wp-content\/uploads\/2024\/07\/victoria_martinez_rubio-252x300.jpg 252w, https:\/\/congresoaepap.org\/2026\/wp-content\/uploads\/2024\/07\/victoria_martinez_rubio-859x1024.jpg 859w, https:\/\/congresoaepap.org\/2026\/wp-content\/uploads\/2024\/07\/victoria_martinez_rubio-768x915.jpg 768w\" sizes=\"auto, (max-width: 1250px) 100vw, 1250px\" \/><\/p>\n[\/vc_column_text][vc_column_text css=\u00bb.vc_custom_1754989005241{margin-bottom: 0px !important;}\u00bb]\n<p style=\"text-align: center;\"><strong>Victoria Mart\u00ednez Rubio<\/strong><br \/>\nCoordinadora del 22\u00ba Congreso de Actualizaci\u00f3n en Pediatr\u00eda AEPap<\/p>\n[\/vc_column_text][\/mk_custom_box][\/vc_column_inner][vc_column_inner width=\u00bb2\/3&#8243;][vc_column_text css=\u00bb.vc_custom_1756711424228{margin-bottom: 0px !important;}\u00bb]<strong>\u00a1Nos volvemos a encontrar!<\/strong><\/p>\n<p style=\"text-align: justify;\">Llega la 22\u00aa edici\u00f3n del Congreso AEPap de Actualizaci\u00f3n en pediatr\u00eda, <strong>AEPap 2026<\/strong>\u00a0y lo hace con la misma ilusi\u00f3n de siempre y un nuevo lema que nos representa a la perfecci\u00f3n: <strong>\u201cEn pediatr\u00eda, lo primero, la primaria\u201d<\/strong>.<\/p>\n<p style=\"text-align: justify;\">Porque cuidar a la infancia y adolescencia empieza por reforzar la atenci\u00f3n pedi\u00e1trica desde su base: la consulta del d\u00eda a d\u00eda, el seguimiento cercano, la prevenci\u00f3n y la detecci\u00f3n precoz. La pediatr\u00eda de atenci\u00f3n primaria es la primera l\u00ednea de salud para nuestros ni\u00f1os, ni\u00f1as y adolescentes y este congreso es el espacio donde, cada a\u00f1o, reconocemos su valor, aprendemos unos de otros y nos seguimos formando para hacerlo cada vez mejor.<\/p>\n<p style=\"text-align: justify;\">Os ofrecemos, como siempre, un congreso pensado para todos:<br \/>\n\ud83d\udd39 Con modalidad <strong>presencial<\/strong> y <strong>virtual<\/strong>, para que se pueda elegir participar seg\u00fan las circunstancias de cada uno.<br \/>\n\ud83d\udd39 Con un <strong>Curso <em>online<\/em><\/strong> de inscripci\u00f3n independiente o combinada, que complementa la formaci\u00f3n del congreso.<br \/>\n\ud83d\udd39 Con una programaci\u00f3n diversa y rigurosa: mesas redondas, talleres y seminarios dise\u00f1ados para pediatras, m\u00e9dicos de familia que atienden a ni\u00f1os, enfermer\u00eda pedi\u00e1trica y residentes de pediatr\u00eda o enfermer\u00eda, de dentro y fuera de nuestras fronteras.<\/p>\n<p style=\"text-align: justify;\">Seguimos en el <strong>Novotel Madrid Center<\/strong>, en pleno centro de Madrid, a pocos minutos del parque de El Retiro y os esperamos los d\u00edas <strong>5,6 y 7 de marzo de 2026.<\/strong><\/p>\n<p style=\"text-align: justify;\">Las inscripciones se abren el <strong>s\u00e1bado 22 de noviembre a las 10:00 h<\/strong> (hora peninsular) para los socios AEPap y el <strong>13 de diciembre <\/strong>para no socios. La inscripci\u00f3n virtual y al curso<em> online<\/em> estar\u00e1 abierta para todos desde el <strong>22 de noviembre.<\/strong><\/p>\n<p style=\"text-align: justify;\">Ven a compartir, aprender y reforzar lo que nos une: la pasi\u00f3n por una pediatr\u00eda cercana, humana y esencial.<\/p>\n<p style=\"text-align: justify;\"><strong>Porque en pediatr\u00eda, lo primero, la primaria. <\/strong><br \/>\n\u00a1Nos vemos en Madrid!<\/p>\n[\/vc_column_text][\/vc_column_inner][\/vc_row_inner][vc_row_inner is_fullwidth_content=\u00bbfalse\u00bb][vc_column_inner width=\u00bb1\/6&#8243;][\/vc_column_inner][vc_column_inner width=\u00bb2\/3&#8243;][vc_column_text css=\u00bb.vc_custom_1754989526269{margin-bottom: 0px !important;}\u00bb]<img loading=\"lazy\" decoding=\"async\" class=\"aligncenter wp-image-12109 size-large\" src=\"https:\/\/congresoaepap.org\/2026\/wp-content\/uploads\/2025\/08\/22-Congreso-AEPAP-2026-lema-1024x84.jpg\" alt=\"\" width=\"1024\" height=\"84\" srcset=\"https:\/\/congresoaepap.org\/2026\/wp-content\/uploads\/2025\/08\/22-Congreso-AEPAP-2026-lema-1024x84.jpg 1024w, https:\/\/congresoaepap.org\/2026\/wp-content\/uploads\/2025\/08\/22-Congreso-AEPAP-2026-lema-1536x127.jpg 1536w, https:\/\/congresoaepap.org\/2026\/wp-content\/uploads\/2025\/08\/22-Congreso-AEPAP-2026-lema-2048x169.jpg 2048w, https:\/\/congresoaepap.org\/2026\/wp-content\/uploads\/2025\/08\/22-Congreso-AEPAP-2026-lema-300x25.jpg 300w, https:\/\/congresoaepap.org\/2026\/wp-content\/uploads\/2025\/08\/22-Congreso-AEPAP-2026-lema-768x63.jpg 768w\" sizes=\"auto, (max-width: 1024px) 100vw, 1024px\" \/>[\/vc_column_text][\/vc_column_inner][vc_column_inner width=\u00bb1\/6&#8243;][\/vc_column_inner][\/vc_row_inner][\/vc_column][\/mk_page_section]\n<\/div>","protected":false},"excerpt":{"rendered":"<p>[vc_row fullwidth=\u00bbtrue\u00bb parallax=\u00bbcontent-moving-fade\u00bb parallax_image=\u00bb11314&#8243; parallax_speed_bg=\u00bb1&#8243; css=\u00bb.vc_custom_1721156163180{margin-bottom: -10px !important;border-bottom-width: -10px !important;padding-bottom: -10px !important;background-color: #eb6072 !important;background-position: center;background-repeat: no-repeat !important;background-size: cover !important;}\u00bb][vc_column css=\u00bb.vc_custom_1703196275772{margin-bottom: -5px !important;border-bottom-width: -5px !important;padding-bottom: -5px !important;background-position: center !important;background-repeat: no-repeat !important;background-size: contain !important;}\u00bb][mk_padding_divider size=\u00bb65&#8243; visibility=\u00bbhidden-sm\u00bb][mk_padding_divider visibility=\u00bbvisible-sm\u00bb][mk_fancy_title color=\u00bb#b9271a\u00bb size=\u00bb50&#8243; force_font_size=\u00bbtrue\u00bb size_smallscreen=\u00bb40&#8243; size_tablet=\u00bb40&#8243; size_phone=\u00bb35&#8243; margin_bottom=\u00bb0&#8243; font_family=\u00bbImpact, Charcoal, sans-serif\u00bb font_type=\u00bbsafefont\u00bb align=\u00bbcenter\u00bb]\u00a0 Presentaci\u00f3n\u00a0\u00a0[\/mk_fancy_title][mk_padding_divider][vc_row_inner attached=\u00bbtrue\u00bb][vc_column_inner css=\u00bb.vc_custom_1687794206690{margin-top: -60px !important;margin-bottom: -30px !important;border-top-width: -60px [&hellip;]<\/p>\n","protected":false},"author":3297,"featured_media":0,"parent":0,"menu_order":0,"comment_status":"closed","ping_status":"closed","template":"","meta":{"footnotes":""},"class_list":["post-8048","page","type-page","status-publish","hentry"],"publishpress_future_action":{"enabled":false,"date":"2026-04-19 13:42:19","action":"change-status","newStatus":"draft","terms":[],"taxonomy":"","extraData":[]},"publishpress_future_workflow_manual_trigger":{"enabledWorkflows":[]},"_links":{"self":[{"href":"https:\/\/congresoaepap.org\/2026\/wp-json\/wp\/v2\/pages\/8048","targetHints":{"allow":["GET"]}}],"collection":[{"href":"https:\/\/congresoaepap.org\/2026\/wp-json\/wp\/v2\/pages"}],"about":[{"href":"https:\/\/congresoaepap.org\/2026\/wp-json\/wp\/v2\/types\/page"}],"author":[{"embeddable":true,"href":"https:\/\/congresoaepap.org\/2026\/wp-json\/wp\/v2\/users\/3297"}],"replies":[{"embeddable":true,"href":"https:\/\/congresoaepap.org\/2026\/wp-json\/wp\/v2\/comments?post=8048"}],"version-history":[{"count":119,"href":"https:\/\/congresoaepap.org\/2026\/wp-json\/wp\/v2\/pages\/8048\/revisions"}],"predecessor-version":[{"id":12281,"href":"https:\/\/congresoaepap.org\/2026\/wp-json\/wp\/v2\/pages\/8048\/revisions\/12281"}],"wp:attachment":[{"href":"https:\/\/congresoaepap.org\/2026\/wp-json\/wp\/v2\/media?parent=8048"}],"curies":[{"name":"wp","href":"https:\/\/api.w.org\/{rel}","templated":true}]}}