{"id":12376,"date":"2025-12-01T20:35:32","date_gmt":"2025-12-01T19:35:32","guid":{"rendered":"https:\/\/congresoaepap.org\/2026\/?page_id=12376"},"modified":"2025-12-01T20:38:26","modified_gmt":"2025-12-01T19:38:26","slug":"descuento-renfe","status":"publish","type":"page","link":"https:\/\/congresoaepap.org\/2026\/descuento-renfe\/","title":{"rendered":"Descuento Renfe"},"content":{"rendered":"<div class=\"wpb-content-wrapper\">[vc_row fullwidth=\u00bbtrue\u00bb parallax=\u00bbcontent-moving-fade\u00bb parallax_image=\u00bb11314&#8243; parallax_speed_bg=\u00bb1&#8243; css=\u00bb.vc_custom_1721156163180{margin-bottom: -10px !important;border-bottom-width: -10px !important;padding-bottom: -10px !important;background-color: #eb6072 !important;background-position: center;background-repeat: no-repeat !important;background-size: cover !important;}\u00bb][vc_column css=\u00bb.vc_custom_1703196275772{margin-bottom: -5px !important;border-bottom-width: -5px !important;padding-bottom: -5px !important;background-position: center !important;background-repeat: no-repeat !important;background-size: contain !important;}\u00bb][mk_padding_divider size=\u00bb65&#8243; visibility=\u00bbhidden-sm\u00bb][mk_padding_divider visibility=\u00bbvisible-sm\u00bb][mk_fancy_title color=\u00bb#dd3333&#8243; size=\u00bb50&#8243; force_font_size=\u00bbtrue\u00bb size_smallscreen=\u00bb40&#8243; size_tablet=\u00bb40&#8243; size_phone=\u00bb35&#8243; margin_bottom=\u00bb0&#8243; font_family=\u00bbImpact, Charcoal, sans-serif\u00bb font_type=\u00bbsafefont\u00bb align=\u00bbcenter\u00bb]Descuento Renfe[\/mk_fancy_title][mk_padding_divider][vc_row_inner attached=\u00bbtrue\u00bb][vc_column_inner css=\u00bb.vc_custom_1687794206690{margin-top: -60px !important;margin-bottom: -30px !important;border-top-width: -60px !important;border-bottom-width: -30px !important;padding-top: -60px !important;padding-bottom: -30px !important;}\u00bb][vc_raw_html css=\u00bb.vc_custom_1668987405118{margin-top: -30px !important;border-top-width: -30px !important;padding-top: -30px !important;}\u00bb]JTNDZGl2JTNFJTBBJTIwJTIwJTIwJTIwJTIwJTIwJTIwJTIwJTIwJTIwJTIwJTIwJTIwJTIwJTIwJTIwJTNDc3ZnJTIwY2xhc3MlM0QlMjJ3YXZlcyUyMiUyMHhtbG5zJTNEJTIyaHR0cCUzQSUyRiUyRnd3dy53My5vcmclMkYyMDAwJTJGc3ZnJTIyJTIweG1sbnMlM0F4bGluayUzRCUyMmh0dHAlM0ElMkYlMkZ3d3cudzMub3JnJTJGMTk5OSUyRnhsaW5rJTIyJTIwdmlld0JveCUzRCUyMjAlMjAyNCUyMDE1MCUyMDI4JTIyJTIwcHJlc2VydmVBc3BlY3RSYXRpbyUzRCUyMm5vbmUlMjIlMjBzaGFwZS1yZW5kZXJpbmclM0QlMjJhdXRvJTIyJTNFJTBBJTIwJTIwJTIwJTIwJTIwJTIwJTIwJTIwJTIwJTIwJTIwJTIwJTIwJTIwJTIwJTIwJTIwJTIwJTIwJTIwJTNDZGVmcyUzRSUwQSUyMCUyMCUyMCUyMCUyMCUyMCUyMCUyMCUyMCUyMCUyMCUyMCUyMCUyMCUyMCUyMCUyMCUyMCUyMCUyMCUyMCUyMCUyMCUyMCUzQ3BhdGglMjBpZCUzRCUyMmdlbnRsZS13YXZlJTIyJTIwZCUzRCUyMk0tMTYwJTIwNDRjMzAlMjAwJTIwNTgtMTglMjA4OC0xOHMlMjA1OCUyMDE4JTIwODglMjAxOCUyMDU4LTE4JTIwODgtMTglMjA1OCUyMDE4JTIwODglMjAxOCUyMHY0NGgtMzUyeiUyMiUyMCUyRiUzRSUwQSUyMCUyMCUyMCUyMCUyMCUyMCUyMCUyMCUyMCUyMCUyMCUyMCUyMCUyMCUyMCUyMCUyMCUyMCUyMCUyMCUzQyUyRmRlZnMlM0UlMEElMjAlMjAlMjAlMjAlMjAlMjAlMjAlMjAlMjAlMjAlMjAlMjAlMjAlMjAlMjAlMjAlMjAlMjAlMjAlMjAlM0NnJTIwY2xhc3MlM0QlMjJwYXJhbGxheCUyMiUzRSUwQSUyMCUyMCUyMCUyMCUyMCUyMCUyMCUyMCUyMCUyMCUyMCUyMCUyMCUyMCUyMCUyMCUyMCUyMCUyMCUyMCUyMCUyMCUyMCUyMCUzQ3VzZSUyMHhsaW5rJTNBaHJlZiUzRCUyMiUyM2dlbnRsZS13YXZlJTIyJTIweCUzRCUyMjQ4JTIyJTIweSUzRCUyMjAlMjIlMjBmaWxsJTNEJTIycmdiYSUyODI1NSUyQzI1NSUyQzI1NSUyQzAuNyUyMiUyMCUyRiUzRSUwQSUyMCUyMCUyMCUyMCUyMCUyMCUyMCUyMCUyMCUyMCUyMCUyMCUyMCUyMCUyMCUyMCUyMCUyMCUyMCUyMCUyMCUyMCUyMCUyMCUzQ3VzZSUyMHhsaW5rJTNBaHJlZiUzRCUyMiUyM2dlbnRsZS13YXZlJTIyJTIweCUzRCUyMjQ4JTIyJTIweSUzRCUyMjMlMjIlMjBmaWxsJTNEJTIycmdiYSUyODI1NSUyQzI1NSUyQzI1NSUyQzAuNSUyOSUyMiUyMCUyRiUzRSUwQSUyMCUyMCUyMCUyMCUyMCUyMCUyMCUyMCUyMCUyMCUyMCUyMCUyMCUyMCUyMCUyMCUyMCUyMCUyMCUyMCUyMCUyMCUyMCUyMCUzQ3VzZSUyMHhsaW5rJTNBaHJlZiUzRCUyMiUyM2dlbnRsZS13YXZlJTIyJTIweCUzRCUyMjQ4JTIyJTIweSUzRCUyMjUlMjIlMjBmaWxsJTNEJTIycmdiYSUyODI1NSUyQzI1NSUyQzI1NSUyQzAuMyUyOSUyMiUyMCUyRiUzRSUwQSUyMCUyMCUyMCUyMCUyMCUyMCUyMCUyMCUyMCUyMCUyMCUyMCUyMCUyMCUyMCUyMCUyMCUyMCUyMCUyMCUyMCUyMCUyMCUyMCUzQ3VzZSUyMHhsaW5rJTNBaHJlZiUzRCUyMiUyM2dlbnRsZS13YXZlJTIyJTIweCUzRCUyMjQ4JTIyJTIweSUzRCUyMjclMjIlMjBmaWxsJTNEJTIyJTIzZmZmJTIyJTIwJTJGJTNFJTBBJTIwJTIwJTIwJTIwJTIwJTIwJTIwJTIwJTIwJTIwJTIwJTIwJTIwJTIwJTIwJTIwJTIwJTIwJTIwJTIwJTNDJTJGZyUzRSUwQSUyMCUyMCUyMCUyMCUyMCUyMCUyMCUyMCUyMCUyMCUyMCUyMCUyMCUyMCUyMCUyMCUzQyUyRnN2ZyUzRSUwQSUyMCUyMCUyMCUyMCUyMCUyMCUyMCUyMCUyMCUyMCUyMCUyMCUzQyUyRmRpdiUzRSUwQQ==[\/vc_raw_html][\/vc_column_inner][\/vc_row_inner][\/vc_column][\/vc_row][mk_page_section bg_color=\u00bb#ffffff\u00bb attachment=\u00bbfixed\u00bb bg_position=\u00bbcenter top\u00bb bg_repeat=\u00bbno-repeat\u00bb enable_3d=\u00bbtrue\u00bb full_width=\u00bbtrue\u00bb padding_top=\u00bb30&#8243; padding_bottom=\u00bb30&#8243; top_shape_style=\u00bbcurve-top\u00bb top_shape_bg_color=\u00bbrgba(255,255,255,0)\u00bb sidebar=\u00bbsidebar-1&#8243; first_page=\u00bbfalse\u00bb last_page=\u00bbfalse\u00bb][vc_column css=\u00bb.vc_custom_1668987388736{margin-bottom: -10px !important;border-bottom-width: -10px !important;padding-bottom: -10px !important;}\u00bb][mk_padding_divider][vc_row_inner is_fullwidth_content=\u00bbfalse\u00bb][vc_column_inner][vc_separator color=\u00bborange\u00bb css=\u00bb\u00bb][vc_column_text css=\u00bb.vc_custom_1764617758041{margin-bottom: 0px !important;}\u00bb]\n<h5>DESCUENTO RENFE<\/h5>\n[\/vc_column_text][vc_separator color=\u00bborange\u00bb css=\u00bb\u00bb][mk_fancy_title color=\u00bb#000000&#8243; size=\u00bb17&#8243; force_font_size=\u00bbtrue\u00bb size_smallscreen=\u00bb14&#8243; size_tablet=\u00bb14&#8243; size_phone=\u00bb14&#8243; line_height=\u00bb176&#8243; font_style=\u00bbnormal\u00bb txt_transform=\u00bbnone\u00bb margin_bottom=\u00bb-30&#8243; font_family=\u00bbnone\u00bb responsive_align=\u00bbleft\u00bb]<img loading=\"lazy\" decoding=\"async\" class=\"alignnone wp-image-12377 \" src=\"https:\/\/congresoaepap.org\/2026\/wp-content\/uploads\/2025\/12\/logo-renfe-e1764617781488-300x130.png\" alt=\"\" width=\"199\" height=\"86\" srcset=\"https:\/\/congresoaepap.org\/2026\/wp-content\/uploads\/2025\/12\/logo-renfe-e1764617781488-300x130.png 300w, https:\/\/congresoaepap.org\/2026\/wp-content\/uploads\/2025\/12\/logo-renfe-e1764617781488-330x143.png 330w, https:\/\/congresoaepap.org\/2026\/wp-content\/uploads\/2025\/12\/logo-renfe-e1764617781488.png 375w\" sizes=\"auto, (max-width: 199px) 100vw, 199px\" \/>[\/mk_fancy_title][mk_fancy_title color=\u00bb#000000&#8243; size=\u00bb15&#8243; force_font_size=\u00bbtrue\u00bb size_smallscreen=\u00bb14&#8243; size_tablet=\u00bb14&#8243; size_phone=\u00bb14&#8243; line_height=\u00bb176&#8243; font_style=\u00bbnormal\u00bb txt_transform=\u00bbnone\u00bb margin_bottom=\u00bb-30&#8243; font_family=\u00bbnone\u00bb responsive_align=\u00bbleft\u00bb]<strong>Renfe Descuento 5%<\/strong><\/p>\n<p>Podr\u00e1 solicitar la autorizaci\u00f3n de descuento a la Secretar\u00eda T\u00e9cnica de la Reuni\u00f3n a: <a href=\"mailto:secretariatecnicaaepap@sebgar.com\">secretariatecnicaaepap@sebgar.com<\/a><\/p>\n<p>Este descuento es personal e intransferible para inscritos al congreso y deber\u00e1 acompa\u00f1ar a los billetes en los controles de acceso al tren.<\/p>\n<h4><strong>Condiciones:<\/strong><\/h4>\n<p>Adquiere tus billetes por internet\u00a0<a href=\"http:\/\/www.renfe.com\/\" target=\"_blank\" rel=\"noopener\">www.renfe.com<\/a><\/p>\n<p>(Ver tutorial\u00a0<a href=\"https:\/\/www.renfe.com\/es\/es\/viajar\/prepara-tu-viaje\/descuentos\/congresos-y-eventos\/tutorial.html\" target=\"_blank\" rel=\"noopener\">https:\/\/www.renfe.com\/es\/es\/viajar\/prepara-tu-viaje\/descuentos\/congresos-y-eventos\/tutorial.html<\/a>\u00a0o mediante la presentaci\u00f3n de este documento impreso en cualquier punto de venta Renfe (Estaciones con venta presencial y Agencias de Viaje). Podr\u00e1s obtener billetes en recorridos nacionales de Ida y\/o Regreso con origen y destino a la estaci\u00f3n m\u00e1s cercana a la localidad que acoja el congreso o feria con el 5 % de reducci\u00f3n establecido en cada caso.<\/p>\n<ul>\n<li>No est\u00e1n autorizadas las paradas en ruta, salvo en los casos obligados por cambio de tren.<\/li>\n<li>Todo lo no dispuesto en este documento se regir\u00e1 por las Condiciones Generales de los Contratos de Transporte con Viajeros.<\/li>\n<li><strong>La c\u00e9dula de descuento que le env\u00ede la Secretar\u00eda lo tiene que imprimir y podr\u00e1 ser mostrado tanto en control de acceso como al Interventor\/ Supervisor del tren junto al billete, siendo obligatorio llevarlo durante todo el recorrido.<\/strong><\/li>\n<li>No acumulable a ninguna otra oferta comercial.<\/li>\n<\/ul>\n<h4><strong>Tutorial de compra en Internet de billetes:<\/strong><\/h4>\n<p>Una vez obtenida del organizador la Autorizaci\u00f3n de descuento, podr\u00e1s comprar tus billetes a trav\u00e9s de\u00a0<a href=\"http:\/\/www.renfe.com\/\">www.renfe.com<\/a>\u00a0con el descuento correspondiente siguiendo estos pasos:<\/p>\n<ol>\n<li>Seleccionar el tren que deseen marcando\u00a0<strong>en cualquiera de las opciones disponibles (B\u00e1sico, Elige, Elige Confort y Pr\u00e9miun).<\/strong><\/li>\n<li>En el desplegable de tarifas seleccionar la tarifa de Congresos\/Eventos.<\/li>\n<\/ol>\n<p>Introducir el n\u00famero de autorizaci\u00f3n en la casilla que indica\u00a0<strong>n\u00famero de autorizaci\u00f3n (No v\u00e1lido para casilla c\u00f3digo descuento)<\/strong>[\/mk_fancy_title][\/vc_column_inner][\/vc_row_inner][vc_row_inner is_fullwidth_content=\u00bbfalse\u00bb][vc_column_inner][mk_padding_divider][\/vc_column_inner][\/vc_row_inner][\/vc_column][\/mk_page_section]\n<\/div>","protected":false},"excerpt":{"rendered":"<p>[vc_row fullwidth=\u00bbtrue\u00bb parallax=\u00bbcontent-moving-fade\u00bb parallax_image=\u00bb11314&#8243; parallax_speed_bg=\u00bb1&#8243; css=\u00bb.vc_custom_1721156163180{margin-bottom: -10px !important;border-bottom-width: -10px !important;padding-bottom: -10px !important;background-color: #eb6072 !important;background-position: center;background-repeat: no-repeat !important;background-size: cover !important;}\u00bb][vc_column css=\u00bb.vc_custom_1703196275772{margin-bottom: -5px !important;border-bottom-width: -5px !important;padding-bottom: -5px !important;background-position: center !important;background-repeat: no-repeat !important;background-size: contain !important;}\u00bb][mk_padding_divider size=\u00bb65&#8243; visibility=\u00bbhidden-sm\u00bb][mk_padding_divider visibility=\u00bbvisible-sm\u00bb][mk_fancy_title color=\u00bb#dd3333&#8243; size=\u00bb50&#8243; force_font_size=\u00bbtrue\u00bb size_smallscreen=\u00bb40&#8243; size_tablet=\u00bb40&#8243; size_phone=\u00bb35&#8243; margin_bottom=\u00bb0&#8243; font_family=\u00bbImpact, Charcoal, sans-serif\u00bb font_type=\u00bbsafefont\u00bb align=\u00bbcenter\u00bb]Descuento Renfe[\/mk_fancy_title][mk_padding_divider][vc_row_inner attached=\u00bbtrue\u00bb][vc_column_inner css=\u00bb.vc_custom_1687794206690{margin-top: -60px !important;margin-bottom: -30px !important;border-top-width: -60px [&hellip;]<\/p>\n","protected":false},"author":3297,"featured_media":0,"parent":0,"menu_order":0,"comment_status":"closed","ping_status":"closed","template":"","meta":{"footnotes":""},"class_list":["post-12376","page","type-page","status-publish","hentry"],"publishpress_future_action":{"enabled":false,"date":"2026-05-04 15:16:23","action":"change-status","newStatus":"draft","terms":[],"taxonomy":"","extraData":[]},"publishpress_future_workflow_manual_trigger":{"enabledWorkflows":[]},"_links":{"self":[{"href":"https:\/\/congresoaepap.org\/2026\/wp-json\/wp\/v2\/pages\/12376","targetHints":{"allow":["GET"]}}],"collection":[{"href":"https:\/\/congresoaepap.org\/2026\/wp-json\/wp\/v2\/pages"}],"about":[{"href":"https:\/\/congresoaepap.org\/2026\/wp-json\/wp\/v2\/types\/page"}],"author":[{"embeddable":true,"href":"https:\/\/congresoaepap.org\/2026\/wp-json\/wp\/v2\/users\/3297"}],"replies":[{"embeddable":true,"href":"https:\/\/congresoaepap.org\/2026\/wp-json\/wp\/v2\/comments?post=12376"}],"version-history":[{"count":6,"href":"https:\/\/congresoaepap.org\/2026\/wp-json\/wp\/v2\/pages\/12376\/revisions"}],"predecessor-version":[{"id":12383,"href":"https:\/\/congresoaepap.org\/2026\/wp-json\/wp\/v2\/pages\/12376\/revisions\/12383"}],"wp:attachment":[{"href":"https:\/\/congresoaepap.org\/2026\/wp-json\/wp\/v2\/media?parent=12376"}],"curies":[{"name":"wp","href":"https:\/\/api.w.org\/{rel}","templated":true}]}}