{"id":12321,"date":"2025-09-15T09:48:38","date_gmt":"2025-09-15T08:48:38","guid":{"rendered":"https:\/\/congresoaepap.org\/2026\/?page_id=12321"},"modified":"2026-02-19T09:45:23","modified_gmt":"2026-02-19T08:45:23","slug":"sesiones-de-ponentes-y-moderadores","status":"publish","type":"page","link":"https:\/\/congresoaepap.org\/2026\/sesiones-de-ponentes-y-moderadores\/","title":{"rendered":"Sesiones de Ponentes y Moderadores"},"content":{"rendered":"<div class=\"wpb-content-wrapper\">[vc_row fullwidth=\u00bbtrue\u00bb parallax=\u00bbcontent-moving-fade\u00bb parallax_image=\u00bb11314&#8243; parallax_speed_bg=\u00bb1&#8243; css=\u00bb.vc_custom_1721226318571{margin-bottom: -10px !important;border-bottom-width: -10px !important;padding-bottom: -10px !important;background-color: #dd0044 !important;background-position: center;background-repeat: no-repeat !important;background-size: cover !important;}\u00bb][vc_column css=\u00bb.vc_custom_1703196275772{margin-bottom: -5px !important;border-bottom-width: -5px !important;padding-bottom: -5px !important;background-position: center !important;background-repeat: no-repeat !important;background-size: contain !important;}\u00bb][mk_padding_divider size=\u00bb65&#8243; visibility=\u00bbhidden-sm\u00bb][mk_padding_divider visibility=\u00bbvisible-sm\u00bb][mk_fancy_title color=\u00bb#b9271a\u00bb size=\u00bb50&#8243; force_font_size=\u00bbtrue\u00bb size_smallscreen=\u00bb40&#8243; size_tablet=\u00bb40&#8243; size_phone=\u00bb35&#8243; margin_bottom=\u00bb0&#8243; font_family=\u00bbImpact, Charcoal, sans-serif\u00bb font_type=\u00bbsafefont\u00bb align=\u00bbcenter\u00bb drop_shadow=\u00bbtrue\u00bb shadow_angle=\u00bb27&#8243; shadow_distance=\u00bb4&#8243; shadow_blur=\u00bb0&#8243; shadow_color=\u00bb#ffffff\u00bb]Sesiones de Ponentes y Moderadores[\/mk_fancy_title][mk_padding_divider][vc_row_inner attached=\u00bbtrue\u00bb][vc_column_inner css=\u00bb.vc_custom_1687794206690{margin-top: -60px !important;margin-bottom: -30px !important;border-top-width: -60px !important;border-bottom-width: -30px !important;padding-top: -60px !important;padding-bottom: -30px !important;}\u00bb][vc_raw_html css=\u00bb.vc_custom_1668987405118{margin-top: -30px !important;border-top-width: -30px !important;padding-top: -30px !important;}\u00bb]JTNDZGl2JTNFJTBBJTIwJTIwJTIwJTIwJTIwJTIwJTIwJTIwJTIwJTIwJTIwJTIwJTIwJTIwJTIwJTIwJTNDc3ZnJTIwY2xhc3MlM0QlMjJ3YXZlcyUyMiUyMHhtbG5zJTNEJTIyaHR0cCUzQSUyRiUyRnd3dy53My5vcmclMkYyMDAwJTJGc3ZnJTIyJTIweG1sbnMlM0F4bGluayUzRCUyMmh0dHAlM0ElMkYlMkZ3d3cudzMub3JnJTJGMTk5OSUyRnhsaW5rJTIyJTIwdmlld0JveCUzRCUyMjAlMjAyNCUyMDE1MCUyMDI4JTIyJTIwcHJlc2VydmVBc3BlY3RSYXRpbyUzRCUyMm5vbmUlMjIlMjBzaGFwZS1yZW5kZXJpbmclM0QlMjJhdXRvJTIyJTNFJTBBJTIwJTIwJTIwJTIwJTIwJTIwJTIwJTIwJTIwJTIwJTIwJTIwJTIwJTIwJTIwJTIwJTIwJTIwJTIwJTIwJTNDZGVmcyUzRSUwQSUyMCUyMCUyMCUyMCUyMCUyMCUyMCUyMCUyMCUyMCUyMCUyMCUyMCUyMCUyMCUyMCUyMCUyMCUyMCUyMCUyMCUyMCUyMCUyMCUzQ3BhdGglMjBpZCUzRCUyMmdlbnRsZS13YXZlJTIyJTIwZCUzRCUyMk0tMTYwJTIwNDRjMzAlMjAwJTIwNTgtMTglMjA4OC0xOHMlMjA1OCUyMDE4JTIwODglMjAxOCUyMDU4LTE4JTIwODgtMTglMjA1OCUyMDE4JTIwODglMjAxOCUyMHY0NGgtMzUyeiUyMiUyMCUyRiUzRSUwQSUyMCUyMCUyMCUyMCUyMCUyMCUyMCUyMCUyMCUyMCUyMCUyMCUyMCUyMCUyMCUyMCUyMCUyMCUyMCUyMCUzQyUyRmRlZnMlM0UlMEElMjAlMjAlMjAlMjAlMjAlMjAlMjAlMjAlMjAlMjAlMjAlMjAlMjAlMjAlMjAlMjAlMjAlMjAlMjAlMjAlM0NnJTIwY2xhc3MlM0QlMjJwYXJhbGxheCUyMiUzRSUwQSUyMCUyMCUyMCUyMCUyMCUyMCUyMCUyMCUyMCUyMCUyMCUyMCUyMCUyMCUyMCUyMCUyMCUyMCUyMCUyMCUyMCUyMCUyMCUyMCUzQ3VzZSUyMHhsaW5rJTNBaHJlZiUzRCUyMiUyM2dlbnRsZS13YXZlJTIyJTIweCUzRCUyMjQ4JTIyJTIweSUzRCUyMjAlMjIlMjBmaWxsJTNEJTIycmdiYSUyODI1NSUyQzI1NSUyQzI1NSUyQzAuNyUyMiUyMCUyRiUzRSUwQSUyMCUyMCUyMCUyMCUyMCUyMCUyMCUyMCUyMCUyMCUyMCUyMCUyMCUyMCUyMCUyMCUyMCUyMCUyMCUyMCUyMCUyMCUyMCUyMCUzQ3VzZSUyMHhsaW5rJTNBaHJlZiUzRCUyMiUyM2dlbnRsZS13YXZlJTIyJTIweCUzRCUyMjQ4JTIyJTIweSUzRCUyMjMlMjIlMjBmaWxsJTNEJTIycmdiYSUyODI1NSUyQzI1NSUyQzI1NSUyQzAuNSUyOSUyMiUyMCUyRiUzRSUwQSUyMCUyMCUyMCUyMCUyMCUyMCUyMCUyMCUyMCUyMCUyMCUyMCUyMCUyMCUyMCUyMCUyMCUyMCUyMCUyMCUyMCUyMCUyMCUyMCUzQ3VzZSUyMHhsaW5rJTNBaHJlZiUzRCUyMiUyM2dlbnRsZS13YXZlJTIyJTIweCUzRCUyMjQ4JTIyJTIweSUzRCUyMjUlMjIlMjBmaWxsJTNEJTIycmdiYSUyODI1NSUyQzI1NSUyQzI1NSUyQzAuMyUyOSUyMiUyMCUyRiUzRSUwQSUyMCUyMCUyMCUyMCUyMCUyMCUyMCUyMCUyMCUyMCUyMCUyMCUyMCUyMCUyMCUyMCUyMCUyMCUyMCUyMCUyMCUyMCUyMCUyMCUzQ3VzZSUyMHhsaW5rJTNBaHJlZiUzRCUyMiUyM2dlbnRsZS13YXZlJTIyJTIweCUzRCUyMjQ4JTIyJTIweSUzRCUyMjclMjIlMjBmaWxsJTNEJTIyJTIzZmZmJTIyJTIwJTJGJTNFJTBBJTIwJTIwJTIwJTIwJTIwJTIwJTIwJTIwJTIwJTIwJTIwJTIwJTIwJTIwJTIwJTIwJTIwJTIwJTIwJTIwJTNDJTJGZyUzRSUwQSUyMCUyMCUyMCUyMCUyMCUyMCUyMCUyMCUyMCUyMCUyMCUyMCUyMCUyMCUyMCUyMCUzQyUyRnN2ZyUzRSUwQSUyMCUyMCUyMCUyMCUyMCUyMCUyMCUyMCUyMCUyMCUyMCUyMCUzQyUyRmRpdiUzRSUwQQ==[\/vc_raw_html][\/vc_column_inner][\/vc_row_inner][\/vc_column][\/vc_row][mk_page_section bg_color=\u00bb#ffffff\u00bb attachment=\u00bbfixed\u00bb bg_position=\u00bbcenter top\u00bb bg_repeat=\u00bbno-repeat\u00bb enable_3d=\u00bbtrue\u00bb padding_top=\u00bb50&#8243; padding_bottom=\u00bb30&#8243; top_shape_style=\u00bbcurve-top\u00bb top_shape_bg_color=\u00bbrgba(255,255,255,0)\u00bb sidebar=\u00bbsidebar-1&#8243; first_page=\u00bbfalse\u00bb last_page=\u00bbfalse\u00bb][vc_column css=\u00bb.vc_custom_1668987388736{margin-bottom: -10px !important;border-bottom-width: -10px !important;padding-bottom: -10px !important;}\u00bb][vc_tta_tabs style=\u00bboutline\u00bb color=\u00bbsky\u00bb spacing=\u00bb10&#8243; active_section=\u00bb1&#8243;][vc_tta_section title=\u00bb<b>SEMINARIOS DE 2 HORAS<\/b>\u00bb tab_id=\u00bbseminarios2h\u00bb][mk_table style=\u00bbstyle2&#8243;]\n<table style=\"border-collapse: collapse;\">\n<tbody>\n<tr>\n<td style=\"background-color: #00a988; text-align: left; vertical-align: top;\"><span style=\"color: #ffffff;\">Seminarios de 2 horas<\/span><\/td>\n<td style=\"background-color: #00a988; text-align: left; vertical-align: top;\"><span style=\"color: #ffffff;\">Ponentes \/ Moderadores<\/span><\/td>\n<\/tr>\n<tr>\n<td style=\"text-align: left; vertical-align: top;\"><strong>Riesgos nutricionales y las nuevas tendencias<\/strong><\/td>\n<td style=\"text-align: left; vertical-align: top;\">M.Socorro Hoyos V\u00e1zquez<br \/>\nMarta Castell Mi\u00f1ana<\/td>\n<\/tr>\n<tr>\n<td style=\"text-align: left; vertical-align: top;\"><strong>Interpretaci\u00f3n del hemograma y coagulaci\u00f3n a trav\u00e9s de casos cl\u00ednicos<\/strong><\/td>\n<td style=\"text-align: left; vertical-align: top;\">Pilar Areal Hidalgo<br \/>\nCarolina Blanco Rodriguez (Moderador)<\/td>\n<\/tr>\n<tr>\n<td style=\"text-align: left; vertical-align: top;\"><strong>Lo que siempre quiso saber de Nefrolog\u00eda: claves para atenci\u00f3n primaria<\/strong><\/td>\n<td style=\"text-align: left; vertical-align: top;\">Montserrat Ant\u00f3n Gamero<br \/>\nBeatriz Tesoro Mart\u00ednez (Moderador)<\/td>\n<\/tr>\n<tr>\n<td style=\"text-align: left; vertical-align: top;\"><strong>Aplicaci\u00f3n pr\u00e1ctica de la IA en la consulta de Pediatr\u00eda de Atenci\u00f3n Primaria<\/strong><\/td>\n<td style=\"text-align: left; vertical-align: top;\">Ernesto Barrera Linares<br \/>\nIrene Garc\u00eda de Diego (Moderador)<\/td>\n<\/tr>\n<tr>\n<td style=\"text-align: left; vertical-align: top;\"><strong>Asma en preescolares<\/strong><\/td>\n<td style=\"text-align: left; vertical-align: top;\">Gimena Hern\u00e1ndez Pombo<br \/>\nMar\u00eda Camino Serrano<\/td>\n<\/tr>\n<tr>\n<td style=\"text-align: left; vertical-align: top;\"><strong>Manejo del Ni\u00f1o con soplo: lo que nunca te han contado<\/strong><\/td>\n<td style=\"text-align: left; vertical-align: top;\">Miguel \u00c1ngel Granados<\/td>\n<\/tr>\n<tr>\n<td style=\"text-align: left; vertical-align: top;\"><strong>Actualizaci\u00f3n expr\u00e9s en epilepsia<\/strong><\/td>\n<td style=\"text-align: left; vertical-align: top;\">Ana Camacho Salas<\/td>\n<\/tr>\n<tr>\n<td style=\"text-align: left; vertical-align: top;\"><strong>Urgencias dermatol\u00f3gicas<\/strong><br \/>\n<strong><br \/>\n<\/strong><\/td>\n<td style=\"text-align: left; vertical-align: top;\">Esther Perez<br \/>\nDavid Andina Mart\u00ednez<br \/>\nLaura Fuente Blanco (Moderador)<\/td>\n<\/tr>\n<tr>\n<td style=\"text-align: left; vertical-align: top;\"><strong>No me habla, no lo entiendo \u00bfCu\u00e1ndo preocuparnos?<\/strong><\/td>\n<td style=\"text-align: left; vertical-align: top;\">Francisca A.Fern\u00e1ndez Mart\u00edn<\/td>\n<\/tr>\n<tr>\n<td style=\"text-align: left; vertical-align: top;\"><strong>Urgencias endocrinol\u00f3gicas en pediatr\u00eda: casos cl\u00ednicos<\/strong><\/td>\n<td style=\"text-align: left; vertical-align: top;\">Almudena Navarro Ruiz<br \/>\nRosario Mart\u00ednez Garc\u00eda<br \/>\nAmparo Rodr\u00edguez Lombard\u00eda (Moderador)<\/td>\n<\/tr>\n<tr>\n<td style=\"text-align: left; vertical-align: top;\"><strong>Pruebas de diagn\u00f3stico r\u00e1pido en la consulta<\/strong><\/td>\n<td style=\"text-align: left; vertical-align: top;\">Josep de la Flor i Bru<br \/>\nDolors Canadell Villaret (Moderador)<\/td>\n<\/tr>\n<tr>\n<td style=\"text-align: left; vertical-align: top;\"><strong>ABC de dismorfolog\u00eda y gen\u00e9tica para pediatras<\/strong><\/td>\n<td style=\"text-align: left; vertical-align: top;\">Antonio F. Mart\u00ednez Monseny<\/td>\n<\/tr>\n<tr>\n<td style=\"text-align: left; vertical-align: top;\"><strong>Persuasi\u00f3n en ni\u00f1os conflictivos: comunicaci\u00f3n parad\u00f3jica<\/strong><\/td>\n<td style=\"text-align: left; vertical-align: top;\">Mar\u00eda Luisa Vecina<br \/>\nIrene Tom\u00e9 Masa (Moderador)<\/td>\n<\/tr>\n<tr>\n<td style=\"text-align: left; vertical-align: top;\"><strong>ABC en Urgencias de psiquiatr\u00eda<\/strong><\/td>\n<td style=\"text-align: left; vertical-align: top;\">Andrea Mu\u00f1oz Domenj\u00f3<br \/>\nAndreaNicol\u00e1s Berenguer (Moderador)<\/td>\n<\/tr>\n<tr>\n<td style=\"text-align: left; vertical-align: top;\"><strong>Dermatoscopia:<\/strong>\u00a0<strong>seguimos<\/strong>\u00a0<strong>aprendiendo<\/strong><\/td>\n<td style=\"text-align: left; vertical-align: top;\">Mireia Serrano Manzano<\/td>\n<\/tr>\n<\/tbody>\n<\/table>\n[\/mk_table][\/vc_tta_section][vc_tta_section title=\u00bb<b>TALLERES DE 2 HORAS<\/b>\u00bb tab_id=\u00bbtalleres2h\u00bb][mk_table style=\u00bbstyle2&#8243;]\n<table>\n<tbody>\n<tr>\n<td style=\"text-align: left; vertical-align: top; background-color: #08509b;\"><span style=\"color: #ffffff;\">Talleres de 2 horas<\/span><\/td>\n<td style=\"text-align: left; vertical-align: top; background-color: #08509b;\"><span style=\"color: #ffffff;\">Ponentes \/ Moderadores<\/span><\/td>\n<\/tr>\n<tr>\n<td style=\"text-align: left; vertical-align: top;\"><strong>Acoso y Ciberacoso<\/strong><\/td>\n<td style=\"text-align: left; vertical-align: top;\">Laura Davara Fern\u00e1ndez de Marcos<br \/>\nJuan Antonio Garc\u00eda S\u00e1nchez (Moderador)<\/td>\n<\/tr>\n<tr>\n<td style=\"text-align: left; vertical-align: top;\"><strong>Del diagn\u00f3stico al movimiento: manejo en consulta de los problemas ortop\u00e9dicos m\u00e1s comunes<\/strong><\/td>\n<td style=\"text-align: left; vertical-align: top;\">Elena Mu\u00f1oz de la Torre<br \/>\nNoelia Mart\u00ednez L\u00e1zaro<br \/>\nMar\u00eda Elena Cabezas Tapia (Moderador)<\/td>\n<\/tr>\n<tr>\n<td style=\"text-align: left; vertical-align: top;\"><strong>P\u00edldoras PROA en formato de casos cl\u00ednicos<\/strong><\/td>\n<td style=\"text-align: left; vertical-align: top;\">Pilar Lupiani<br \/>\nCastellanos Mercedes Garrido<br \/>\nCristina Rodriguez Arranz (Moderador)<\/td>\n<\/tr>\n<tr>\n<td style=\"text-align: left; vertical-align: top;\"><strong>Caminando con la radi\u00f3loga. Nuevos casos cl\u00ednicos<\/strong><\/td>\n<td style=\"text-align: left; vertical-align: top;\">Josefina Vicente Rueda<\/td>\n<\/tr>\n<tr>\n<td style=\"text-align: left; vertical-align: top;\"><strong>Sonrisas que crecen. Odontolog\u00eda b\u00e1sica para pediatras<\/strong><\/td>\n<td style=\"text-align: left; vertical-align: top;\">Trinidad Garc\u00eda V\u00e1zquez<br \/>\nCristina Mourelle Cacharr\u00f3n<\/td>\n<\/tr>\n<tr>\n<td style=\"text-align: left; vertical-align: top;\"><strong>Taller de espirometr\u00eda \u00bfSabemos realizar e interpretar una espirometr\u00eda?<\/strong><\/td>\n<td style=\"text-align: left; vertical-align: top;\">Alberto Bercedo Sanz<br \/>\nEnrique Llerena<\/td>\n<\/tr>\n<tr>\n<td style=\"text-align: left; vertical-align: top;\"><strong>B\u00fasquedas bibliogr\u00e1ficas en pediatr\u00eda: la era de la Inteligencia Artificial<\/strong><\/td>\n<td style=\"text-align: left; vertical-align: top;\">Bego\u00f1a P\u00e9rez Moneo<br \/>\nMar\u00eda Aparicio Rodrigo (Moderador)<\/td>\n<\/tr>\n<tr>\n<td style=\"text-align: left; vertical-align: top;\"><strong>Apego seguro y salud infantil:el poder silencioso de los primeros v\u00ednculos. El C\u00edrculo de Seguridad Parental<\/strong><\/td>\n<td style=\"text-align: left; vertical-align: top;\">In\u00e9s Merino Villenueve<br \/>\nMonserrat de la Flor Crespo<br \/>\nM\u00aa Luz Peralta Iba\u00f1ez (Moderador)<\/td>\n<\/tr>\n<tr>\n<td style=\"text-align: left; vertical-align: top;\"><strong>Taller de Exploraci\u00f3n ORL<\/strong><\/td>\n<td style=\"text-align: left; vertical-align: top;\">Francisco Javier Hern\u00e1ndez Calv\u00edn<br \/>\nPaola Ruiz Mart\u00ednez (Moderador)<\/td>\n<\/tr>\n<tr>\n<td style=\"text-align: left; vertical-align: top;\"><strong>Taller pr\u00e1ctico de oftalmolog\u00eda para AP<\/strong><\/td>\n<td style=\"text-align: left; vertical-align: top;\">Jos\u00e9 Manuel D\u00edez del Corral Belda<\/td>\n<\/tr>\n<tr>\n<td style=\"text-align: left; vertical-align: top;\"><strong>Herramientas de terapia breve para una consulta de pediatr\u00eda (2 ediciones)<\/strong><\/td>\n<td style=\"text-align: left; vertical-align: top;\">Pilar G\u00f3mez-Ulla Astray<\/td>\n<\/tr>\n<tr>\n<td style=\"text-align: left; vertical-align: top;\"><strong>Herramientas para entrevistas cl\u00ednicas en contextos dif\u00edciles<\/strong><\/td>\n<td style=\"text-align: left; vertical-align: top;\">Alejandro Villares L\u00f3pez<br \/>\nNatalia \u00d1\u00edguez Ba\u00f1os<\/td>\n<\/tr>\n<\/tbody>\n<\/table>\n[\/mk_table][\/vc_tta_section][vc_tta_section title=\u00bb<b>TALLERES DE 4 HORAS<\/b>\u00bb tab_id=\u00bbtalleres4h\u00bb][mk_table style=\u00bbstyle2&#8243;]\n<table style=\"border-collapse: collapse; width: 765px;\">\n<tbody>\n<tr>\n<td style=\"text-align: left; vertical-align: top; background-color: #b9271a; width: 489px;\"><span style=\"color: #ffffff;\">Talleres de 4 horas<\/span><\/td>\n<td style=\"text-align: left; vertical-align: top; background-color: #b9271a; width: 276px;\"><span style=\"color: #ffffff;\">Ponentes \/ Moderadores<\/span><\/td>\n<\/tr>\n<tr>\n<td style=\"text-align: left; vertical-align: top; width: 489px;\"><strong>Cesta de la compra<\/strong><\/td>\n<td style=\"text-align: left; vertical-align: top; width: 276px;\">JoimaPanisello<\/td>\n<\/tr>\n<tr>\n<td style=\"text-align: left; vertical-align: top; width: 489px;\"><strong>Taller de ecograf\u00eda cl\u00ednica b\u00e1sica de pulm\u00f3n y cervical<\/strong><\/td>\n<td style=\"text-align: left; vertical-align: top; width: 276px;\">Juncal D\u00edaz L\u00e1zaro<br \/>\nAna Isabel Maderuelo S\u00e1nchez<br \/>\nInmaculada V\u00e1zquez Cano<br \/>\nIsmael Jos\u00e9 Dorta Luis<\/td>\n<\/tr>\n<tr>\n<td style=\"text-align: left; vertical-align: top; width: 489px;\"><strong>Taller<\/strong><strong>\u00a0de ecograf\u00eda b\u00e1sica de abdomen, renal y ginecol\u00f3gica<\/strong><\/td>\n<td style=\"text-align: left; vertical-align: top; width: 276px;\">Vasilica Doina Oniceag<br \/>\nLuis Ortiz Gonz\u00e1lez<br \/>\nEcatherine Rodr\u00edguez Urteaga<br \/>\nMar\u00eda S\u00e1nchez Porras<\/td>\n<\/tr>\n<tr>\n<td style=\"text-align: left; vertical-align: top; width: 489px;\"><strong>Emergencias en Atenci\u00f3n Primaria 1\u00aa Ed<\/strong><\/td>\n<td style=\"text-align: left; vertical-align: top; width: 276px;\">Isabel Iglesias Bouzas<br \/>\nAlberto Garc\u00eda Salido<\/td>\n<\/tr>\n<tr>\n<td style=\"text-align: left; vertical-align: top; width: 489px;\"><strong>Emergencias en Atenci\u00f3n Primaria 2\u00aa Ed<\/strong><\/td>\n<td style=\"text-align: left; vertical-align: top; width: 276px;\">Esther P\u00e9rez Suarez<br \/>\nJos\u00e9 Luis de Unzueta Roch<\/td>\n<\/tr>\n<tr>\n<td style=\"text-align: left; vertical-align: top; width: 489px;\"><strong>Taller de Suturas<\/strong><\/td>\n<td style=\"text-align: left; vertical-align: top; width: 276px;\">Alfonso L\u00f3pez Garc\u00eda de Viedma<\/td>\n<\/tr>\n<\/tbody>\n<\/table>\n[\/mk_table][\/vc_tta_section][\/vc_tta_tabs][mk_padding_divider][vc_row_inner is_fullwidth_content=\u00bbfalse\u00bb][vc_column_inner width=\u00bb1\/6&#8243;][\/vc_column_inner][vc_column_inner width=\u00bb2\/3&#8243;][vc_column_text css=\u00bb.vc_custom_1754991416104{margin-bottom: 0px !important;}\u00bb]<img loading=\"lazy\" decoding=\"async\" class=\"aligncenter wp-image-12109 size-large\" src=\"https:\/\/congresoaepap.org\/2026\/wp-content\/uploads\/2025\/08\/22-Congreso-AEPAP-2026-lema-1024x84.jpg\" alt=\"\" width=\"1024\" height=\"84\" srcset=\"https:\/\/congresoaepap.org\/2026\/wp-content\/uploads\/2025\/08\/22-Congreso-AEPAP-2026-lema-1024x84.jpg 1024w, https:\/\/congresoaepap.org\/2026\/wp-content\/uploads\/2025\/08\/22-Congreso-AEPAP-2026-lema-1536x127.jpg 1536w, https:\/\/congresoaepap.org\/2026\/wp-content\/uploads\/2025\/08\/22-Congreso-AEPAP-2026-lema-2048x169.jpg 2048w, https:\/\/congresoaepap.org\/2026\/wp-content\/uploads\/2025\/08\/22-Congreso-AEPAP-2026-lema-300x25.jpg 300w, https:\/\/congresoaepap.org\/2026\/wp-content\/uploads\/2025\/08\/22-Congreso-AEPAP-2026-lema-768x63.jpg 768w\" sizes=\"auto, (max-width: 1024px) 100vw, 1024px\" \/>[\/vc_column_text][mk_padding_divider size=\u00bb10&#8243;][\/vc_column_inner][vc_column_inner width=\u00bb1\/6&#8243;][\/vc_column_inner][\/vc_row_inner][\/vc_column][\/mk_page_section]\n<\/div>","protected":false},"excerpt":{"rendered":"<p>[vc_row fullwidth=\u00bbtrue\u00bb parallax=\u00bbcontent-moving-fade\u00bb parallax_image=\u00bb11314&#8243; parallax_speed_bg=\u00bb1&#8243; css=\u00bb.vc_custom_1721226318571{margin-bottom: -10px !important;border-bottom-width: -10px !important;padding-bottom: -10px !important;background-color: #dd0044 !important;background-position: center;background-repeat: no-repeat !important;background-size: cover !important;}\u00bb][vc_column css=\u00bb.vc_custom_1703196275772{margin-bottom: -5px !important;border-bottom-width: -5px !important;padding-bottom: -5px !important;background-position: center !important;background-repeat: no-repeat !important;background-size: contain !important;}\u00bb][mk_padding_divider size=\u00bb65&#8243; visibility=\u00bbhidden-sm\u00bb][mk_padding_divider visibility=\u00bbvisible-sm\u00bb][mk_fancy_title color=\u00bb#b9271a\u00bb size=\u00bb50&#8243; force_font_size=\u00bbtrue\u00bb size_smallscreen=\u00bb40&#8243; size_tablet=\u00bb40&#8243; size_phone=\u00bb35&#8243; margin_bottom=\u00bb0&#8243; font_family=\u00bbImpact, Charcoal, sans-serif\u00bb font_type=\u00bbsafefont\u00bb align=\u00bbcenter\u00bb drop_shadow=\u00bbtrue\u00bb shadow_angle=\u00bb27&#8243; shadow_distance=\u00bb4&#8243; shadow_blur=\u00bb0&#8243; shadow_color=\u00bb#ffffff\u00bb]Sesiones de Ponentes y [&hellip;]<\/p>\n","protected":false},"author":3297,"featured_media":0,"parent":0,"menu_order":0,"comment_status":"closed","ping_status":"closed","template":"","meta":{"footnotes":""},"class_list":["post-12321","page","type-page","status-publish","hentry"],"publishpress_future_action":{"enabled":false,"date":"2026-04-19 13:44:46","action":"change-status","newStatus":"draft","terms":[],"taxonomy":"","extraData":[]},"publishpress_future_workflow_manual_trigger":{"enabledWorkflows":[]},"_links":{"self":[{"href":"https:\/\/congresoaepap.org\/2026\/wp-json\/wp\/v2\/pages\/12321","targetHints":{"allow":["GET"]}}],"collection":[{"href":"https:\/\/congresoaepap.org\/2026\/wp-json\/wp\/v2\/pages"}],"about":[{"href":"https:\/\/congresoaepap.org\/2026\/wp-json\/wp\/v2\/types\/page"}],"author":[{"embeddable":true,"href":"https:\/\/congresoaepap.org\/2026\/wp-json\/wp\/v2\/users\/3297"}],"replies":[{"embeddable":true,"href":"https:\/\/congresoaepap.org\/2026\/wp-json\/wp\/v2\/comments?post=12321"}],"version-history":[{"count":30,"href":"https:\/\/congresoaepap.org\/2026\/wp-json\/wp\/v2\/pages\/12321\/revisions"}],"predecessor-version":[{"id":12435,"href":"https:\/\/congresoaepap.org\/2026\/wp-json\/wp\/v2\/pages\/12321\/revisions\/12435"}],"wp:attachment":[{"href":"https:\/\/congresoaepap.org\/2026\/wp-json\/wp\/v2\/media?parent=12321"}],"curies":[{"name":"wp","href":"https:\/\/api.w.org\/{rel}","templated":true}]}}