{"id":12309,"date":"2025-09-12T13:45:12","date_gmt":"2025-09-12T12:45:12","guid":{"rendered":"https:\/\/congresoaepap.org\/2026\/?page_id=12309"},"modified":"2026-03-07T09:48:05","modified_gmt":"2026-03-07T08:48:05","slug":"documentos-utiles","status":"publish","type":"page","link":"https:\/\/congresoaepap.org\/2026\/documentos-utiles\/","title":{"rendered":"Documentos \u00fatiles"},"content":{"rendered":"<div class=\"wpb-content-wrapper\">[vc_row fullwidth=\u00bbtrue\u00bb parallax=\u00bbcontent-moving-fade\u00bb parallax_image=\u00bb11314&#8243; parallax_speed_bg=\u00bb1&#8243; css=\u00bb.vc_custom_1721226318571{margin-bottom: -10px !important;border-bottom-width: -10px !important;padding-bottom: -10px !important;background-color: #dd0044 !important;background-position: center;background-repeat: no-repeat !important;background-size: cover !important;}\u00bb][vc_column css=\u00bb.vc_custom_1703196275772{margin-bottom: -5px !important;border-bottom-width: -5px !important;padding-bottom: -5px !important;background-position: center !important;background-repeat: no-repeat !important;background-size: contain !important;}\u00bb][mk_padding_divider size=\u00bb65&#8243; visibility=\u00bbhidden-sm\u00bb][mk_padding_divider visibility=\u00bbvisible-sm\u00bb][mk_fancy_title color=\u00bb#b9271a\u00bb size=\u00bb50&#8243; force_font_size=\u00bbtrue\u00bb size_smallscreen=\u00bb40&#8243; size_tablet=\u00bb40&#8243; size_phone=\u00bb35&#8243; margin_bottom=\u00bb0&#8243; font_family=\u00bbImpact, Charcoal, sans-serif\u00bb font_type=\u00bbsafefont\u00bb align=\u00bbcenter\u00bb drop_shadow=\u00bbtrue\u00bb shadow_blur=\u00bb100&#8243; shadow_color=\u00bb#ffffff\u00bb]Documentos \u00fatiles[\/mk_fancy_title][mk_padding_divider][vc_row_inner attached=\u00bbtrue\u00bb][vc_column_inner css=\u00bb.vc_custom_1687794206690{margin-top: -60px !important;margin-bottom: -30px !important;border-top-width: -60px !important;border-bottom-width: -30px !important;padding-top: -60px !important;padding-bottom: -30px !important;}\u00bb][vc_raw_html css=\u00bb.vc_custom_1668987405118{margin-top: -30px !important;border-top-width: -30px !important;padding-top: -30px !important;}\u00bb]JTNDZGl2JTNFJTBBJTIwJTIwJTIwJTIwJTIwJTIwJTIwJTIwJTIwJTIwJTIwJTIwJTIwJTIwJTIwJTIwJTNDc3ZnJTIwY2xhc3MlM0QlMjJ3YXZlcyUyMiUyMHhtbG5zJTNEJTIyaHR0cCUzQSUyRiUyRnd3dy53My5vcmclMkYyMDAwJTJGc3ZnJTIyJTIweG1sbnMlM0F4bGluayUzRCUyMmh0dHAlM0ElMkYlMkZ3d3cudzMub3JnJTJGMTk5OSUyRnhsaW5rJTIyJTIwdmlld0JveCUzRCUyMjAlMjAyNCUyMDE1MCUyMDI4JTIyJTIwcHJlc2VydmVBc3BlY3RSYXRpbyUzRCUyMm5vbmUlMjIlMjBzaGFwZS1yZW5kZXJpbmclM0QlMjJhdXRvJTIyJTNFJTBBJTIwJTIwJTIwJTIwJTIwJTIwJTIwJTIwJTIwJTIwJTIwJTIwJTIwJTIwJTIwJTIwJTIwJTIwJTIwJTIwJTNDZGVmcyUzRSUwQSUyMCUyMCUyMCUyMCUyMCUyMCUyMCUyMCUyMCUyMCUyMCUyMCUyMCUyMCUyMCUyMCUyMCUyMCUyMCUyMCUyMCUyMCUyMCUyMCUzQ3BhdGglMjBpZCUzRCUyMmdlbnRsZS13YXZlJTIyJTIwZCUzRCUyMk0tMTYwJTIwNDRjMzAlMjAwJTIwNTgtMTglMjA4OC0xOHMlMjA1OCUyMDE4JTIwODglMjAxOCUyMDU4LTE4JTIwODgtMTglMjA1OCUyMDE4JTIwODglMjAxOCUyMHY0NGgtMzUyeiUyMiUyMCUyRiUzRSUwQSUyMCUyMCUyMCUyMCUyMCUyMCUyMCUyMCUyMCUyMCUyMCUyMCUyMCUyMCUyMCUyMCUyMCUyMCUyMCUyMCUzQyUyRmRlZnMlM0UlMEElMjAlMjAlMjAlMjAlMjAlMjAlMjAlMjAlMjAlMjAlMjAlMjAlMjAlMjAlMjAlMjAlMjAlMjAlMjAlMjAlM0NnJTIwY2xhc3MlM0QlMjJwYXJhbGxheCUyMiUzRSUwQSUyMCUyMCUyMCUyMCUyMCUyMCUyMCUyMCUyMCUyMCUyMCUyMCUyMCUyMCUyMCUyMCUyMCUyMCUyMCUyMCUyMCUyMCUyMCUyMCUzQ3VzZSUyMHhsaW5rJTNBaHJlZiUzRCUyMiUyM2dlbnRsZS13YXZlJTIyJTIweCUzRCUyMjQ4JTIyJTIweSUzRCUyMjAlMjIlMjBmaWxsJTNEJTIycmdiYSUyODI1NSUyQzI1NSUyQzI1NSUyQzAuNyUyMiUyMCUyRiUzRSUwQSUyMCUyMCUyMCUyMCUyMCUyMCUyMCUyMCUyMCUyMCUyMCUyMCUyMCUyMCUyMCUyMCUyMCUyMCUyMCUyMCUyMCUyMCUyMCUyMCUzQ3VzZSUyMHhsaW5rJTNBaHJlZiUzRCUyMiUyM2dlbnRsZS13YXZlJTIyJTIweCUzRCUyMjQ4JTIyJTIweSUzRCUyMjMlMjIlMjBmaWxsJTNEJTIycmdiYSUyODI1NSUyQzI1NSUyQzI1NSUyQzAuNSUyOSUyMiUyMCUyRiUzRSUwQSUyMCUyMCUyMCUyMCUyMCUyMCUyMCUyMCUyMCUyMCUyMCUyMCUyMCUyMCUyMCUyMCUyMCUyMCUyMCUyMCUyMCUyMCUyMCUyMCUzQ3VzZSUyMHhsaW5rJTNBaHJlZiUzRCUyMiUyM2dlbnRsZS13YXZlJTIyJTIweCUzRCUyMjQ4JTIyJTIweSUzRCUyMjUlMjIlMjBmaWxsJTNEJTIycmdiYSUyODI1NSUyQzI1NSUyQzI1NSUyQzAuMyUyOSUyMiUyMCUyRiUzRSUwQSUyMCUyMCUyMCUyMCUyMCUyMCUyMCUyMCUyMCUyMCUyMCUyMCUyMCUyMCUyMCUyMCUyMCUyMCUyMCUyMCUyMCUyMCUyMCUyMCUzQ3VzZSUyMHhsaW5rJTNBaHJlZiUzRCUyMiUyM2dlbnRsZS13YXZlJTIyJTIweCUzRCUyMjQ4JTIyJTIweSUzRCUyMjclMjIlMjBmaWxsJTNEJTIyJTIzZmZmJTIyJTIwJTJGJTNFJTBBJTIwJTIwJTIwJTIwJTIwJTIwJTIwJTIwJTIwJTIwJTIwJTIwJTIwJTIwJTIwJTIwJTIwJTIwJTIwJTIwJTNDJTJGZyUzRSUwQSUyMCUyMCUyMCUyMCUyMCUyMCUyMCUyMCUyMCUyMCUyMCUyMCUyMCUyMCUyMCUyMCUzQyUyRnN2ZyUzRSUwQSUyMCUyMCUyMCUyMCUyMCUyMCUyMCUyMCUyMCUyMCUyMCUyMCUzQyUyRmRpdiUzRSUwQQ==[\/vc_raw_html][\/vc_column_inner][\/vc_row_inner][\/vc_column][\/vc_row][mk_page_section vertical_align=\u00bbbottom\u00bb bg_color=\u00bb#ffffff\u00bb attachment=\u00bbfixed\u00bb bg_position=\u00bbcenter top\u00bb bg_repeat=\u00bbno-repeat\u00bb enable_3d=\u00bbtrue\u00bb full_width=\u00bbtrue\u00bb padding_top=\u00bb0&#8243; padding_bottom=\u00bb30&#8243; top_shape_style=\u00bbcurve-top\u00bb top_shape_bg_color=\u00bbrgba(255,255,255,0)\u00bb sidebar=\u00bbsidebar-1&#8243; first_page=\u00bbfalse\u00bb last_page=\u00bbfalse\u00bb][vc_column css=\u00bb.vc_custom_1668987388736{margin-bottom: -10px !important;border-bottom-width: -10px !important;padding-bottom: -10px !important;}\u00bb][mk_padding_divider][vc_row_inner is_fullwidth_content=\u00bbfalse\u00bb][vc_column_inner width=\u00bb1\/6&#8243;][\/vc_column_inner][vc_column_inner width=\u00bb2\/3&#8243; css=\u00bb.vc_custom_1757681457642{border-top-width: 1px !important;border-right-width: 1px !important;border-bottom-width: 1px !important;border-left-width: 1px !important;background-color: #FFFFFF !important;border-left-style: solid !important;border-right-style: solid !important;border-top-style: solid !important;border-bottom-style: solid !important;border-radius: 2px !important;border-color: #DD3333 !important;}\u00bb][vc_column_text css=\u00bb.vc_custom_1757673214462{margin-bottom: 0px !important;}\u00bb]En este secci\u00f3n encontrar\u00e1s documentos \u00fatiles que puedes descargar e imprimir.<\/p>\n<hr \/>\n[\/vc_column_text][vc_column_text margin_bottom=\u00bb0&#8243; css=\u00bb.vc_custom_1772873283448{margin-bottom: 0px !important;}\u00bb]\n<p style=\"text-align: justify;\"><a href=\"https:\/\/congresoaepap.org\/2026\/wp-content\/uploads\/2026\/02\/programa-22-congreso-aepap_2026_.pdf\" target=\"_blank\" rel=\"noopener\"><img loading=\"lazy\" decoding=\"async\" class=\"alignnone wp-image-12310\" src=\"https:\/\/congresoaepap.org\/2026\/wp-content\/uploads\/2025\/09\/pdf-icono-150x150.png\" alt=\"\" width=\"50\" height=\"50\" srcset=\"https:\/\/congresoaepap.org\/2026\/wp-content\/uploads\/2025\/09\/pdf-icono-150x150.png 150w, https:\/\/congresoaepap.org\/2026\/wp-content\/uploads\/2025\/09\/pdf-icono-300x300.png 300w, https:\/\/congresoaepap.org\/2026\/wp-content\/uploads\/2025\/09\/pdf-icono-768x768.png 768w, https:\/\/congresoaepap.org\/2026\/wp-content\/uploads\/2025\/09\/pdf-icono-1024x1024.png 1024w, https:\/\/congresoaepap.org\/2026\/wp-content\/uploads\/2025\/09\/pdf-icono-60x60.png 60w, https:\/\/congresoaepap.org\/2026\/wp-content\/uploads\/2025\/09\/pdf-icono.png 1200w\" sizes=\"auto, (max-width: 50px) 100vw, 50px\" \/> Programa Final del Congreso<\/a><\/p>\n[\/vc_column_text][vc_column_text css=\u00bb.vc_custom_1757681343212{margin-bottom: 0px !important;}\u00bb]<a href=\"https:\/\/congresoaepap.org\/2026\/wp-content\/uploads\/2025\/09\/aepap2026-agenda.pdf\" target=\"_blank\" rel=\"noopener\"><img loading=\"lazy\" decoding=\"async\" class=\"alignnone wp-image-12310\" src=\"https:\/\/congresoaepap.org\/2026\/wp-content\/uploads\/2025\/09\/pdf-icono-150x150.png\" alt=\"\" width=\"50\" height=\"50\" srcset=\"https:\/\/congresoaepap.org\/2026\/wp-content\/uploads\/2025\/09\/pdf-icono-150x150.png 150w, https:\/\/congresoaepap.org\/2026\/wp-content\/uploads\/2025\/09\/pdf-icono-300x300.png 300w, https:\/\/congresoaepap.org\/2026\/wp-content\/uploads\/2025\/09\/pdf-icono-768x768.png 768w, https:\/\/congresoaepap.org\/2026\/wp-content\/uploads\/2025\/09\/pdf-icono-1024x1024.png 1024w, https:\/\/congresoaepap.org\/2026\/wp-content\/uploads\/2025\/09\/pdf-icono-60x60.png 60w, https:\/\/congresoaepap.org\/2026\/wp-content\/uploads\/2025\/09\/pdf-icono.png 1200w\" sizes=\"auto, (max-width: 50px) 100vw, 50px\" \/> Agenda del Congreso<\/a>[\/vc_column_text][vc_column_text css=\u00bb.vc_custom_1757681542250{margin-bottom: 0px !important;}\u00bb]<a href=\"https:\/\/congresoaepap.org\/2026\/wp-content\/uploads\/2025\/09\/aepap2026-mesas-redondas-y-conferencias.pdf\" target=\"_blank\" rel=\"noopener\"><img loading=\"lazy\" decoding=\"async\" class=\"alignnone wp-image-12310\" src=\"https:\/\/congresoaepap.org\/2026\/wp-content\/uploads\/2025\/09\/pdf-icono-150x150.png\" alt=\"\" width=\"50\" height=\"50\" srcset=\"https:\/\/congresoaepap.org\/2026\/wp-content\/uploads\/2025\/09\/pdf-icono-150x150.png 150w, https:\/\/congresoaepap.org\/2026\/wp-content\/uploads\/2025\/09\/pdf-icono-300x300.png 300w, https:\/\/congresoaepap.org\/2026\/wp-content\/uploads\/2025\/09\/pdf-icono-768x768.png 768w, https:\/\/congresoaepap.org\/2026\/wp-content\/uploads\/2025\/09\/pdf-icono-1024x1024.png 1024w, https:\/\/congresoaepap.org\/2026\/wp-content\/uploads\/2025\/09\/pdf-icono-60x60.png 60w, https:\/\/congresoaepap.org\/2026\/wp-content\/uploads\/2025\/09\/pdf-icono.png 1200w\" sizes=\"auto, (max-width: 50px) 100vw, 50px\" \/> Programa de Mesas Redondas y Conferencias<\/a>[\/vc_column_text][vc_column_text css=\u00bb.vc_custom_1757681579084{margin-bottom: 0px !important;}\u00bb]<a href=\"https:\/\/congresoaepap.org\/2026\/wp-content\/uploads\/2025\/09\/aepap2026-ponentes-y-moderadores-con-actividades.pdf\" target=\"_blank\" rel=\"noopener\"><img loading=\"lazy\" decoding=\"async\" class=\"alignnone wp-image-12310\" src=\"https:\/\/congresoaepap.org\/2026\/wp-content\/uploads\/2025\/09\/pdf-icono-150x150.png\" alt=\"\" width=\"50\" height=\"50\" srcset=\"https:\/\/congresoaepap.org\/2026\/wp-content\/uploads\/2025\/09\/pdf-icono-150x150.png 150w, https:\/\/congresoaepap.org\/2026\/wp-content\/uploads\/2025\/09\/pdf-icono-300x300.png 300w, https:\/\/congresoaepap.org\/2026\/wp-content\/uploads\/2025\/09\/pdf-icono-768x768.png 768w, https:\/\/congresoaepap.org\/2026\/wp-content\/uploads\/2025\/09\/pdf-icono-1024x1024.png 1024w, https:\/\/congresoaepap.org\/2026\/wp-content\/uploads\/2025\/09\/pdf-icono-60x60.png 60w, https:\/\/congresoaepap.org\/2026\/wp-content\/uploads\/2025\/09\/pdf-icono.png 1200w\" sizes=\"auto, (max-width: 50px) 100vw, 50px\" \/> Ponentes y Moderadores por actividades<\/a>[\/vc_column_text][vc_column_text css=\u00bb.vc_custom_1757681619574{margin-bottom: 0px !important;}\u00bb]<a href=\"https:\/\/congresoaepap.org\/2026\/wp-content\/uploads\/2025\/09\/aepap-2026-congreso-virtual.pdf\" target=\"_blank\" rel=\"noopener\"><img loading=\"lazy\" decoding=\"async\" class=\"alignnone wp-image-12310\" src=\"https:\/\/congresoaepap.org\/2026\/wp-content\/uploads\/2025\/09\/pdf-icono-150x150.png\" alt=\"\" width=\"50\" height=\"50\" srcset=\"https:\/\/congresoaepap.org\/2026\/wp-content\/uploads\/2025\/09\/pdf-icono-150x150.png 150w, https:\/\/congresoaepap.org\/2026\/wp-content\/uploads\/2025\/09\/pdf-icono-300x300.png 300w, https:\/\/congresoaepap.org\/2026\/wp-content\/uploads\/2025\/09\/pdf-icono-768x768.png 768w, https:\/\/congresoaepap.org\/2026\/wp-content\/uploads\/2025\/09\/pdf-icono-1024x1024.png 1024w, https:\/\/congresoaepap.org\/2026\/wp-content\/uploads\/2025\/09\/pdf-icono-60x60.png 60w, https:\/\/congresoaepap.org\/2026\/wp-content\/uploads\/2025\/09\/pdf-icono.png 1200w\" sizes=\"auto, (max-width: 50px) 100vw, 50px\" \/> Programa Congreso Virtual<\/a>[\/vc_column_text][\/vc_column_inner][vc_column_inner width=\u00bb1\/6&#8243;][\/vc_column_inner][\/vc_row_inner][vc_row_inner attached=\u00bbtrue\u00bb is_fullwidth_content=\u00bbfalse\u00bb column_padding=\u00bb3&#8243;][vc_column_inner][mk_padding_divider][\/vc_column_inner][\/vc_row_inner][vc_row_inner is_fullwidth_content=\u00bbfalse\u00bb][vc_column_inner width=\u00bb1\/6&#8243;][\/vc_column_inner][vc_column_inner width=\u00bb2\/3&#8243;][vc_column_text css=\u00bb.vc_custom_1754991416104{margin-bottom: 0px !important;}\u00bb]<img loading=\"lazy\" decoding=\"async\" class=\"aligncenter wp-image-12109 size-large\" src=\"https:\/\/congresoaepap.org\/2026\/wp-content\/uploads\/2025\/08\/22-Congreso-AEPAP-2026-lema-1024x84.jpg\" alt=\"\" width=\"1024\" height=\"84\" srcset=\"https:\/\/congresoaepap.org\/2026\/wp-content\/uploads\/2025\/08\/22-Congreso-AEPAP-2026-lema-1024x84.jpg 1024w, https:\/\/congresoaepap.org\/2026\/wp-content\/uploads\/2025\/08\/22-Congreso-AEPAP-2026-lema-1536x127.jpg 1536w, https:\/\/congresoaepap.org\/2026\/wp-content\/uploads\/2025\/08\/22-Congreso-AEPAP-2026-lema-2048x169.jpg 2048w, https:\/\/congresoaepap.org\/2026\/wp-content\/uploads\/2025\/08\/22-Congreso-AEPAP-2026-lema-300x25.jpg 300w, https:\/\/congresoaepap.org\/2026\/wp-content\/uploads\/2025\/08\/22-Congreso-AEPAP-2026-lema-768x63.jpg 768w\" sizes=\"auto, (max-width: 1024px) 100vw, 1024px\" \/>[\/vc_column_text][mk_padding_divider size=\u00bb10&#8243;][\/vc_column_inner][vc_column_inner width=\u00bb1\/6&#8243;][\/vc_column_inner][\/vc_row_inner][\/vc_column][\/mk_page_section]\n<\/div>","protected":false},"excerpt":{"rendered":"<p>[vc_row fullwidth=\u00bbtrue\u00bb parallax=\u00bbcontent-moving-fade\u00bb parallax_image=\u00bb11314&#8243; parallax_speed_bg=\u00bb1&#8243; css=\u00bb.vc_custom_1721226318571{margin-bottom: -10px !important;border-bottom-width: -10px !important;padding-bottom: -10px !important;background-color: #dd0044 !important;background-position: center;background-repeat: no-repeat !important;background-size: cover !important;}\u00bb][vc_column css=\u00bb.vc_custom_1703196275772{margin-bottom: -5px !important;border-bottom-width: -5px !important;padding-bottom: -5px !important;background-position: center !important;background-repeat: no-repeat !important;background-size: contain !important;}\u00bb][mk_padding_divider size=\u00bb65&#8243; visibility=\u00bbhidden-sm\u00bb][mk_padding_divider visibility=\u00bbvisible-sm\u00bb][mk_fancy_title color=\u00bb#b9271a\u00bb size=\u00bb50&#8243; force_font_size=\u00bbtrue\u00bb size_smallscreen=\u00bb40&#8243; size_tablet=\u00bb40&#8243; size_phone=\u00bb35&#8243; margin_bottom=\u00bb0&#8243; font_family=\u00bbImpact, Charcoal, sans-serif\u00bb font_type=\u00bbsafefont\u00bb align=\u00bbcenter\u00bb drop_shadow=\u00bbtrue\u00bb shadow_blur=\u00bb100&#8243; shadow_color=\u00bb#ffffff\u00bb]Documentos \u00fatiles[\/mk_fancy_title][mk_padding_divider][vc_row_inner attached=\u00bbtrue\u00bb][vc_column_inner css=\u00bb.vc_custom_1687794206690{margin-top: -60px !important;margin-bottom: [&hellip;]<\/p>\n","protected":false},"author":3297,"featured_media":0,"parent":0,"menu_order":0,"comment_status":"closed","ping_status":"closed","template":"","meta":{"footnotes":""},"class_list":["post-12309","page","type-page","status-publish","hentry"],"publishpress_future_action":{"enabled":false,"date":"2026-04-19 13:48:45","action":"change-status","newStatus":"draft","terms":[],"taxonomy":"","extraData":[]},"publishpress_future_workflow_manual_trigger":{"enabledWorkflows":[]},"_links":{"self":[{"href":"https:\/\/congresoaepap.org\/2026\/wp-json\/wp\/v2\/pages\/12309","targetHints":{"allow":["GET"]}}],"collection":[{"href":"https:\/\/congresoaepap.org\/2026\/wp-json\/wp\/v2\/pages"}],"about":[{"href":"https:\/\/congresoaepap.org\/2026\/wp-json\/wp\/v2\/types\/page"}],"author":[{"embeddable":true,"href":"https:\/\/congresoaepap.org\/2026\/wp-json\/wp\/v2\/users\/3297"}],"replies":[{"embeddable":true,"href":"https:\/\/congresoaepap.org\/2026\/wp-json\/wp\/v2\/comments?post=12309"}],"version-history":[{"count":4,"href":"https:\/\/congresoaepap.org\/2026\/wp-json\/wp\/v2\/pages\/12309\/revisions"}],"predecessor-version":[{"id":12459,"href":"https:\/\/congresoaepap.org\/2026\/wp-json\/wp\/v2\/pages\/12309\/revisions\/12459"}],"wp:attachment":[{"href":"https:\/\/congresoaepap.org\/2026\/wp-json\/wp\/v2\/media?parent=12309"}],"curies":[{"name":"wp","href":"https:\/\/api.w.org\/{rel}","templated":true}]}}