{"id":11386,"date":"2025-08-24T17:17:24","date_gmt":"2025-08-24T16:17:24","guid":{"rendered":"https:\/\/congresoaepap.org\/2026\/?page_id=11386"},"modified":"2026-03-07T09:42:47","modified_gmt":"2026-03-07T08:42:47","slug":"mesas-redondas-conferencias","status":"publish","type":"page","link":"https:\/\/congresoaepap.org\/2026\/mesas-redondas-conferencias\/","title":{"rendered":"Mesas redondas\/conferencias"},"content":{"rendered":"<div class=\"wpb-content-wrapper\">[vc_row fullwidth=\u00bbtrue\u00bb parallax=\u00bbcontent-moving-fade\u00bb parallax_speed_bg=\u00bb1&#8243; css=\u00bb.vc_custom_1755009235217{margin-bottom: -10px !important;border-bottom-width: -10px !important;padding-bottom: -10px !important;background: #dd0044 url(https:\/\/congresoaepap.org\/2026\/wp-content\/uploads\/2024\/07\/21-congreso-aepap-2025-franja-horizontal-copia.png?id=11314);background-position: center;background-repeat: no-repeat !important;background-size: cover !important;}\u00bb][vc_column css=\u00bb.vc_custom_1703196275772{margin-bottom: -5px !important;border-bottom-width: -5px !important;padding-bottom: -5px !important;background-position: center !important;background-repeat: no-repeat !important;background-size: contain !important;}\u00bb][mk_padding_divider size=\u00bb65&#8243; visibility=\u00bbhidden-sm\u00bb][mk_padding_divider visibility=\u00bbvisible-sm\u00bb][mk_fancy_title color=\u00bb#b9271a\u00bb size=\u00bb40&#8243; force_font_size=\u00bbtrue\u00bb size_smallscreen=\u00bb35&#8243; size_tablet=\u00bb25&#8243; size_phone=\u00bb25&#8243; margin_bottom=\u00bb0&#8243; font_family=\u00bbImpact, Charcoal, sans-serif\u00bb font_type=\u00bbsafefont\u00bb align=\u00bbcenter\u00bb]<span style=\"background-color: #ffffff;\">\u00a0\u00a0Mesas Redondas\/Conferencias\u00a0\u00a0<\/span>[\/mk_fancy_title][mk_padding_divider][vc_row_inner attached=\u00bbtrue\u00bb][vc_column_inner css=\u00bb.vc_custom_1687794206690{margin-top: -60px !important;margin-bottom: -30px !important;border-top-width: -60px !important;border-bottom-width: -30px !important;padding-top: -60px !important;padding-bottom: -30px !important;}\u00bb][vc_raw_html css=\u00bb.vc_custom_1668987405118{margin-top: -30px !important;border-top-width: -30px !important;padding-top: -30px !important;}\u00bb]JTNDZGl2JTNFJTBBJTIwJTIwJTIwJTIwJTIwJTIwJTIwJTIwJTIwJTIwJTIwJTIwJTIwJTIwJTIwJTIwJTNDc3ZnJTIwY2xhc3MlM0QlMjJ3YXZlcyUyMiUyMHhtbG5zJTNEJTIyaHR0cCUzQSUyRiUyRnd3dy53My5vcmclMkYyMDAwJTJGc3ZnJTIyJTIweG1sbnMlM0F4bGluayUzRCUyMmh0dHAlM0ElMkYlMkZ3d3cudzMub3JnJTJGMTk5OSUyRnhsaW5rJTIyJTIwdmlld0JveCUzRCUyMjAlMjAyNCUyMDE1MCUyMDI4JTIyJTIwcHJlc2VydmVBc3BlY3RSYXRpbyUzRCUyMm5vbmUlMjIlMjBzaGFwZS1yZW5kZXJpbmclM0QlMjJhdXRvJTIyJTNFJTBBJTIwJTIwJTIwJTIwJTIwJTIwJTIwJTIwJTIwJTIwJTIwJTIwJTIwJTIwJTIwJTIwJTIwJTIwJTIwJTIwJTNDZGVmcyUzRSUwQSUyMCUyMCUyMCUyMCUyMCUyMCUyMCUyMCUyMCUyMCUyMCUyMCUyMCUyMCUyMCUyMCUyMCUyMCUyMCUyMCUyMCUyMCUyMCUyMCUzQ3BhdGglMjBpZCUzRCUyMmdlbnRsZS13YXZlJTIyJTIwZCUzRCUyMk0tMTYwJTIwNDRjMzAlMjAwJTIwNTgtMTglMjA4OC0xOHMlMjA1OCUyMDE4JTIwODglMjAxOCUyMDU4LTE4JTIwODgtMTglMjA1OCUyMDE4JTIwODglMjAxOCUyMHY0NGgtMzUyeiUyMiUyMCUyRiUzRSUwQSUyMCUyMCUyMCUyMCUyMCUyMCUyMCUyMCUyMCUyMCUyMCUyMCUyMCUyMCUyMCUyMCUyMCUyMCUyMCUyMCUzQyUyRmRlZnMlM0UlMEElMjAlMjAlMjAlMjAlMjAlMjAlMjAlMjAlMjAlMjAlMjAlMjAlMjAlMjAlMjAlMjAlMjAlMjAlMjAlMjAlM0NnJTIwY2xhc3MlM0QlMjJwYXJhbGxheCUyMiUzRSUwQSUyMCUyMCUyMCUyMCUyMCUyMCUyMCUyMCUyMCUyMCUyMCUyMCUyMCUyMCUyMCUyMCUyMCUyMCUyMCUyMCUyMCUyMCUyMCUyMCUzQ3VzZSUyMHhsaW5rJTNBaHJlZiUzRCUyMiUyM2dlbnRsZS13YXZlJTIyJTIweCUzRCUyMjQ4JTIyJTIweSUzRCUyMjAlMjIlMjBmaWxsJTNEJTIycmdiYSUyODI1NSUyQzI1NSUyQzI1NSUyQzAuNyUyMiUyMCUyRiUzRSUwQSUyMCUyMCUyMCUyMCUyMCUyMCUyMCUyMCUyMCUyMCUyMCUyMCUyMCUyMCUyMCUyMCUyMCUyMCUyMCUyMCUyMCUyMCUyMCUyMCUzQ3VzZSUyMHhsaW5rJTNBaHJlZiUzRCUyMiUyM2dlbnRsZS13YXZlJTIyJTIweCUzRCUyMjQ4JTIyJTIweSUzRCUyMjMlMjIlMjBmaWxsJTNEJTIycmdiYSUyODI1NSUyQzI1NSUyQzI1NSUyQzAuNSUyOSUyMiUyMCUyRiUzRSUwQSUyMCUyMCUyMCUyMCUyMCUyMCUyMCUyMCUyMCUyMCUyMCUyMCUyMCUyMCUyMCUyMCUyMCUyMCUyMCUyMCUyMCUyMCUyMCUyMCUzQ3VzZSUyMHhsaW5rJTNBaHJlZiUzRCUyMiUyM2dlbnRsZS13YXZlJTIyJTIweCUzRCUyMjQ4JTIyJTIweSUzRCUyMjUlMjIlMjBmaWxsJTNEJTIycmdiYSUyODI1NSUyQzI1NSUyQzI1NSUyQzAuMyUyOSUyMiUyMCUyRiUzRSUwQSUyMCUyMCUyMCUyMCUyMCUyMCUyMCUyMCUyMCUyMCUyMCUyMCUyMCUyMCUyMCUyMCUyMCUyMCUyMCUyMCUyMCUyMCUyMCUyMCUzQ3VzZSUyMHhsaW5rJTNBaHJlZiUzRCUyMiUyM2dlbnRsZS13YXZlJTIyJTIweCUzRCUyMjQ4JTIyJTIweSUzRCUyMjclMjIlMjBmaWxsJTNEJTIyJTIzZmZmJTIyJTIwJTJGJTNFJTBBJTIwJTIwJTIwJTIwJTIwJTIwJTIwJTIwJTIwJTIwJTIwJTIwJTIwJTIwJTIwJTIwJTIwJTIwJTIwJTIwJTNDJTJGZyUzRSUwQSUyMCUyMCUyMCUyMCUyMCUyMCUyMCUyMCUyMCUyMCUyMCUyMCUyMCUyMCUyMCUyMCUzQyUyRnN2ZyUzRSUwQSUyMCUyMCUyMCUyMCUyMCUyMCUyMCUyMCUyMCUyMCUyMCUyMCUzQyUyRmRpdiUzRSUwQQ==[\/vc_raw_html][\/vc_column_inner][\/vc_row_inner][\/vc_column][\/vc_row][mk_page_section bg_color=\u00bb#ffffff\u00bb attachment=\u00bbfixed\u00bb bg_position=\u00bbcenter top\u00bb bg_repeat=\u00bbno-repeat\u00bb enable_3d=\u00bbtrue\u00bb padding_top=\u00bb50&#8243; padding_bottom=\u00bb30&#8243; top_shape_style=\u00bbcurve-top\u00bb top_shape_bg_color=\u00bbrgba(255,255,255,0)\u00bb sidebar=\u00bbsidebar-1&#8243; first_page=\u00bbfalse\u00bb last_page=\u00bbfalse\u00bb][vc_column css=\u00bb.vc_custom_1668987388736{margin-bottom: -10px !important;border-bottom-width: -10px !important;padding-bottom: -10px !important;}\u00bb][mk_padding_divider size=\u00bb30&#8243;][vc_btn title=\u00bbDESCARGA EL PROGRAMA DEL CONGRESO\u00bb style=\u00bbflat\u00bb color=\u00bbdanger\u00bb size=\u00bblg\u00bb i_icon_fontawesome=\u00bbfa fa-solid fa-file-pdf\u00bb css=\u00bb\u00bb add_icon=\u00bbtrue\u00bb link=\u00bburl:https%3A%2F%2Fcongresoaepap.org%2F2026%2Fwp-content%2Fuploads%2F2026%2F02%2Fprograma-22-congreso-aepap_2026_.pdf|target:_blank\u00bb][mk_padding_divider size=\u00bb30&#8243;][vc_tta_tabs style=\u00bboutline\u00bb color=\u00bbsky\u00bb spacing=\u00bb10&#8243; active_section=\u00bb1&#8243;][vc_tta_section title=\u00bb<b>JUEVES 5 de Marzo<\/b>\u00bb tab_id=\u00bbjueves20&#8243;][mk_fancy_title tag_name=\u00bbspan\u00bb size=\u00bb20&#8243; line_height=\u00bb50&#8243; margin_bottom=\u00bb0&#8243; font_family=\u00bbnone\u00bb]16:15 \u2013 17:45 h.[\/mk_fancy_title][vc_column_text css=\u00bb.vc_custom_1755762612943{margin-bottom: 0px !important;}\u00bb]SALA CONVENCI\u00d3N[\/vc_column_text][mk_table style=\u00bbstyle2&#8243;]\n<div align=\"center\">\n<table style=\"border-style: solid; border-color: #e3e3e3; background-color: #ffffff;\" border=\"1\" cellpadding=\"1\">\n<tbody>\n<tr>\n<td style=\"border-color: #e8e8e8; border-style: solid; background-color: #b9271a;\" colspan=\"2\"><span style=\"color: #ffffff;\"><b>MESA REDONDA 1<\/b><\/span><\/td>\n<\/tr>\n<tr>\n<td style=\"border-color: #e8e8e8; border-style: solid; background-color: #fbe6e3;\" colspan=\"2\"><strong><span style=\"color: #b9271a; font-size: 13pt;\">ENTORNO LEGAL EN LA CONSULTA DE PEDIATRIA DE ATENCI\u00d3N PRIMARIA: ABORDAJE DE SITUACIONES COMPLEJAS<\/span><\/strong><\/td>\n<\/tr>\n<tr>\n<td style=\"border-color: #e8e8e8; border-style: solid; background-color: #f2f2f2;\"><strong>Ponentes<\/strong><\/td>\n<td style=\"border-color: #e8e8e8; border-style: solid; background-color: #f2f2f2;\"><strong>Moderadora<\/strong><\/td>\n<\/tr>\n<tr>\n<td style=\"border-color: #e8e8e8; border-style: solid; background-color: #fbe6e3;\">Gemma Mart\u00edn Peinador<span style=\"color: #007898;\"><br \/>\n<\/span><\/td>\n<td style=\"border-color: #e8e8e8; border-style: solid; vertical-align: middle; background-color: #fbe6e3;\" rowspan=\"2\">Yolanda Mart\u00edn Peinador<\/td>\n<\/tr>\n<tr>\n<td style=\"border-color: #e8e8e8; border-style: solid; background-color: #fbe6e3;\">Maria \u00c1ngeles Carrasco Azcona<span style=\"color: #007898;\"><br \/>\n<\/span><\/td>\n<\/tr>\n<\/tbody>\n<\/table>\n<\/div>\n[\/mk_table][mk_fancy_title tag_name=\u00bbspan\u00bb size=\u00bb20&#8243; line_height=\u00bb50&#8243; margin_bottom=\u00bb0&#8243; font_family=\u00bbnone\u00bb]18:15 \u2013 19:45 h.[\/mk_fancy_title][vc_column_text css=\u00bb.vc_custom_1755762622270{margin-bottom: 0px !important;}\u00bb]SALA CONVENCI\u00d3N[\/vc_column_text][mk_table style=\u00bbstyle2&#8243;]\n<div align=\"center\">\n<table style=\"border-style: solid; border-color: #e3e3e3; background-color: #ffffff;\" border=\"1\" cellpadding=\"1\">\n<tbody>\n<tr>\n<td style=\"border-color: #e8e8e8; border-style: solid; background-color: #2a67a5;\" colspan=\"2\"><span style=\"color: #ffffff;\"><b>MESA REDONDA 2<\/b><\/span><\/td>\n<\/tr>\n<tr>\n<td style=\"border-color: #e8e8e8; border-style: solid; background-color: #eafaff;\" colspan=\"2\"><span style=\"font-size: 13pt;\"><strong><span style=\"color: #007898;\">OBESIDAD INFANTIL: NUEVAS CLAVES PARA UN DESAF\u00cdO DE SIEMPRE\u00a0<\/span><\/strong><\/span><\/td>\n<\/tr>\n<tr>\n<td style=\"border-color: #e8e8e8; border-style: solid; background-color: #f2f2f2;\"><strong>Ponentes<\/strong><\/td>\n<td style=\"border-color: #e8e8e8; border-style: solid; background-color: #f2f2f2;\"><strong>Moderador<\/strong><\/td>\n<\/tr>\n<tr>\n<td style=\"border-color: #e8e8e8; border-style: solid; background-color: #eafaff;\">Hern\u00e1n Cancio L\u00f3pez<span style=\"color: #007898;\"><br \/>\n<\/span><\/td>\n<td style=\"border-color: #e8e8e8; border-style: solid; vertical-align: middle; background-color: #eafaff;\" rowspan=\"3\">Marta Castell Mi\u00f1ana<\/td>\n<\/tr>\n<tr>\n<td style=\"border-color: #e8e8e8; border-style: solid; background-color: #eafaff;\">Raquel Blasco Redondo<span style=\"color: #007898;\"><br \/>\n<\/span><\/td>\n<\/tr>\n<tr>\n<td style=\"border-color: #e8e8e8; border-style: solid; background-color: #eafaff;\">Rosaura Leis Trabazo<\/td>\n<\/tr>\n<\/tbody>\n<\/table>\n<\/div>\n[\/mk_table][\/vc_tta_section][vc_tta_section title=\u00bb<b>S\u00c1BADO, 7 de Marzo<\/b>\u00bb tab_id=\u00bbsabado22&#8243;][mk_fancy_title tag_name=\u00bbh1&#8243; size=\u00bb20&#8243; line_height=\u00bb50&#8243; margin_bottom=\u00bb0&#8243; font_family=\u00bbnone\u00bb]9:00 \u2013 10:30 h.[\/mk_fancy_title][vc_column_text css=\u00bb.vc_custom_1755762603327{margin-bottom: 0px !important;}\u00bb]SALA CONVENCI\u00d3N[\/vc_column_text][mk_table style=\u00bbstyle2&#8243;]\n<div align=\"center\">\n<table style=\"border-style: solid; border-color: #e3e3e3; background-color: #ffffff;\" border=\"1\" cellpadding=\"1\">\n<tbody>\n<tr>\n<td style=\"border-color: #e8e8e8; border-style: solid; background-color: #00aa88;\" colspan=\"2\"><span style=\"color: #ffffff;\"><b>FLASHES PEDI\u00c1TRICOS<\/b><\/span><\/td>\n<\/tr>\n<tr>\n<td style=\"border-color: #e8e8e8; border-style: solid; background-color: #f2f2f2;\"><strong>Temas y Ponentes<\/strong><\/td>\n<td style=\"border-color: #e8e8e8; border-style: solid; background-color: #f2f2f2;\"><strong>Moderador<\/strong><\/td>\n<\/tr>\n<tr>\n<td style=\"border-color: #e8e8e8; border-style: solid; background-color: #dffff9;\"><strong><span style=\"color: #05a312;\">FOTOPROTECCI\u00d3N<\/span><\/strong><br \/>\nJos\u00e9 Aguilera Arjona<span style=\"color: #007898;\"><br \/>\n<\/span><\/td>\n<td style=\"border-color: #e8e8e8; border-style: solid; vertical-align: middle; background-color: #dffff9;\" rowspan=\"3\">Miguel \u00c1ngel Fern\u00e1ndez-Cuesta<\/td>\n<\/tr>\n<tr>\n<td style=\"border-color: #e8e8e8; border-style: solid; background-color: #dffff9;\"><strong><span style=\"color: #05a312;\">FIEBRE SIN FOCO: CUANDO BUSCAR, CUANDO ESPERAR<\/span><\/strong><br \/>\nBeatriz Morillo Gutierrez <span style=\"color: #007898;\"><br \/>\n<\/span><\/td>\n<\/tr>\n<tr>\n<td style=\"border-color: #e8e8e8; border-style: solid; background-color: #dffff9;\"><strong><span style=\"color: #05a312;\">TERAPIAS NO QUIR\u00daRGICAS DE LOS DEFECTOS DE REFRACCI\u00d3N<br \/>\n<\/span><\/strong>Jose Manuel Diez del Corral Belda <span style=\"color: #007898;\"><br \/>\n<\/span><\/td>\n<\/tr>\n<\/tbody>\n<\/table>\n<\/div>\n[\/mk_table][mk_padding_divider size=\u00bb30&#8243;][mk_fancy_title tag_name=\u00bbspan\u00bb size=\u00bb20&#8243; line_height=\u00bb50&#8243; margin_bottom=\u00bb0&#8243; font_family=\u00bbnone\u00bb]10:30 \u2013 11:30 h.[\/mk_fancy_title][vc_column_text css=\u00bb.vc_custom_1755762592532{margin-bottom: 0px !important;}\u00bb]SALA CONVENCI\u00d3N[\/vc_column_text][mk_table style=\u00bbstyle2&#8243;]\n<div align=\"center\">\n<table style=\"width: 100%; border-style: solid; border-color: #e3e3e3; background-color: #ffffff;\" border=\"1\" cellpadding=\"1\">\n<tbody>\n<tr>\n<td style=\"border-color: #e8e8e8; border-style: solid; background-color: #b9271a;\" colspan=\"2\"><span style=\"color: #ffffff;\"><b>TABL\u00d3N DE NOVEDADES, BECAS, ENTREGA DE PREMIOS<\/b><\/span><\/td>\n<\/tr>\n<\/tbody>\n<\/table>\n<\/div>\n[\/mk_table][mk_padding_divider size=\u00bb30&#8243;][mk_fancy_title tag_name=\u00bbspan\u00bb size=\u00bb20&#8243; line_height=\u00bb50&#8243; margin_bottom=\u00bb0&#8243; font_family=\u00bbnone\u00bb]12:00 \u2013 13:00 h.[\/mk_fancy_title][vc_column_text css=\u00bb.vc_custom_1755762582035{margin-bottom: 0px !important;}\u00bb]SALA CONVENCI\u00d3N[\/vc_column_text][mk_table style=\u00bbstyle2&#8243;]\n<div align=\"center\">\n<table style=\"border-style: solid; border-color: #e3e3e3; background-color: #ffffff;\" border=\"1\" cellpadding=\"1\">\n<tbody>\n<tr>\n<td style=\"border-color: #e8e8e8; border-style: solid; background-color: #05a312;\" colspan=\"2\"><span style=\"color: #ffffff;\"><b>CONFERENCIA DE CLAUSURA<\/b><\/span><\/td>\n<\/tr>\n<tr>\n<td style=\"border-color: #e8e8e8; border-style: solid;\"><strong>Tema y Ponente<\/strong><\/td>\n<td style=\"border-color: #e8e8e8; border-style: solid;\"><strong>Presentaci\u00f3n<\/strong><\/td>\n<\/tr>\n<tr>\n<td style=\"border-color: #e8e8e8; border-style: solid; background-color: #f5fcf8;\"><span style=\"color: #007898;\"><strong><span style=\"font-size: 13pt; color: #0c6e14;\">SUPERALIMENTOS EN LA CONSULTA PEDI\u00c1TRICA. \u00bfQU\u00c9 DICE LA CIENCIA?<\/span><\/strong><\/span><br \/>\nJara P\u00e9rez Jim\u00e9nez<\/td>\n<td style=\"border-color: #e8e8e8; border-style: solid; background-color: #f5fcf8; vertical-align: middle;\">Elena Javierre Miranda<\/td>\n<\/tr>\n<\/tbody>\n<\/table>\n<\/div>\n[\/mk_table][\/vc_tta_section][\/vc_tta_tabs][mk_padding_divider size=\u00bb30&#8243;][vc_row_inner is_fullwidth_content=\u00bbfalse\u00bb][vc_column_inner width=\u00bb1\/6&#8243;][\/vc_column_inner][vc_column_inner width=\u00bb2\/3&#8243;][vc_column_text css=\u00bb.vc_custom_1754994087175{margin-bottom: 0px !important;}\u00bb]<img loading=\"lazy\" decoding=\"async\" class=\"aligncenter wp-image-12109 size-full\" src=\"https:\/\/congresoaepap.org\/2026\/wp-content\/uploads\/2025\/08\/22-Congreso-AEPAP-2026-lema-scaled.jpg\" alt=\"\" width=\"2560\" height=\"211\" srcset=\"https:\/\/congresoaepap.org\/2026\/wp-content\/uploads\/2025\/08\/22-Congreso-AEPAP-2026-lema-scaled.jpg 2560w, https:\/\/congresoaepap.org\/2026\/wp-content\/uploads\/2025\/08\/22-Congreso-AEPAP-2026-lema-1536x127.jpg 1536w, https:\/\/congresoaepap.org\/2026\/wp-content\/uploads\/2025\/08\/22-Congreso-AEPAP-2026-lema-2048x169.jpg 2048w, https:\/\/congresoaepap.org\/2026\/wp-content\/uploads\/2025\/08\/22-Congreso-AEPAP-2026-lema-300x25.jpg 300w, https:\/\/congresoaepap.org\/2026\/wp-content\/uploads\/2025\/08\/22-Congreso-AEPAP-2026-lema-768x63.jpg 768w, https:\/\/congresoaepap.org\/2026\/wp-content\/uploads\/2025\/08\/22-Congreso-AEPAP-2026-lema-1024x84.jpg 1024w\" sizes=\"auto, (max-width: 2560px) 100vw, 2560px\" \/>[\/vc_column_text][mk_padding_divider size=\u00bb30&#8243;][\/vc_column_inner][vc_column_inner width=\u00bb1\/6&#8243;][\/vc_column_inner][\/vc_row_inner][\/vc_column][\/mk_page_section][vc_row disable_element=\u00bbyes\u00bb][vc_column][mk_table]\n<h4>16:15 \u2013 17:45h<\/h4>\n<div align=\"center\">\n<table width=\"100%\">\n<tbody>\n<tr>\n<td colspan=\"3\" bgcolor=\"#00FF05\"><strong><span style=\"color: #ffffff;\">CONFERENCIA DE CLAUSURA<\/span><\/strong><\/td>\n<\/tr>\n<tr>\n<td bgcolor=\"#C2D69B\"><strong>Tema<\/strong><\/td>\n<td bgcolor=\"#C2D69B\"><strong>Ponente<\/strong><\/td>\n<td bgcolor=\"#C2D69B\"><strong>Presentaci\u00f3n<\/strong><\/td>\n<\/tr>\n<tr>\n<td bgcolor=\"#9EFF9E\"><b>EL CAMBIO CLIM\u00c1TICO Y LA SALUD: UN IMPACTO EN AMBAS<br \/>\nDIRECCIONES<\/b><\/td>\n<td bgcolor=\"#9EFF9E\"><b>Carlos Mediano Ortiga<\/b><\/td>\n<td bgcolor=\"#9EFF9E\"><b>Mar\u00eda Aparicio Rodrigo<\/b><\/td>\n<\/tr>\n<\/tbody>\n<\/table>\n<\/div>\n[\/mk_table][mk_table]\n<h4>9:00 \u2013 10:30<\/h4>\n<div align=\"center\">\n<table style=\"width: 100%; height: 168px;\" width=\"100%\">\n<tbody>\n<tr style=\"height: 24px;\">\n<td style=\"height: 24px;\" colspan=\"3\" bgcolor=\"#FE52B8\" width=\"657\"><strong><span style=\"color: #ffffff;\">FLASHES PEDI\u00c1TRICOS<\/span><\/strong><\/td>\n<\/tr>\n<tr style=\"height: 24px;\">\n<td style=\"height: 24px;\" bgcolor=\"#D99594\" width=\"359\"><strong><span style=\"color: #ffffff;\">Temas<\/span><\/strong><\/td>\n<td style=\"height: 24px;\" bgcolor=\"#D99594\" width=\"151\"><strong><span style=\"color: #ffffff;\">Ponentes<\/span><\/strong><\/td>\n<td style=\"height: 24px;\" bgcolor=\"#D99594\" width=\"147\"><strong><span style=\"color: #ffffff;\">Moderador<\/span><\/strong><\/td>\n<\/tr>\n<tr style=\"height: 48px;\">\n<td style=\"height: 48px;\" bgcolor=\"#F1DCDB\" width=\"359\"><strong>LOS EFECTOS M\u00c1GICOS DE LA VITAMINA D<\/strong><b><br \/>\n<\/b><strong>\u00a0<\/strong><\/td>\n<td style=\"height: 48px;\" bgcolor=\"#F1DCDB\" width=\"151\"><strong>Iv\u00e1n Caraba\u00f1o Aguado<\/strong><\/td>\n<td style=\"height: 120px; width: 147px; text-align: center; vertical-align: middle;\" rowspan=\"3\" align=\"center\" width=\"147\"><strong>Miguel \u00c1ngel Fern\u00e1ndez-Cuesta<\/strong><\/td>\n<\/tr>\n<tr style=\"height: 48px;\">\n<td style=\"height: 48px;\" width=\"359\"><strong>NOVEDADES EN EL TRATAMIENTO FARMACOL\u00d3GICO DE LA OBESIDAD<\/strong><\/td>\n<td style=\"height: 48px;\" width=\"151\"><strong>Gilberto P\u00e9rez L\u00f3pez<\/strong><\/td>\n<\/tr>\n<tr style=\"height: 24px;\">\n<td style=\"height: 24px;\" bgcolor=\"#F1DCDB\" width=\"359\"><strong>NOVEDADES EN VACUNAS<\/strong><\/td>\n<td style=\"height: 24px;\" bgcolor=\"#F1DCDB\" width=\"151\"><strong>Manuel Merino Mo\u00edna<\/strong><\/td>\n<\/tr>\n<\/tbody>\n<\/table>\n<\/div>\n[\/mk_table][mk_table]\n<h4>10:30 \u2013 11:30<\/h4>\n<div align=\"center\">\n<table width=\"100%\">\n<tbody>\n<tr>\n<td bgcolor=\"#0081F9\"><span style=\"color: #ffffff;\"><strong>TABL\u00d3N DE NOVEDADES, BECAS, ENTREGA DE PREMIOS<\/strong><br \/>\n<\/span><\/td>\n<\/tr>\n<\/tbody>\n<\/table>\n<\/div>\n[\/mk_table][mk_table]\n<h4>16:15 \u2013 17:45h<\/h4>\n<div align=\"center\">\n<table>\n<tbody>\n<tr style=\"height: 24px;\">\n<td style=\"height: 24px;\" colspan=\"2\" bgcolor=\"#EAF1DD\"><strong>MESA REDONDA 1<\/strong><\/td>\n<\/tr>\n<tr style=\"height: 24px;\">\n<td style=\"height: 24px;\" colspan=\"2\" bgcolor=\"#00FF05\"><strong>INFECCIONES Y ANTIBI\u00d3TICOS: LAS DUDAS DEL D\u00cdA A D\u00cdA<\/strong><\/td>\n<\/tr>\n<tr style=\"height: 24px;\">\n<td style=\"height: 24px;\" bgcolor=\"#C2D69B\">Temas y Ponentes<\/td>\n<td style=\"height: 24px;\" bgcolor=\"#C2D69B\">Moderador<\/td>\n<\/tr>\n<tr style=\"height: 48px;\">\n<td style=\"height: 48px;\" bgcolor=\"#0080FA\"><strong><span style=\"color: #ffffff;\">ESTREPTOCOCO BETA HEMOL\u00cdTICO GRUPO A:<br \/>\n\u00bfQu\u00e9 est\u00e1 pasando?<\/span><\/strong><\/td>\n<td style=\"height: 144px; text-align: center; vertical-align: middle;\" rowspan=\"4\"><strong><span style=\"color: #ff00ff;\">Rosa Alba\u00f1il Ballesteros<\/span><\/strong><\/td>\n<\/tr>\n<tr style=\"height: 24px;\">\n<td style=\"height: 24px;\"><strong><span style=\"color: #ff00ff;\">Cristina Calvo Rey<\/span><\/strong><\/td>\n<\/tr>\n<tr style=\"height: 48px;\">\n<td style=\"height: 48px;\" bgcolor=\"#0080FA\"><strong><span style=\"color: #ffffff;\">PAUTAS DE TRATAMIENTO Y RESISTENCIAS A ANTIBI\u00d3TICOS:<br \/>\n\u00bfQu\u00e9 est\u00e1 cambiando?<\/span><\/strong><\/td>\n<\/tr>\n<tr style=\"height: 24px;\">\n<td style=\"height: 24px;\"><strong><span style=\"color: #ff00ff;\">Jes\u00fas Ruiz Contreras<\/span><\/strong><\/td>\n<\/tr>\n<\/tbody>\n<\/table>\n<\/div>\n[\/mk_table][mk_table]\n<h4>18:15 \u2013 19:45h<\/h4>\n<div align=\"center\">\n<table>\n<tbody>\n<tr style=\"height: 24px;\">\n<td style=\"height: 24px;\" colspan=\"2\" bgcolor=\"#EAF1DD\"><strong>MESA REDONDA 2<\/strong><\/td>\n<\/tr>\n<tr style=\"height: 24px;\">\n<td style=\"height: 24px;\" colspan=\"2\" bgcolor=\"#00FF05\"><strong>\u00bfES TAN DIF\u00cdCIL<br \/>\nALIMENTARSE BIEN?<\/strong><\/td>\n<\/tr>\n<tr style=\"height: 24px;\">\n<td style=\"height: 24px;\" bgcolor=\"#C2D69B\">Temas y Ponentes<\/td>\n<td style=\"height: 24px;\" bgcolor=\"#C2D69B\">Moderador<\/td>\n<\/tr>\n<tr style=\"height: 48px;\">\n<td style=\"height: 48px;\" bgcolor=\"#0080FA\"><strong><br \/>\n<span style=\"color: #ffffff;\">\u00bfEN QU\u00c9 CONSISTE UNA ALIMENTACI\u00d3N SALUDABLE?<\/span><\/strong><\/td>\n<td style=\"height: 144px; text-align: center; vertical-align: middle;\" rowspan=\"4\"><strong><span style=\"color: #ff00ff;\">Teresa Cenarro Guerrero<\/span><\/strong><\/td>\n<\/tr>\n<tr style=\"height: 24px;\">\n<td style=\"height: 24px;\"><strong><span style=\"color: #ff00ff;\">Juan Rodr\u00edguez Delgado<\/span><\/strong><\/td>\n<\/tr>\n<tr style=\"height: 48px;\">\n<td style=\"height: 48px;\" bgcolor=\"#0080FA\"><strong><br \/>\n<span style=\"color: #ffffff;\">\u00bfPOR QU\u00c9 CUESTA TANTO?<\/span><\/strong><\/td>\n<\/tr>\n<tr style=\"height: 24px;\">\n<td style=\"height: 24px;\"><strong><span style=\"color: #ff00ff;\">Miguel \u00c1ngel Royo Bordonada<\/span><\/strong><\/td>\n<\/tr>\n<\/tbody>\n<\/table>\n<\/div>\n[\/mk_table][mk_table]\n<h4>18:15 \u2013 19:45h<\/h4>\n<div align=\"center\">\n<table>\n<tbody>\n<tr style=\"height: 24px;\">\n<td style=\"height: 24px;\" colspan=\"2\" bgcolor=\"#EAF1DD\"><strong>MESA REDONDA 2<\/strong><\/td>\n<\/tr>\n<tr style=\"height: 24px;\">\n<td style=\"height: 24px;\" colspan=\"2\" bgcolor=\"#00FF05\"><strong>\u00bfES TAN DIF\u00cdCIL<br \/>\nALIMENTARSE BIEN?<\/strong><\/td>\n<\/tr>\n<tr style=\"height: 24px;\">\n<td style=\"height: 24px;\" bgcolor=\"#C2D69B\">Temas y Ponentes<\/td>\n<td style=\"height: 24px;\" bgcolor=\"#C2D69B\">Moderador<\/td>\n<\/tr>\n<tr style=\"height: 48px;\">\n<td style=\"height: 48px;\" bgcolor=\"#0080FA\"><strong><br \/>\n<span style=\"color: #ffffff;\">\u00bfEN QU\u00c9 CONSISTE UNA ALIMENTACI\u00d3N SALUDABLE?<\/span><\/strong><\/td>\n<td style=\"height: 144px; text-align: center; vertical-align: middle;\" rowspan=\"4\"><strong><span style=\"color: #ff00ff;\">Teresa Cenarro Guerrero<\/span><\/strong><\/td>\n<\/tr>\n<tr style=\"height: 24px;\">\n<td style=\"height: 24px;\"><strong><span style=\"color: #ff00ff;\">Juan Rodr\u00edguez Delgado<\/span><\/strong><\/td>\n<\/tr>\n<tr style=\"height: 48px;\">\n<td style=\"height: 48px;\" bgcolor=\"#0080FA\"><strong><br \/>\n<span style=\"color: #ffffff;\">\u00bfPOR QU\u00c9 CUESTA TANTO?<\/span><\/strong><\/td>\n<\/tr>\n<tr style=\"height: 24px;\">\n<td style=\"height: 24px;\"><strong><span style=\"color: #ff00ff;\">Miguel \u00c1ngel Royo Bordonada<\/span><\/strong><\/td>\n<\/tr>\n<\/tbody>\n<\/table>\n<\/div>\n[\/mk_table][\/vc_column][\/vc_row]\n<\/div>","protected":false},"excerpt":{"rendered":"<p>[vc_row fullwidth=\u00bbtrue\u00bb parallax=\u00bbcontent-moving-fade\u00bb parallax_speed_bg=\u00bb1&#8243; css=\u00bb.vc_custom_1755009235217{margin-bottom: -10px !important;border-bottom-width: -10px !important;padding-bottom: -10px !important;background: #dd0044 url(https:\/\/congresoaepap.org\/2026\/wp-content\/uploads\/2024\/07\/21-congreso-aepap-2025-franja-horizontal-copia.png?id=11314);background-position: center;background-repeat: no-repeat !important;background-size: cover !important;}\u00bb][vc_column css=\u00bb.vc_custom_1703196275772{margin-bottom: -5px !important;border-bottom-width: -5px !important;padding-bottom: -5px !important;background-position: center !important;background-repeat: no-repeat !important;background-size: contain !important;}\u00bb][mk_padding_divider size=\u00bb65&#8243; visibility=\u00bbhidden-sm\u00bb][mk_padding_divider visibility=\u00bbvisible-sm\u00bb][mk_fancy_title color=\u00bb#b9271a\u00bb size=\u00bb40&#8243; force_font_size=\u00bbtrue\u00bb size_smallscreen=\u00bb35&#8243; size_tablet=\u00bb25&#8243; size_phone=\u00bb25&#8243; margin_bottom=\u00bb0&#8243; font_family=\u00bbImpact, Charcoal, sans-serif\u00bb font_type=\u00bbsafefont\u00bb align=\u00bbcenter\u00bb]\u00a0\u00a0Mesas Redondas\/Conferencias\u00a0\u00a0[\/mk_fancy_title][mk_padding_divider][vc_row_inner attached=\u00bbtrue\u00bb][vc_column_inner css=\u00bb.vc_custom_1687794206690{margin-top: -60px !important;margin-bottom: -30px !important;border-top-width: -60px !important;border-bottom-width: [&hellip;]<\/p>\n","protected":false},"author":3297,"featured_media":0,"parent":0,"menu_order":0,"comment_status":"closed","ping_status":"closed","template":"","meta":{"footnotes":""},"class_list":["post-11386","page","type-page","status-publish","hentry"],"publishpress_future_action":{"enabled":false,"date":"2026-04-19 13:43:57","action":"change-status","newStatus":"draft","terms":[],"taxonomy":"","extraData":[]},"publishpress_future_workflow_manual_trigger":{"enabledWorkflows":[]},"_links":{"self":[{"href":"https:\/\/congresoaepap.org\/2026\/wp-json\/wp\/v2\/pages\/11386","targetHints":{"allow":["GET"]}}],"collection":[{"href":"https:\/\/congresoaepap.org\/2026\/wp-json\/wp\/v2\/pages"}],"about":[{"href":"https:\/\/congresoaepap.org\/2026\/wp-json\/wp\/v2\/types\/page"}],"author":[{"embeddable":true,"href":"https:\/\/congresoaepap.org\/2026\/wp-json\/wp\/v2\/users\/3297"}],"replies":[{"embeddable":true,"href":"https:\/\/congresoaepap.org\/2026\/wp-json\/wp\/v2\/comments?post=11386"}],"version-history":[{"count":61,"href":"https:\/\/congresoaepap.org\/2026\/wp-json\/wp\/v2\/pages\/11386\/revisions"}],"predecessor-version":[{"id":12457,"href":"https:\/\/congresoaepap.org\/2026\/wp-json\/wp\/v2\/pages\/11386\/revisions\/12457"}],"wp:attachment":[{"href":"https:\/\/congresoaepap.org\/2026\/wp-json\/wp\/v2\/media?parent=11386"}],"curies":[{"name":"wp","href":"https:\/\/api.w.org\/{rel}","templated":true}]}}