{"id":10805,"date":"2025-08-24T16:23:59","date_gmt":"2025-08-24T15:23:59","guid":{"rendered":"https:\/\/congresoaepap.org\/2026\/?page_id=10805"},"modified":"2025-09-08T10:02:38","modified_gmt":"2025-09-08T09:02:38","slug":"acreditacion","status":"publish","type":"page","link":"https:\/\/congresoaepap.org\/2026\/acreditacion\/","title":{"rendered":"Acreditaci\u00f3n"},"content":{"rendered":"<div class=\"wpb-content-wrapper\">[vc_row fullwidth=\u00bbtrue\u00bb parallax=\u00bbcontent-moving-fade\u00bb parallax_image=\u00bb11314&#8243; parallax_speed_bg=\u00bb1&#8243; css=\u00bb.vc_custom_1721156163180{margin-bottom: -10px !important;border-bottom-width: -10px !important;padding-bottom: -10px !important;background-color: #eb6072 !important;background-position: center;background-repeat: no-repeat !important;background-size: cover !important;}\u00bb][vc_column css=\u00bb.vc_custom_1703196275772{margin-bottom: -5px !important;border-bottom-width: -5px !important;padding-bottom: -5px !important;background-position: center !important;background-repeat: no-repeat !important;background-size: contain !important;}\u00bb][mk_padding_divider size=\u00bb65&#8243; visibility=\u00bbhidden-sm\u00bb][mk_padding_divider visibility=\u00bbvisible-sm\u00bb][mk_fancy_title color=\u00bb#b9271a\u00bb size=\u00bb50&#8243; force_font_size=\u00bbtrue\u00bb size_smallscreen=\u00bb40&#8243; size_tablet=\u00bb40&#8243; size_phone=\u00bb35&#8243; margin_bottom=\u00bb0&#8243; font_family=\u00bbImpact, Charcoal, sans-serif\u00bb font_type=\u00bbsafefont\u00bb align=\u00bbcenter\u00bb]<span style=\"background-color: #ffffff;\">\u00a0 Acreditaci\u00f3n \u00a0<\/span>[\/mk_fancy_title][mk_padding_divider][vc_row_inner attached=\u00bbtrue\u00bb][vc_column_inner css=\u00bb.vc_custom_1687794206690{margin-top: -60px !important;margin-bottom: -30px !important;border-top-width: -60px !important;border-bottom-width: -30px !important;padding-top: -60px !important;padding-bottom: -30px !important;}\u00bb][vc_raw_html css=\u00bb.vc_custom_1668987405118{margin-top: -30px !important;border-top-width: -30px !important;padding-top: -30px !important;}\u00bb]JTNDZGl2JTNFJTBBJTIwJTIwJTIwJTIwJTIwJTIwJTIwJTIwJTIwJTIwJTIwJTIwJTIwJTIwJTIwJTIwJTNDc3ZnJTIwY2xhc3MlM0QlMjJ3YXZlcyUyMiUyMHhtbG5zJTNEJTIyaHR0cCUzQSUyRiUyRnd3dy53My5vcmclMkYyMDAwJTJGc3ZnJTIyJTIweG1sbnMlM0F4bGluayUzRCUyMmh0dHAlM0ElMkYlMkZ3d3cudzMub3JnJTJGMTk5OSUyRnhsaW5rJTIyJTIwdmlld0JveCUzRCUyMjAlMjAyNCUyMDE1MCUyMDI4JTIyJTIwcHJlc2VydmVBc3BlY3RSYXRpbyUzRCUyMm5vbmUlMjIlMjBzaGFwZS1yZW5kZXJpbmclM0QlMjJhdXRvJTIyJTNFJTBBJTIwJTIwJTIwJTIwJTIwJTIwJTIwJTIwJTIwJTIwJTIwJTIwJTIwJTIwJTIwJTIwJTIwJTIwJTIwJTIwJTNDZGVmcyUzRSUwQSUyMCUyMCUyMCUyMCUyMCUyMCUyMCUyMCUyMCUyMCUyMCUyMCUyMCUyMCUyMCUyMCUyMCUyMCUyMCUyMCUyMCUyMCUyMCUyMCUzQ3BhdGglMjBpZCUzRCUyMmdlbnRsZS13YXZlJTIyJTIwZCUzRCUyMk0tMTYwJTIwNDRjMzAlMjAwJTIwNTgtMTglMjA4OC0xOHMlMjA1OCUyMDE4JTIwODglMjAxOCUyMDU4LTE4JTIwODgtMTglMjA1OCUyMDE4JTIwODglMjAxOCUyMHY0NGgtMzUyeiUyMiUyMCUyRiUzRSUwQSUyMCUyMCUyMCUyMCUyMCUyMCUyMCUyMCUyMCUyMCUyMCUyMCUyMCUyMCUyMCUyMCUyMCUyMCUyMCUyMCUzQyUyRmRlZnMlM0UlMEElMjAlMjAlMjAlMjAlMjAlMjAlMjAlMjAlMjAlMjAlMjAlMjAlMjAlMjAlMjAlMjAlMjAlMjAlMjAlMjAlM0NnJTIwY2xhc3MlM0QlMjJwYXJhbGxheCUyMiUzRSUwQSUyMCUyMCUyMCUyMCUyMCUyMCUyMCUyMCUyMCUyMCUyMCUyMCUyMCUyMCUyMCUyMCUyMCUyMCUyMCUyMCUyMCUyMCUyMCUyMCUzQ3VzZSUyMHhsaW5rJTNBaHJlZiUzRCUyMiUyM2dlbnRsZS13YXZlJTIyJTIweCUzRCUyMjQ4JTIyJTIweSUzRCUyMjAlMjIlMjBmaWxsJTNEJTIycmdiYSUyODI1NSUyQzI1NSUyQzI1NSUyQzAuNyUyMiUyMCUyRiUzRSUwQSUyMCUyMCUyMCUyMCUyMCUyMCUyMCUyMCUyMCUyMCUyMCUyMCUyMCUyMCUyMCUyMCUyMCUyMCUyMCUyMCUyMCUyMCUyMCUyMCUzQ3VzZSUyMHhsaW5rJTNBaHJlZiUzRCUyMiUyM2dlbnRsZS13YXZlJTIyJTIweCUzRCUyMjQ4JTIyJTIweSUzRCUyMjMlMjIlMjBmaWxsJTNEJTIycmdiYSUyODI1NSUyQzI1NSUyQzI1NSUyQzAuNSUyOSUyMiUyMCUyRiUzRSUwQSUyMCUyMCUyMCUyMCUyMCUyMCUyMCUyMCUyMCUyMCUyMCUyMCUyMCUyMCUyMCUyMCUyMCUyMCUyMCUyMCUyMCUyMCUyMCUyMCUzQ3VzZSUyMHhsaW5rJTNBaHJlZiUzRCUyMiUyM2dlbnRsZS13YXZlJTIyJTIweCUzRCUyMjQ4JTIyJTIweSUzRCUyMjUlMjIlMjBmaWxsJTNEJTIycmdiYSUyODI1NSUyQzI1NSUyQzI1NSUyQzAuMyUyOSUyMiUyMCUyRiUzRSUwQSUyMCUyMCUyMCUyMCUyMCUyMCUyMCUyMCUyMCUyMCUyMCUyMCUyMCUyMCUyMCUyMCUyMCUyMCUyMCUyMCUyMCUyMCUyMCUyMCUzQ3VzZSUyMHhsaW5rJTNBaHJlZiUzRCUyMiUyM2dlbnRsZS13YXZlJTIyJTIweCUzRCUyMjQ4JTIyJTIweSUzRCUyMjclMjIlMjBmaWxsJTNEJTIyJTIzZmZmJTIyJTIwJTJGJTNFJTBBJTIwJTIwJTIwJTIwJTIwJTIwJTIwJTIwJTIwJTIwJTIwJTIwJTIwJTIwJTIwJTIwJTIwJTIwJTIwJTIwJTNDJTJGZyUzRSUwQSUyMCUyMCUyMCUyMCUyMCUyMCUyMCUyMCUyMCUyMCUyMCUyMCUyMCUyMCUyMCUyMCUzQyUyRnN2ZyUzRSUwQSUyMCUyMCUyMCUyMCUyMCUyMCUyMCUyMCUyMCUyMCUyMCUyMCUzQyUyRmRpdiUzRSUwQQ==[\/vc_raw_html][\/vc_column_inner][\/vc_row_inner][\/vc_column][\/vc_row][mk_page_section bg_color=\u00bb#ffffff\u00bb attachment=\u00bbfixed\u00bb bg_position=\u00bbcenter top\u00bb bg_repeat=\u00bbno-repeat\u00bb enable_3d=\u00bbtrue\u00bb padding_top=\u00bb50&#8243; padding_bottom=\u00bb30&#8243; margin_bottom=\u00bb40&#8243; top_shape_style=\u00bbcurve-top\u00bb top_shape_bg_color=\u00bbrgba(255,255,255,0)\u00bb sidebar=\u00bbsidebar-1&#8243; first_page=\u00bbfalse\u00bb last_page=\u00bbfalse\u00bb][vc_column css=\u00bb.vc_custom_1668987388736{margin-bottom: -10px !important;border-bottom-width: -10px !important;padding-bottom: -10px !important;}\u00bb][vc_tta_tabs section_title_tag=\u00bbp\u00bb style=\u00bboutline\u00bb color=\u00bbsky\u00bb spacing=\u00bb15&#8243; active_section=\u00bb1&#8243; pagination_style=\u00bbflat-square\u00bb pagination_color=\u00bbblue\u00bb][vc_tta_section i_icon_fontawesome=\u00bbfas fa-tasks\u00bb add_icon=\u00bbtrue\u00bb title=\u00bb<b>EVALUACI\u00d3N Y ACREDITACI\u00d3N<\/b>\u00bb tab_id=\u00bbnormas\u00bb][mk_padding_divider size=\u00bb20&#8243; visibility=\u00bbhidden-sm\u00bb][vc_column_text css=\u00bb.vc_custom_1754989805858{margin-bottom: 0px !important;}\u00bb]\n<h5>Evaluaci\u00f3n y acreditaci\u00f3n del 22\u00ba Congreso<\/h5>\n[\/vc_column_text][vc_column_text css=\u00bb.vc_custom_1724451835632{margin-bottom: 0px !important;}\u00bb]Los cr\u00e9ditos del Congreso se otorgar\u00e1n a aquellos inscritos que:[\/vc_column_text][vc_column_text css=\u00bb.vc_custom_1738880824530{margin-bottom: 0px !important;}\u00bb]<img loading=\"lazy\" decoding=\"async\" class=\"aligncenter wp-image-11996 size-full\" src=\"https:\/\/congresoaepap.org\/2026\/wp-content\/uploads\/2025\/02\/logo-acreditacion-ceadc-e1738880822964.jpg\" alt=\"\" width=\"129\" height=\"143\" \/>[\/vc_column_text][vc_row_inner][vc_column_inner width=\u00bb1\/6&#8243;][\/vc_column_inner][vc_column_inner width=\u00bb2\/3&#8243;][mk_custom_list icon_color=\u00bb#1e73be\u00bb]\n<ul>\n<li><strong>Hayan asistido<\/strong> a cualquiera de las actividades docentes del congreso: mesas redondas, talleres, seminarios y conferencia de clausura. Se acreditar\u00e1n exclusivamente las actividades a las que se asista.<\/li>\n<li><strong>Realicen el examen de evaluaci\u00f3n de conocimientos postest<\/strong> y una vez finalizado \u00e9ste, formalicen su entrega en el plazo establecido y respondan correctamente al 50% de las preguntas de que consta la evaluaci\u00f3n que son:\n<ul>\n<li><strong>12 preguntas comunes<\/strong> para todos los asistentes, relacionados con los contenidos de las mesas redondas.<\/li>\n<li><strong>2 preguntas<\/strong> por cada uno de los talleres\/seminarios en los que est\u00e9 inscrito el alumno.<\/li>\n<\/ul>\n<\/li>\n<\/ul>\n[\/mk_custom_list][\/vc_column_inner][vc_column_inner width=\u00bb1\/6&#8243;][\/vc_column_inner][\/vc_row_inner][vc_column_text css=\u00bb.vc_custom_1724451854060{margin-bottom: 0px !important;}\u00bb]La Secretar\u00eda t\u00e9cnica remitir\u00e1 a cada uno de los alumnos los formularios de evaluaci\u00f3n.<\/p>\n<p>Respecto a los inscritos \u00fanicamente en el <strong>CONGRESO VIRTUAL<\/strong>, se acreditar\u00e1n las actividades a las que se haya asistido <strong>en directo<\/strong> (no en diferido) y siempre que se cumplan el resto de los requisitos detallados anteriormente.[\/vc_column_text][vc_column_text css=\u00bb.vc_custom_1726494409627{margin-bottom: 0px !important;}\u00bb]La<strong> concesi\u00f3n definitiva de los cr\u00e9ditos<\/strong> para cada una de las actividades del Congreso en todas sus modalidades, depende del dictamen final de la Comisi\u00f3n de Formaci\u00f3n Continuada de las Profesiones Sanitarias de la Comunidad de Madrid-Sistema Nacional de Salud, el cual puede tardar meses en concederse. Los inscritos al congreso recibir\u00e1n, por correo electr\u00f3nico, de manera autom\u00e1tica sus certificados en cuanto estos sean concedidos.[\/vc_column_text][\/vc_tta_section][vc_tta_section i_icon_fontawesome=\u00bbfa fa-regular fa-calendar-days\u00bb add_icon=\u00bbtrue\u00bb title=\u00bb<b>CALENDARIO DEL CONGRESO<\/b>\u00bb tab_id=\u00bbdiseno\u00bb][mk_padding_divider size=\u00bb20&#8243; visibility=\u00bbhidden-sm\u00bb][vc_column_text css=\u00bb.vc_custom_1754989951738{margin-bottom: 0px !important;}\u00bb]\n<h5>Calendario del 22\u00ba Congreso AEPap<\/h5>\n[\/vc_column_text][mk_steps step=\u00bb5&#8243; hover_color=\u00bb#dd0044&#8243; icon_1=\u00bbmk-moon-keyboard\u00bb title_1=\u00bb<\/p>\n<h5>30 sept. 2025<\/h5>\n<p>\u00bb desc_1=\u00bb<b>Fin plazo para inscribirse como socio AEPap para el Congreso<\/b>\u00bb icon_2=\u00bbmk-moon-pencil-6&#8243; title_2=\u00bb<\/p>\n<h5>1 oct. 2025<\/h5>\n<p>\u00bb desc_2=\u00bb<b>Apertura plazo env\u00edo comunicaciones <\/b>\u00bb icon_3=\u00bbmk-moon-user-plus\u00bb title_3=\u00bb<\/p>\n<h5>22 nov. 2025<\/h5>\n<p>\u00bb desc_3=\u00bb<b>Apertura plazo inscripci\u00f3n socios AEPap<\/b>\u00bb icon_4=\u00bbmk-moon-stopwatch\u00bb title_4=\u00bb<\/p>\n<h5>30 nov. 2025<\/h5>\n<p>\u00bb desc_4=\u00bb<b>Fin plazo env\u00edo comunicaciones<\/b>\u00bb icon_5=\u00bbmk-moon-users-2&#8243; title_5=\u00bb<\/p>\n<h5>13 dic. 2025<\/h5>\n<p>\u00bb desc_5=\u00bb<b>Apertura plazo inscripci\u00f3n No socios AEPap<\/b>\u00ab][mk_padding_divider size=\u00bb50&#8243; visibility=\u00bbhidden-sm\u00bb][mk_steps step=\u00bb5&#8243; hover_color=\u00bb#008a2e\u00bb icon_1=\u00bbmk-icon-bullhorn\u00bb title_1=\u00bb<\/p>\n<h5>15 enero 2026<\/h5>\n<p>\u00bb desc_1=\u00bb<b>Confirmaci\u00f3n de comunicaciones aceptadas <\/b>\u00bb icon_2=\u00bbmk-moon-checkmark-3&#8243; title_2=\u00bb<\/p>\n<h5>20 febrero 2026<\/h5>\n<p>\u00bb desc_2=\u00bb<b>Inicio curso online<\/b>\u00bb icon_3=\u00bbmk-icon-list-ol\u00bb title_3=\u00bb<\/p>\n<h5>23 feb-5 mar 2026<\/h5>\n<p>\u00bb desc_3=\u00bb<b>Plazo de realizaci\u00f3n preguntas pretest Congreso<\/b>\u00bb icon_4=\u00bbmk-jupiter-icon-simple-aim\u00bb title_4=\u00bb<\/p>\n<h5>5-7 mar 2026<\/h5>\n<p>\u00bb desc_4=\u00bb<b>Fase presencial del Congreso<\/b>\u00bb icon_5=\u00bbmk-moon-screen-2&#8243; title_5=\u00bb<\/p>\n<h5>5-7 mar 2026<\/h5>\n<p>\u00bb desc_5=\u00bb<b>Congreso virtual <\/b>\u00ab][mk_padding_divider size=\u00bb50&#8243; visibility=\u00bbhidden-sm\u00bb][mk_steps step=\u00bb5&#8243; hover_color=\u00bb#008bc1&#8243; icon_1=\u00bbmk-moon-numbered-list\u00bb title_1=\u00bb<\/p>\n<h5>10 a 30 marzo<\/h5>\n<p>\u00bb desc_1=\u00bb<b>Plazo de realizaci\u00f3n preguntas postest<\/b>\u00bb icon_2=\u00bbmk-moon-lock-5&#8243; title_2=\u00bb<\/p>\n<h5>20 abril 2026<\/h5>\n<p>\u00bb desc_2=\u00bb<b>Cierre curso online<\/b>\u00bb icon_3=\u00bbmk-moon-close-3&#8243; title_3=\u00bb<\/p>\n<h5>7 mayo 2026<\/h5>\n<p>\u00bb desc_3=\u00bb<b>Cierre de la plataforma Congreso Virtual <\/b>\u00ab][mk_padding_divider size=\u00bb20&#8243; visibility=\u00bbhidden-sm\u00bb][\/vc_tta_section][\/vc_tta_tabs][vc_row_inner is_fullwidth_content=\u00bbfalse\u00bb][vc_column_inner width=\u00bb1\/6&#8243;][\/vc_column_inner][vc_column_inner width=\u00bb2\/3&#8243;][vc_column_text css=\u00bb.vc_custom_1754989786582{margin-bottom: 0px !important;}\u00bb]<img loading=\"lazy\" decoding=\"async\" class=\"aligncenter wp-image-12109 size-large\" src=\"https:\/\/congresoaepap.org\/2026\/wp-content\/uploads\/2025\/08\/22-Congreso-AEPAP-2026-lema-1024x84.jpg\" alt=\"\" width=\"1024\" height=\"84\" srcset=\"https:\/\/congresoaepap.org\/2026\/wp-content\/uploads\/2025\/08\/22-Congreso-AEPAP-2026-lema-1024x84.jpg 1024w, https:\/\/congresoaepap.org\/2026\/wp-content\/uploads\/2025\/08\/22-Congreso-AEPAP-2026-lema-1536x127.jpg 1536w, https:\/\/congresoaepap.org\/2026\/wp-content\/uploads\/2025\/08\/22-Congreso-AEPAP-2026-lema-2048x169.jpg 2048w, https:\/\/congresoaepap.org\/2026\/wp-content\/uploads\/2025\/08\/22-Congreso-AEPAP-2026-lema-300x25.jpg 300w, https:\/\/congresoaepap.org\/2026\/wp-content\/uploads\/2025\/08\/22-Congreso-AEPAP-2026-lema-768x63.jpg 768w\" sizes=\"auto, (max-width: 1024px) 100vw, 1024px\" \/>[\/vc_column_text][\/vc_column_inner][vc_column_inner width=\u00bb1\/6&#8243;][\/vc_column_inner][\/vc_row_inner][\/vc_column][\/mk_page_section]\n<\/div>","protected":false},"excerpt":{"rendered":"<p>[vc_row fullwidth=\u00bbtrue\u00bb parallax=\u00bbcontent-moving-fade\u00bb parallax_image=\u00bb11314&#8243; parallax_speed_bg=\u00bb1&#8243; css=\u00bb.vc_custom_1721156163180{margin-bottom: -10px !important;border-bottom-width: -10px !important;padding-bottom: -10px !important;background-color: #eb6072 !important;background-position: center;background-repeat: no-repeat !important;background-size: cover !important;}\u00bb][vc_column css=\u00bb.vc_custom_1703196275772{margin-bottom: -5px !important;border-bottom-width: -5px !important;padding-bottom: -5px !important;background-position: center !important;background-repeat: no-repeat !important;background-size: contain !important;}\u00bb][mk_padding_divider size=\u00bb65&#8243; visibility=\u00bbhidden-sm\u00bb][mk_padding_divider visibility=\u00bbvisible-sm\u00bb][mk_fancy_title color=\u00bb#b9271a\u00bb size=\u00bb50&#8243; force_font_size=\u00bbtrue\u00bb size_smallscreen=\u00bb40&#8243; size_tablet=\u00bb40&#8243; size_phone=\u00bb35&#8243; margin_bottom=\u00bb0&#8243; font_family=\u00bbImpact, Charcoal, sans-serif\u00bb font_type=\u00bbsafefont\u00bb align=\u00bbcenter\u00bb]\u00a0 Acreditaci\u00f3n \u00a0[\/mk_fancy_title][mk_padding_divider][vc_row_inner attached=\u00bbtrue\u00bb][vc_column_inner css=\u00bb.vc_custom_1687794206690{margin-top: -60px !important;margin-bottom: -30px !important;border-top-width: [&hellip;]<\/p>\n","protected":false},"author":3297,"featured_media":0,"parent":0,"menu_order":0,"comment_status":"closed","ping_status":"closed","template":"","meta":{"footnotes":""},"class_list":["post-10805","page","type-page","status-publish","hentry"],"publishpress_future_action":{"enabled":false,"date":"2026-04-19 13:49:37","action":"change-status","newStatus":"draft","terms":[],"taxonomy":"","extraData":[]},"publishpress_future_workflow_manual_trigger":{"enabledWorkflows":[]},"_links":{"self":[{"href":"https:\/\/congresoaepap.org\/2026\/wp-json\/wp\/v2\/pages\/10805","targetHints":{"allow":["GET"]}}],"collection":[{"href":"https:\/\/congresoaepap.org\/2026\/wp-json\/wp\/v2\/pages"}],"about":[{"href":"https:\/\/congresoaepap.org\/2026\/wp-json\/wp\/v2\/types\/page"}],"author":[{"embeddable":true,"href":"https:\/\/congresoaepap.org\/2026\/wp-json\/wp\/v2\/users\/3297"}],"replies":[{"embeddable":true,"href":"https:\/\/congresoaepap.org\/2026\/wp-json\/wp\/v2\/comments?post=10805"}],"version-history":[{"count":55,"href":"https:\/\/congresoaepap.org\/2026\/wp-json\/wp\/v2\/pages\/10805\/revisions"}],"predecessor-version":[{"id":12293,"href":"https:\/\/congresoaepap.org\/2026\/wp-json\/wp\/v2\/pages\/10805\/revisions\/12293"}],"wp:attachment":[{"href":"https:\/\/congresoaepap.org\/2026\/wp-json\/wp\/v2\/media?parent=10805"}],"curies":[{"name":"wp","href":"https:\/\/api.w.org\/{rel}","templated":true}]}}