{"id":10755,"date":"2025-08-24T09:50:02","date_gmt":"2025-08-24T08:50:02","guid":{"rendered":"https:\/\/congresoaepap.org\/2026\/?page_id=10755"},"modified":"2026-01-23T16:18:39","modified_gmt":"2026-01-23T15:18:39","slug":"sede","status":"publish","type":"page","link":"https:\/\/congresoaepap.org\/2026\/sede\/","title":{"rendered":"Sede"},"content":{"rendered":"<div class=\"wpb-content-wrapper\">[vc_row fullwidth=\u00bbtrue\u00bb parallax=\u00bbcontent-moving-fade\u00bb parallax_image=\u00bb11314&#8243; parallax_speed_bg=\u00bb1&#8243; css=\u00bb.vc_custom_1721156163180{margin-bottom: -10px !important;border-bottom-width: -10px !important;padding-bottom: -10px !important;background-color: #eb6072 !important;background-position: center;background-repeat: no-repeat !important;background-size: cover !important;}\u00bb][vc_column css=\u00bb.vc_custom_1703196275772{margin-bottom: -5px !important;border-bottom-width: -5px !important;padding-bottom: -5px !important;background-position: center !important;background-repeat: no-repeat !important;background-size: contain !important;}\u00bb][mk_padding_divider size=\u00bb65&#8243; visibility=\u00bbhidden-sm\u00bb][mk_padding_divider visibility=\u00bbvisible-sm\u00bb][mk_fancy_title color=\u00bb#b9271a\u00bb size=\u00bb50&#8243; force_font_size=\u00bbtrue\u00bb size_smallscreen=\u00bb40&#8243; size_tablet=\u00bb40&#8243; size_phone=\u00bb35&#8243; margin_bottom=\u00bb0&#8243; font_family=\u00bbImpact, Charcoal, sans-serif\u00bb font_type=\u00bbsafefont\u00bb align=\u00bbcenter\u00bb]<span style=\"background-color: #ffffff;\">\u00a0 Sede\u00a0\u00a0<\/span>[\/mk_fancy_title][mk_padding_divider][vc_row_inner attached=\u00bbtrue\u00bb][vc_column_inner css=\u00bb.vc_custom_1687794206690{margin-top: -60px !important;margin-bottom: -30px !important;border-top-width: -60px !important;border-bottom-width: -30px !important;padding-top: -60px !important;padding-bottom: -30px !important;}\u00bb][vc_raw_html css=\u00bb.vc_custom_1668987405118{margin-top: -30px !important;border-top-width: -30px !important;padding-top: -30px !important;}\u00bb]JTNDZGl2JTNFJTBBJTIwJTIwJTIwJTIwJTIwJTIwJTIwJTIwJTIwJTIwJTIwJTIwJTIwJTIwJTIwJTIwJTNDc3ZnJTIwY2xhc3MlM0QlMjJ3YXZlcyUyMiUyMHhtbG5zJTNEJTIyaHR0cCUzQSUyRiUyRnd3dy53My5vcmclMkYyMDAwJTJGc3ZnJTIyJTIweG1sbnMlM0F4bGluayUzRCUyMmh0dHAlM0ElMkYlMkZ3d3cudzMub3JnJTJGMTk5OSUyRnhsaW5rJTIyJTIwdmlld0JveCUzRCUyMjAlMjAyNCUyMDE1MCUyMDI4JTIyJTIwcHJlc2VydmVBc3BlY3RSYXRpbyUzRCUyMm5vbmUlMjIlMjBzaGFwZS1yZW5kZXJpbmclM0QlMjJhdXRvJTIyJTNFJTBBJTIwJTIwJTIwJTIwJTIwJTIwJTIwJTIwJTIwJTIwJTIwJTIwJTIwJTIwJTIwJTIwJTIwJTIwJTIwJTIwJTNDZGVmcyUzRSUwQSUyMCUyMCUyMCUyMCUyMCUyMCUyMCUyMCUyMCUyMCUyMCUyMCUyMCUyMCUyMCUyMCUyMCUyMCUyMCUyMCUyMCUyMCUyMCUyMCUzQ3BhdGglMjBpZCUzRCUyMmdlbnRsZS13YXZlJTIyJTIwZCUzRCUyMk0tMTYwJTIwNDRjMzAlMjAwJTIwNTgtMTglMjA4OC0xOHMlMjA1OCUyMDE4JTIwODglMjAxOCUyMDU4LTE4JTIwODgtMTglMjA1OCUyMDE4JTIwODglMjAxOCUyMHY0NGgtMzUyeiUyMiUyMCUyRiUzRSUwQSUyMCUyMCUyMCUyMCUyMCUyMCUyMCUyMCUyMCUyMCUyMCUyMCUyMCUyMCUyMCUyMCUyMCUyMCUyMCUyMCUzQyUyRmRlZnMlM0UlMEElMjAlMjAlMjAlMjAlMjAlMjAlMjAlMjAlMjAlMjAlMjAlMjAlMjAlMjAlMjAlMjAlMjAlMjAlMjAlMjAlM0NnJTIwY2xhc3MlM0QlMjJwYXJhbGxheCUyMiUzRSUwQSUyMCUyMCUyMCUyMCUyMCUyMCUyMCUyMCUyMCUyMCUyMCUyMCUyMCUyMCUyMCUyMCUyMCUyMCUyMCUyMCUyMCUyMCUyMCUyMCUzQ3VzZSUyMHhsaW5rJTNBaHJlZiUzRCUyMiUyM2dlbnRsZS13YXZlJTIyJTIweCUzRCUyMjQ4JTIyJTIweSUzRCUyMjAlMjIlMjBmaWxsJTNEJTIycmdiYSUyODI1NSUyQzI1NSUyQzI1NSUyQzAuNyUyMiUyMCUyRiUzRSUwQSUyMCUyMCUyMCUyMCUyMCUyMCUyMCUyMCUyMCUyMCUyMCUyMCUyMCUyMCUyMCUyMCUyMCUyMCUyMCUyMCUyMCUyMCUyMCUyMCUzQ3VzZSUyMHhsaW5rJTNBaHJlZiUzRCUyMiUyM2dlbnRsZS13YXZlJTIyJTIweCUzRCUyMjQ4JTIyJTIweSUzRCUyMjMlMjIlMjBmaWxsJTNEJTIycmdiYSUyODI1NSUyQzI1NSUyQzI1NSUyQzAuNSUyOSUyMiUyMCUyRiUzRSUwQSUyMCUyMCUyMCUyMCUyMCUyMCUyMCUyMCUyMCUyMCUyMCUyMCUyMCUyMCUyMCUyMCUyMCUyMCUyMCUyMCUyMCUyMCUyMCUyMCUzQ3VzZSUyMHhsaW5rJTNBaHJlZiUzRCUyMiUyM2dlbnRsZS13YXZlJTIyJTIweCUzRCUyMjQ4JTIyJTIweSUzRCUyMjUlMjIlMjBmaWxsJTNEJTIycmdiYSUyODI1NSUyQzI1NSUyQzI1NSUyQzAuMyUyOSUyMiUyMCUyRiUzRSUwQSUyMCUyMCUyMCUyMCUyMCUyMCUyMCUyMCUyMCUyMCUyMCUyMCUyMCUyMCUyMCUyMCUyMCUyMCUyMCUyMCUyMCUyMCUyMCUyMCUzQ3VzZSUyMHhsaW5rJTNBaHJlZiUzRCUyMiUyM2dlbnRsZS13YXZlJTIyJTIweCUzRCUyMjQ4JTIyJTIweSUzRCUyMjclMjIlMjBmaWxsJTNEJTIyJTIzZmZmJTIyJTIwJTJGJTNFJTBBJTIwJTIwJTIwJTIwJTIwJTIwJTIwJTIwJTIwJTIwJTIwJTIwJTIwJTIwJTIwJTIwJTIwJTIwJTIwJTIwJTNDJTJGZyUzRSUwQSUyMCUyMCUyMCUyMCUyMCUyMCUyMCUyMCUyMCUyMCUyMCUyMCUyMCUyMCUyMCUyMCUzQyUyRnN2ZyUzRSUwQSUyMCUyMCUyMCUyMCUyMCUyMCUyMCUyMCUyMCUyMCUyMCUyMCUzQyUyRmRpdiUzRSUwQQ==[\/vc_raw_html][\/vc_column_inner][\/vc_row_inner][\/vc_column][\/vc_row][mk_page_section bg_color=\u00bb#ffffff\u00bb attachment=\u00bbfixed\u00bb bg_position=\u00bbcenter top\u00bb bg_repeat=\u00bbno-repeat\u00bb enable_3d=\u00bbtrue\u00bb full_width=\u00bbtrue\u00bb padding_top=\u00bb30&#8243; padding_bottom=\u00bb30&#8243; top_shape_style=\u00bbcurve-top\u00bb top_shape_bg_color=\u00bbrgba(255,255,255,0)\u00bb sidebar=\u00bbsidebar-1&#8243; first_page=\u00bbfalse\u00bb last_page=\u00bbfalse\u00bb][vc_column css=\u00bb.vc_custom_1668987388736{margin-bottom: -10px !important;border-bottom-width: -10px !important;padding-bottom: -10px !important;}\u00bb][vc_row_inner is_fullwidth_content=\u00bbfalse\u00bb][vc_column_inner width=\u00bb1\/3&#8243;][mk_button dimension=\u00bbflat\u00bb size=\u00bblarge\u00bb icon=\u00bbmk-moon-steps\u00bb url=\u00bbhttps:\/\/congresoaepap.org\/2026\/wp-content\/uploads\/2024\/09\/sede_comollegar.pdf\u00bb target=\u00bb_blank\u00bb align=\u00bbcenter\u00bb fullwidth=\u00bbtrue\u00bb bg_color=\u00bb#008a2e\u00bb btn_hover_bg=\u00bb#000000&#8243; btn_hover_txt_color=\u00bb#ffffff\u00bb]<b>COMO LLEGAR<\/b>[\/mk_button][\/vc_column_inner][vc_column_inner width=\u00bb1\/3&#8243;][mk_button dimension=\u00bbflat\u00bb size=\u00bblarge\u00bb icon=\u00bbmk-moon-map-3&#8243; url=\u00bbhttps:\/\/congresoaepap.org\/2026\/wp-content\/uploads\/2024\/09\/plano_sede.pdf\u00bb target=\u00bb_blank\u00bb align=\u00bbcenter\u00bb fullwidth=\u00bbtrue\u00bb bg_color=\u00bb#dd0044&#8243; btn_hover_bg=\u00bb#000000&#8243; btn_hover_txt_color=\u00bb#ffffff\u00bb]<b>PLANOS<\/b>[\/mk_button][\/vc_column_inner][vc_column_inner width=\u00bb1\/3&#8243;][mk_button dimension=\u00bbflat\u00bb size=\u00bblarge\u00bb letter_spacing=\u00bb0&#8243; icon=\u00bbmk-icon-car\u00bb url=\u00bbhttps:\/\/congresoaepap.org\/2026\/wp-content\/uploads\/2026\/01\/parking-22-congreso-aepap-2026.pdf\u00bb target=\u00bb_blank\u00bb align=\u00bbcenter\u00bb fullwidth=\u00bbtrue\u00bb margin_top=\u00bb0&#8243; margin_bottom=\u00bb15&#8243; margin_right=\u00bb15&#8243; bg_color=\u00bb#1e73be\u00bb btn_hover_bg=\u00bb#000000&#8243; btn_hover_txt_color=\u00bb#ffffff\u00bb]<b>PARKINGS EN EL AREA<\/b>[\/mk_button][\/vc_column_inner][\/vc_row_inner][mk_padding_divider][vc_row_inner is_fullwidth_content=\u00bbfalse\u00bb][vc_column_inner width=\u00bb1\/3&#8243;][mk_fancy_title color=\u00bb#000000&#8243; size=\u00bb17&#8243; force_font_size=\u00bbtrue\u00bb size_smallscreen=\u00bb14&#8243; size_tablet=\u00bb14&#8243; size_phone=\u00bb14&#8243; line_height=\u00bb176&#8243; font_style=\u00bbnormal\u00bb txt_transform=\u00bbnone\u00bb margin_bottom=\u00bb-30&#8243; font_family=\u00bbnone\u00bb responsive_align=\u00bbleft\u00bb]\n<h4><a href=\"https:\/\/www.novotelmadridcenter.com\/\" target=\"_blank\" rel=\"noopener\"><img loading=\"lazy\" decoding=\"async\" class=\"alignleft wp-image-11528 size-medium\" src=\"https:\/\/congresoaepap.org\/2026\/wp-content\/uploads\/2024\/08\/logo-novotel-1-300x105.png\" alt=\"\" width=\"300\" height=\"105\" srcset=\"https:\/\/congresoaepap.org\/2026\/wp-content\/uploads\/2024\/08\/logo-novotel-1-300x105.png 300w, https:\/\/congresoaepap.org\/2026\/wp-content\/uploads\/2024\/08\/logo-novotel-1-1024x358.png 1024w, https:\/\/congresoaepap.org\/2026\/wp-content\/uploads\/2024\/08\/logo-novotel-1-768x269.png 768w, https:\/\/congresoaepap.org\/2026\/wp-content\/uploads\/2024\/08\/logo-novotel-1.png 1466w\" sizes=\"auto, (max-width: 300px) 100vw, 300px\" \/><\/a><\/h4>\n<p>Calle de O&#8217;Donnell, 53. 28009 Madrid<br \/>\nTel\u00e9fono: <a href=\"tel:+34912214060\">912 21 40 60<\/a><br \/>\n<a href=\"https:\/\/www.novotelmadridcenter.com\/\" target=\"_blank\" rel=\"noopener\">www.novotelmadridcenter.com<\/a>[\/mk_fancy_title][mk_gallery images=\u00bb11536,11538&#8243; column=\u00bb1&#8243; height=\u00bb375&#8243; overlay_color=\u00bbrgba(255,255,255,0.1)\u00bb item_spacing=\u00bb10&#8243; margin_bottom=\u00bb0&#8243; frame_style=\u00bbgrid\u00bb pagination=\u00bbtrue\u00bb count=\u00bb6&#8243; orderby=\u00bbrand\u00bb visibility=\u00bbhidden-sm\u00bb][\/vc_column_inner][vc_column_inner width=\u00bb2\/3&#8243;][vc_separator color=\u00bborange\u00bb css=\u00bb\u00bb][vc_column_text css=\u00bb.vc_custom_1726498895794{margin-bottom: 0px !important;}\u00bb]\n<h5>El hotel<\/h5>\n[\/vc_column_text][vc_separator color=\u00bborange\u00bb css=\u00bb\u00bb][mk_fancy_title color=\u00bb#000000&#8243; size=\u00bb15&#8243; force_font_size=\u00bbtrue\u00bb size_smallscreen=\u00bb14&#8243; size_tablet=\u00bb14&#8243; size_phone=\u00bb14&#8243; line_height=\u00bb176&#8243; font_style=\u00bbnormal\u00bb txt_transform=\u00bbnone\u00bb margin_bottom=\u00bb-30&#8243; font_family=\u00bbnone\u00bb responsive_align=\u00bbleft\u00bb]El totalmente renovado NOVOTEL MADRID CENTER,\u00a0 cuenta con una de las mayores capacidades de reuniones y eventos de Madrid. Situado en el coraz\u00f3n de la ciudad, a tan s\u00f3lo 5 minutos andando del parque de El Retiro y a 11 km del aeropuerto, ofrece una situaci\u00f3n privilegiada. Estamos a 200 metros de la parada de autob\u00fas Aeropuerto Express 24 horas.<\/p>\n<p>El hotel cuenta con 3.000 m2 de espacios para eventos se dividen entre 30 salas dise\u00f1adas para ofrecer las soluciones tecnol\u00f3gicas m\u00e1s exigentes y para asegurar el m\u00e1ximo nivel de servicio y confort.[\/mk_fancy_title][vc_column_text css=\u00bb.vc_custom_1726498484422{margin-bottom: 0px !important;}\u00bb]\n<h5>Transporte<\/h5>\n[\/vc_column_text][vc_column_text css=\u00bb.vc_custom_1754991119825{margin-bottom: 0px !important;}\u00bb]Para todos los inscritos al 22\u00ba Congreso\u00a0 estamos negociando descuentos con Renfe en sus tarifas de transporte.<\/p>\n<p>solicite su descuento a <a href=\"mailto:secretariatecnicaaepap@sebgar.com\">secretariatecnicaaepap@sebgar.com<\/a>[\/vc_column_text][\/vc_column_inner][\/vc_row_inner][vc_row_inner is_fullwidth_content=\u00bbfalse\u00bb][vc_column_inner][mk_padding_divider][\/vc_column_inner][\/vc_row_inner][\/vc_column][\/mk_page_section][vc_row fullwidth=\u00bbtrue\u00bb][vc_column][vc_gmaps link=\u00bb#E-8_JTNDaWZyYW1lJTIwc3JjJTNEJTIyaHR0cHMlM0ElMkYlMkZ3d3cuZ29vZ2xlLmNvbSUyRm1hcHMlMkZlbWJlZCUzRnBiJTNEJTIxMW0xOCUyMTFtMTIlMjExbTMlMjExZDMwMzcuNDIyNjI1MzYzNzA3JTIxMmQtMy42NzQ4NjQwODc1ODUzNDIlMjEzZDQwLjQyMTYzOTc3MTMxOTY1JTIxMm0zJTIxMWYwJTIxMmYwJTIxM2YwJTIxM20yJTIxMWkxMDI0JTIxMmk3NjglMjE0ZjEzLjElMjEzbTMlMjExbTIlMjExczB4ZDQyMjhhZjBiMWIwMDBmJTI1M0EweGU4MWQ4Njg1NThjYzlhM2UlMjEyc05vdm90ZWwlMjUyME1hZHJpZCUyNTIwQ2VudGVyJTIxNWUwJTIxM20yJTIxMXNlcyUyMTJzZXMlMjE0djE3MjQ0NDI0OTA4OTMlMjE1bTIlMjExc2VzJTIxMnNlcyUyMiUyMHdpZHRoJTNEJTIyNjAwJTIyJTIwaGVpZ2h0JTNEJTIyNDUwJTIyJTIwc3R5bGUlM0QlMjJib3JkZXIlM0EwJTNCJTIyJTIwYWxsb3dmdWxsc2NyZWVuJTNEJTIyJTIyJTIwbG9hZGluZyUzRCUyMmxhenklMjIlMjByZWZlcnJlcnBvbGljeSUzRCUyMm5vLXJlZmVycmVyLXdoZW4tZG93bmdyYWRlJTIyJTNFJTNDJTJGaWZyYW1lJTNF\u00bb css=\u00bb.vc_custom_1724442514088{margin-bottom: -10px !important;border-bottom-width: -10px !important;padding-bottom: -10px !important;}\u00bb][\/vc_column][\/vc_row][vc_row][vc_column][mk_padding_divider][\/vc_column][\/vc_row]\n<\/div>","protected":false},"excerpt":{"rendered":"<p>[vc_row fullwidth=\u00bbtrue\u00bb parallax=\u00bbcontent-moving-fade\u00bb parallax_image=\u00bb11314&#8243; parallax_speed_bg=\u00bb1&#8243; css=\u00bb.vc_custom_1721156163180{margin-bottom: -10px !important;border-bottom-width: -10px !important;padding-bottom: -10px !important;background-color: #eb6072 !important;background-position: center;background-repeat: no-repeat !important;background-size: cover !important;}\u00bb][vc_column css=\u00bb.vc_custom_1703196275772{margin-bottom: -5px !important;border-bottom-width: -5px !important;padding-bottom: -5px !important;background-position: center !important;background-repeat: no-repeat !important;background-size: contain !important;}\u00bb][mk_padding_divider size=\u00bb65&#8243; visibility=\u00bbhidden-sm\u00bb][mk_padding_divider visibility=\u00bbvisible-sm\u00bb][mk_fancy_title color=\u00bb#b9271a\u00bb size=\u00bb50&#8243; force_font_size=\u00bbtrue\u00bb size_smallscreen=\u00bb40&#8243; size_tablet=\u00bb40&#8243; size_phone=\u00bb35&#8243; margin_bottom=\u00bb0&#8243; font_family=\u00bbImpact, Charcoal, sans-serif\u00bb font_type=\u00bbsafefont\u00bb align=\u00bbcenter\u00bb]\u00a0 Sede\u00a0\u00a0[\/mk_fancy_title][mk_padding_divider][vc_row_inner attached=\u00bbtrue\u00bb][vc_column_inner css=\u00bb.vc_custom_1687794206690{margin-top: -60px !important;margin-bottom: -30px !important;border-top-width: -60px [&hellip;]<\/p>\n","protected":false},"author":3297,"featured_media":0,"parent":0,"menu_order":0,"comment_status":"closed","ping_status":"closed","template":"","meta":{"footnotes":""},"class_list":["post-10755","page","type-page","status-publish","hentry"],"publishpress_future_action":{"enabled":false,"date":"2026-04-19 13:44:02","action":"change-status","newStatus":"draft","terms":[],"taxonomy":"","extraData":[]},"publishpress_future_workflow_manual_trigger":{"enabledWorkflows":[]},"_links":{"self":[{"href":"https:\/\/congresoaepap.org\/2026\/wp-json\/wp\/v2\/pages\/10755","targetHints":{"allow":["GET"]}}],"collection":[{"href":"https:\/\/congresoaepap.org\/2026\/wp-json\/wp\/v2\/pages"}],"about":[{"href":"https:\/\/congresoaepap.org\/2026\/wp-json\/wp\/v2\/types\/page"}],"author":[{"embeddable":true,"href":"https:\/\/congresoaepap.org\/2026\/wp-json\/wp\/v2\/users\/3297"}],"replies":[{"embeddable":true,"href":"https:\/\/congresoaepap.org\/2026\/wp-json\/wp\/v2\/comments?post=10755"}],"version-history":[{"count":41,"href":"https:\/\/congresoaepap.org\/2026\/wp-json\/wp\/v2\/pages\/10755\/revisions"}],"predecessor-version":[{"id":12411,"href":"https:\/\/congresoaepap.org\/2026\/wp-json\/wp\/v2\/pages\/10755\/revisions\/12411"}],"wp:attachment":[{"href":"https:\/\/congresoaepap.org\/2026\/wp-json\/wp\/v2\/media?parent=10755"}],"curies":[{"name":"wp","href":"https:\/\/api.w.org\/{rel}","templated":true}]}}