{"id":10746,"date":"2025-08-24T09:33:14","date_gmt":"2025-08-24T08:33:14","guid":{"rendered":"https:\/\/congresoaepap.org\/2026\/?page_id=10746"},"modified":"2025-08-24T19:00:35","modified_gmt":"2025-08-24T18:00:35","slug":"comites","status":"publish","type":"page","link":"https:\/\/congresoaepap.org\/2026\/comites\/","title":{"rendered":"Comit\u00e9s"},"content":{"rendered":"<div class=\"wpb-content-wrapper\">[vc_row fullwidth=\u00bbtrue\u00bb parallax=\u00bbcontent-moving-fade\u00bb parallax_image=\u00bb11314&#8243; parallax_speed_bg=\u00bb1&#8243; css=\u00bb.vc_custom_1721226127796{margin-bottom: -10px !important;border-bottom-width: -10px !important;padding-bottom: -10px !important;background-color: #dd0044 !important;background-position: center;background-repeat: no-repeat !important;background-size: cover !important;}\u00bb][vc_column css=\u00bb.vc_custom_1703196275772{margin-bottom: -5px !important;border-bottom-width: -5px !important;padding-bottom: -5px !important;background-position: center !important;background-repeat: no-repeat !important;background-size: contain !important;}\u00bb][mk_padding_divider size=\u00bb65&#8243; visibility=\u00bbhidden-sm\u00bb][mk_padding_divider visibility=\u00bbvisible-sm\u00bb][mk_fancy_title color=\u00bb#b9271a\u00bb size=\u00bb50&#8243; force_font_size=\u00bbtrue\u00bb size_smallscreen=\u00bb40&#8243; size_tablet=\u00bb40&#8243; size_phone=\u00bb35&#8243; margin_bottom=\u00bb0&#8243; font_family=\u00bbImpact, Charcoal, sans-serif\u00bb font_type=\u00bbsafefont\u00bb align=\u00bbcenter\u00bb]<span style=\"background-color: #ffffff;\">\u00a0\u00a0Comit\u00e9s\u00a0\u00a0<\/span>[\/mk_fancy_title][mk_padding_divider][vc_row_inner attached=\u00bbtrue\u00bb][vc_column_inner css=\u00bb.vc_custom_1687794206690{margin-top: -60px !important;margin-bottom: -30px !important;border-top-width: -60px !important;border-bottom-width: -30px !important;padding-top: -60px !important;padding-bottom: -30px !important;}\u00bb][vc_raw_html css=\u00bb.vc_custom_1668987405118{margin-top: -30px !important;border-top-width: -30px !important;padding-top: -30px !important;}\u00bb]JTNDZGl2JTNFJTBBJTIwJTIwJTIwJTIwJTIwJTIwJTIwJTIwJTIwJTIwJTIwJTIwJTIwJTIwJTIwJTIwJTNDc3ZnJTIwY2xhc3MlM0QlMjJ3YXZlcyUyMiUyMHhtbG5zJTNEJTIyaHR0cCUzQSUyRiUyRnd3dy53My5vcmclMkYyMDAwJTJGc3ZnJTIyJTIweG1sbnMlM0F4bGluayUzRCUyMmh0dHAlM0ElMkYlMkZ3d3cudzMub3JnJTJGMTk5OSUyRnhsaW5rJTIyJTIwdmlld0JveCUzRCUyMjAlMjAyNCUyMDE1MCUyMDI4JTIyJTIwcHJlc2VydmVBc3BlY3RSYXRpbyUzRCUyMm5vbmUlMjIlMjBzaGFwZS1yZW5kZXJpbmclM0QlMjJhdXRvJTIyJTNFJTBBJTIwJTIwJTIwJTIwJTIwJTIwJTIwJTIwJTIwJTIwJTIwJTIwJTIwJTIwJTIwJTIwJTIwJTIwJTIwJTIwJTNDZGVmcyUzRSUwQSUyMCUyMCUyMCUyMCUyMCUyMCUyMCUyMCUyMCUyMCUyMCUyMCUyMCUyMCUyMCUyMCUyMCUyMCUyMCUyMCUyMCUyMCUyMCUyMCUzQ3BhdGglMjBpZCUzRCUyMmdlbnRsZS13YXZlJTIyJTIwZCUzRCUyMk0tMTYwJTIwNDRjMzAlMjAwJTIwNTgtMTglMjA4OC0xOHMlMjA1OCUyMDE4JTIwODglMjAxOCUyMDU4LTE4JTIwODgtMTglMjA1OCUyMDE4JTIwODglMjAxOCUyMHY0NGgtMzUyeiUyMiUyMCUyRiUzRSUwQSUyMCUyMCUyMCUyMCUyMCUyMCUyMCUyMCUyMCUyMCUyMCUyMCUyMCUyMCUyMCUyMCUyMCUyMCUyMCUyMCUzQyUyRmRlZnMlM0UlMEElMjAlMjAlMjAlMjAlMjAlMjAlMjAlMjAlMjAlMjAlMjAlMjAlMjAlMjAlMjAlMjAlMjAlMjAlMjAlMjAlM0NnJTIwY2xhc3MlM0QlMjJwYXJhbGxheCUyMiUzRSUwQSUyMCUyMCUyMCUyMCUyMCUyMCUyMCUyMCUyMCUyMCUyMCUyMCUyMCUyMCUyMCUyMCUyMCUyMCUyMCUyMCUyMCUyMCUyMCUyMCUzQ3VzZSUyMHhsaW5rJTNBaHJlZiUzRCUyMiUyM2dlbnRsZS13YXZlJTIyJTIweCUzRCUyMjQ4JTIyJTIweSUzRCUyMjAlMjIlMjBmaWxsJTNEJTIycmdiYSUyODI1NSUyQzI1NSUyQzI1NSUyQzAuNyUyMiUyMCUyRiUzRSUwQSUyMCUyMCUyMCUyMCUyMCUyMCUyMCUyMCUyMCUyMCUyMCUyMCUyMCUyMCUyMCUyMCUyMCUyMCUyMCUyMCUyMCUyMCUyMCUyMCUzQ3VzZSUyMHhsaW5rJTNBaHJlZiUzRCUyMiUyM2dlbnRsZS13YXZlJTIyJTIweCUzRCUyMjQ4JTIyJTIweSUzRCUyMjMlMjIlMjBmaWxsJTNEJTIycmdiYSUyODI1NSUyQzI1NSUyQzI1NSUyQzAuNSUyOSUyMiUyMCUyRiUzRSUwQSUyMCUyMCUyMCUyMCUyMCUyMCUyMCUyMCUyMCUyMCUyMCUyMCUyMCUyMCUyMCUyMCUyMCUyMCUyMCUyMCUyMCUyMCUyMCUyMCUzQ3VzZSUyMHhsaW5rJTNBaHJlZiUzRCUyMiUyM2dlbnRsZS13YXZlJTIyJTIweCUzRCUyMjQ4JTIyJTIweSUzRCUyMjUlMjIlMjBmaWxsJTNEJTIycmdiYSUyODI1NSUyQzI1NSUyQzI1NSUyQzAuMyUyOSUyMiUyMCUyRiUzRSUwQSUyMCUyMCUyMCUyMCUyMCUyMCUyMCUyMCUyMCUyMCUyMCUyMCUyMCUyMCUyMCUyMCUyMCUyMCUyMCUyMCUyMCUyMCUyMCUyMCUzQ3VzZSUyMHhsaW5rJTNBaHJlZiUzRCUyMiUyM2dlbnRsZS13YXZlJTIyJTIweCUzRCUyMjQ4JTIyJTIweSUzRCUyMjclMjIlMjBmaWxsJTNEJTIyJTIzZmZmJTIyJTIwJTJGJTNFJTBBJTIwJTIwJTIwJTIwJTIwJTIwJTIwJTIwJTIwJTIwJTIwJTIwJTIwJTIwJTIwJTIwJTIwJTIwJTIwJTIwJTNDJTJGZyUzRSUwQSUyMCUyMCUyMCUyMCUyMCUyMCUyMCUyMCUyMCUyMCUyMCUyMCUyMCUyMCUyMCUyMCUzQyUyRnN2ZyUzRSUwQSUyMCUyMCUyMCUyMCUyMCUyMCUyMCUyMCUyMCUyMCUyMCUyMCUzQyUyRmRpdiUzRSUwQQ==[\/vc_raw_html][\/vc_column_inner][\/vc_row_inner][\/vc_column][\/vc_row][mk_page_section vertical_align=\u00bbbottom\u00bb bg_color=\u00bb#ffffff\u00bb attachment=\u00bbfixed\u00bb bg_position=\u00bbcenter top\u00bb bg_repeat=\u00bbno-repeat\u00bb enable_3d=\u00bbtrue\u00bb full_width=\u00bbtrue\u00bb padding_top=\u00bb0&#8243; top_shape_style=\u00bbcurve-top\u00bb top_shape_bg_color=\u00bbrgba(255,255,255,0)\u00bb sidebar=\u00bbsidebar-1&#8243; first_page=\u00bbfalse\u00bb last_page=\u00bbfalse\u00bb][vc_column css=\u00bb.vc_custom_1668987388736{margin-bottom: -10px !important;border-bottom-width: -10px !important;padding-bottom: -10px !important;}\u00bb][mk_padding_divider][vc_row_inner attached=\u00bbtrue\u00bb is_fullwidth_content=\u00bbfalse\u00bb column_padding=\u00bb3&#8243;][vc_column_inner width=\u00bb1\/2&#8243;][vc_column_text css=\u00bb.vc_custom_1724431893362{margin-bottom: 0px !important;}\u00bb]\n<h4 class=\"fusion-responsive-typography-calculated\" data-fontsize=\"18\" data-lineheight=\"25.92px\">Comit\u00e9 organizador<\/h4>\n[\/vc_column_text][vc_separator color=\u00bbgreen\u00bb css=\u00bb\u00bb][vc_column_text margin_bottom=\u00bb40&#8243; css=\u00bb.vc_custom_1726481714120{margin-bottom: 0px !important;}\u00bb]<strong>Victoria Mart\u00ednez Rubio<\/strong> (coordinadora). CS Los Fresnos. Torrej\u00f3n de Ardoz. Madrid.<\/p>\n<p><strong>Mar\u00eda Isabel Astiz Blanco<\/strong>. CS Santa Hortensia. Madrid.<\/p>\n<p><strong>Esther Bernal Va\u00f1\u00f3<\/strong>. CS Azuqueca de Henares. Guadalajara. Castilla La Mancha.<\/p>\n<p><strong>Yolanda Mart\u00edn Peinador<\/strong>. CS Goya. Madrid.<\/p>\n<p><strong>\u00c1lvaro Rando Diego<\/strong>. Velilla San Antonio. CS Mejorada del Campo. Madrid.[\/vc_column_text][vc_column_text css=\u00bb.vc_custom_1724431988572{margin-bottom: 0px !important;}\u00bb]\n<h4 class=\"fusion-responsive-typography-calculated\" data-fontsize=\"18\" data-lineheight=\"25.92px\">Comit\u00e9 de comunicaciones<\/h4>\n[\/vc_column_text][vc_separator color=\u00bbgreen\u00bb css=\u00bb\u00bb][vc_column_text margin_bottom=\u00bb40&#8243; css=\u00bb.vc_custom_1724431978762{margin-bottom: 0px !important;}\u00bb]<strong>Victoria Mart\u00ednez Rubio <\/strong>(coordinadora). CS Los Fresnos. Torrej\u00f3n de Ardoz. Madrid.<\/p>\n<p><strong>Luis A. Alonso Garc\u00eda<\/strong>. Hospital Infantil La Paz. Madrid<\/p>\n<p><strong>Guadalupe del Castillo Aguas<\/strong>. Unidad de Atenci\u00f3n Infantil Temprana. Centro de Salud Colonia Sta. In\u00e9s. M\u00e1laga. Andaluc\u00eda<\/p>\n<p><strong>Miguel \u00c1ngel Fern\u00e1ndez-Cuesta Valcarce<\/strong>. CS Juan de la Cierva. Getafe. Madrid.<\/p>\n<p><strong>Josep Balaguer Mart\u00ednez<\/strong>. CAP Sant Ildefons. Cornell\u00e0 de Llobregat, Barcelona[\/vc_column_text][\/vc_column_inner][vc_column_inner width=\u00bb1\/2&#8243;][vc_column_text css=\u00bb.vc_custom_1724431924493{margin-bottom: 0px !important;}\u00bb]\n<h4 class=\"fusion-responsive-typography-calculated\" data-fontsize=\"18\" data-lineheight=\"25.92px\">Comit\u00e9 cient\u00edfico<\/h4>\n[\/vc_column_text][vc_separator color=\u00bbgreen\u00bb css=\u00bb\u00bb][vc_column_text margin_bottom=\u00bb40&#8243; css=\u00bb.vc_custom_1726481728764{margin-bottom: 0px !important;}\u00bb]<strong>M\u00aa Dolores Cantarero Vallejo<\/strong>. CS de Illescas. Toledo. Castilla La Mancha.<\/p>\n<p><strong>Nagore Espa\u00f1ol Roca<\/strong>. CAP Manso. Barcelona. Catalu\u00f1a.<\/p>\n<p><strong>Miguel \u00c1ngel Fern\u00e1ndez-Cuesta Valcarce<\/strong>. CS Juan de la Cierva. Getafe. Madrid.<\/p>\n<p><strong>Ana Gallego Iborra<\/strong>. Unidad de Atenci\u00f3n Infantil Temprana\u00a0 (UAIT). M\u00e1laga. Andaluc\u00eda.<\/p>\n<p><strong>Juan Rodr\u00edguez Delgado<\/strong>. CS Alpedrete. Alpedrete. Madrid.<\/p>\n<p><strong>Margarita S\u00e1nchez Calder\u00f3n<\/strong>. CS Alameda de Osuna. Madrid.[\/vc_column_text][vc_column_text css=\u00bb.vc_custom_1724431947836{margin-bottom: 0px !important;}\u00bb]\n<h4 class=\"fusion-responsive-typography-calculated\" data-fontsize=\"18\" data-lineheight=\"25.92px\">Comit\u00e9 editorial del libro del congreso<\/h4>\n[\/vc_column_text][vc_separator color=\u00bbgreen\u00bb css=\u00bb\u00bb][vc_column_text margin_bottom=\u00bb40&#8243; css=\u00bb.vc_custom_1724431934156{margin-bottom: 0px !important;}\u00bb]<strong>Luis A. Alonso Garc\u00eda<\/strong> (coordinador). Hospital Infantil La Paz. Madrid.<\/p>\n<p><strong>Irene Saiz Rodr\u00edguez<\/strong>. Pediatra. CS Colmenar Viejo Norte. Madrid.<\/p>\n<p><strong>M.\u00aa Jos\u00e9 Mart\u00ednez Chamorro<\/strong>. Pediatra. CS Polanco. Polanco. Cantabria.[\/vc_column_text][\/vc_column_inner][\/vc_row_inner][vc_row_inner is_fullwidth_content=\u00bbfalse\u00bb][vc_column_inner width=\u00bb1\/6&#8243;][\/vc_column_inner][vc_column_inner width=\u00bb2\/3&#8243;][vc_column_text css=\u00bb.vc_custom_1754989488093{margin-bottom: 0px !important;}\u00bb]<img loading=\"lazy\" decoding=\"async\" class=\"aligncenter wp-image-12109 size-large\" src=\"https:\/\/congresoaepap.org\/2026\/wp-content\/uploads\/2025\/08\/22-Congreso-AEPAP-2026-lema-1024x84.jpg\" alt=\"\" width=\"1024\" height=\"84\" srcset=\"https:\/\/congresoaepap.org\/2026\/wp-content\/uploads\/2025\/08\/22-Congreso-AEPAP-2026-lema-1024x84.jpg 1024w, https:\/\/congresoaepap.org\/2026\/wp-content\/uploads\/2025\/08\/22-Congreso-AEPAP-2026-lema-1536x127.jpg 1536w, https:\/\/congresoaepap.org\/2026\/wp-content\/uploads\/2025\/08\/22-Congreso-AEPAP-2026-lema-2048x169.jpg 2048w, https:\/\/congresoaepap.org\/2026\/wp-content\/uploads\/2025\/08\/22-Congreso-AEPAP-2026-lema-300x25.jpg 300w, https:\/\/congresoaepap.org\/2026\/wp-content\/uploads\/2025\/08\/22-Congreso-AEPAP-2026-lema-768x63.jpg 768w\" sizes=\"auto, (max-width: 1024px) 100vw, 1024px\" \/>[\/vc_column_text][mk_padding_divider size=\u00bb30&#8243;][\/vc_column_inner][vc_column_inner width=\u00bb1\/6&#8243;][\/vc_column_inner][\/vc_row_inner][\/vc_column][\/mk_page_section]\n<\/div>","protected":false},"excerpt":{"rendered":"<p>[vc_row fullwidth=\u00bbtrue\u00bb parallax=\u00bbcontent-moving-fade\u00bb parallax_image=\u00bb11314&#8243; parallax_speed_bg=\u00bb1&#8243; css=\u00bb.vc_custom_1721226127796{margin-bottom: -10px !important;border-bottom-width: -10px !important;padding-bottom: -10px !important;background-color: #dd0044 !important;background-position: center;background-repeat: no-repeat !important;background-size: cover !important;}\u00bb][vc_column css=\u00bb.vc_custom_1703196275772{margin-bottom: -5px !important;border-bottom-width: -5px !important;padding-bottom: -5px !important;background-position: center !important;background-repeat: no-repeat !important;background-size: contain !important;}\u00bb][mk_padding_divider size=\u00bb65&#8243; visibility=\u00bbhidden-sm\u00bb][mk_padding_divider visibility=\u00bbvisible-sm\u00bb][mk_fancy_title color=\u00bb#b9271a\u00bb size=\u00bb50&#8243; force_font_size=\u00bbtrue\u00bb size_smallscreen=\u00bb40&#8243; size_tablet=\u00bb40&#8243; size_phone=\u00bb35&#8243; margin_bottom=\u00bb0&#8243; font_family=\u00bbImpact, Charcoal, sans-serif\u00bb font_type=\u00bbsafefont\u00bb align=\u00bbcenter\u00bb]\u00a0\u00a0Comit\u00e9s\u00a0\u00a0[\/mk_fancy_title][mk_padding_divider][vc_row_inner attached=\u00bbtrue\u00bb][vc_column_inner css=\u00bb.vc_custom_1687794206690{margin-top: -60px !important;margin-bottom: -30px !important;border-top-width: -60px !important;border-bottom-width: [&hellip;]<\/p>\n","protected":false},"author":3297,"featured_media":0,"parent":0,"menu_order":0,"comment_status":"closed","ping_status":"closed","template":"","meta":{"footnotes":""},"class_list":["post-10746","page","type-page","status-publish","hentry"],"publishpress_future_action":{"enabled":false,"date":"2026-04-19 15:47:32","action":"change-status","newStatus":"draft","terms":[],"taxonomy":"","extraData":[]},"publishpress_future_workflow_manual_trigger":{"enabledWorkflows":[]},"_links":{"self":[{"href":"https:\/\/congresoaepap.org\/2026\/wp-json\/wp\/v2\/pages\/10746","targetHints":{"allow":["GET"]}}],"collection":[{"href":"https:\/\/congresoaepap.org\/2026\/wp-json\/wp\/v2\/pages"}],"about":[{"href":"https:\/\/congresoaepap.org\/2026\/wp-json\/wp\/v2\/types\/page"}],"author":[{"embeddable":true,"href":"https:\/\/congresoaepap.org\/2026\/wp-json\/wp\/v2\/users\/3297"}],"replies":[{"embeddable":true,"href":"https:\/\/congresoaepap.org\/2026\/wp-json\/wp\/v2\/comments?post=10746"}],"version-history":[{"count":29,"href":"https:\/\/congresoaepap.org\/2026\/wp-json\/wp\/v2\/pages\/10746\/revisions"}],"predecessor-version":[{"id":12121,"href":"https:\/\/congresoaepap.org\/2026\/wp-json\/wp\/v2\/pages\/10746\/revisions\/12121"}],"wp:attachment":[{"href":"https:\/\/congresoaepap.org\/2026\/wp-json\/wp\/v2\/media?parent=10746"}],"curies":[{"name":"wp","href":"https:\/\/api.w.org\/{rel}","templated":true}]}}