{"id":10740,"date":"2025-08-24T17:57:47","date_gmt":"2025-08-24T16:57:47","guid":{"rendered":"https:\/\/congresoaepap.org\/2026\/?page_id=10740"},"modified":"2025-08-24T19:03:11","modified_gmt":"2025-08-24T18:03:11","slug":"sobre-la-aepap","status":"publish","type":"page","link":"https:\/\/congresoaepap.org\/2026\/sobre-la-aepap\/","title":{"rendered":"Sobre la AEPap"},"content":{"rendered":"<div class=\"wpb-content-wrapper\">[vc_row fullwidth=\u00bbtrue\u00bb parallax=\u00bbcontent-moving-fade\u00bb parallax_image=\u00bb11314&#8243; parallax_speed_bg=\u00bb1&#8243; css=\u00bb.vc_custom_1721226318571{margin-bottom: -10px !important;border-bottom-width: -10px !important;padding-bottom: -10px !important;background-color: #dd0044 !important;background-position: center;background-repeat: no-repeat !important;background-size: cover !important;}\u00bb][vc_column css=\u00bb.vc_custom_1703196275772{margin-bottom: -5px !important;border-bottom-width: -5px !important;padding-bottom: -5px !important;background-position: center !important;background-repeat: no-repeat !important;background-size: contain !important;}\u00bb][mk_padding_divider size=\u00bb65&#8243; visibility=\u00bbhidden-sm\u00bb][mk_padding_divider visibility=\u00bbvisible-sm\u00bb][mk_fancy_title color=\u00bb#b9271a\u00bb size=\u00bb50&#8243; force_font_size=\u00bbtrue\u00bb size_smallscreen=\u00bb40&#8243; size_tablet=\u00bb40&#8243; size_phone=\u00bb35&#8243; margin_bottom=\u00bb0&#8243; font_family=\u00bbImpact, Charcoal, sans-serif\u00bb font_type=\u00bbsafefont\u00bb align=\u00bbcenter\u00bb drop_shadow=\u00bbtrue\u00bb shadow_blur=\u00bb100&#8243; shadow_color=\u00bb#ffffff\u00bb]<span style=\"background-color: #ffffff;\">\u00a0 Sobre la AEPap \u00a0<\/span>[\/mk_fancy_title][mk_padding_divider][vc_row_inner attached=\u00bbtrue\u00bb][vc_column_inner css=\u00bb.vc_custom_1687794206690{margin-top: -60px !important;margin-bottom: -30px !important;border-top-width: -60px !important;border-bottom-width: -30px !important;padding-top: -60px !important;padding-bottom: -30px !important;}\u00bb][vc_raw_html css=\u00bb.vc_custom_1668987405118{margin-top: -30px !important;border-top-width: -30px !important;padding-top: -30px !important;}\u00bb]JTNDZGl2JTNFJTBBJTIwJTIwJTIwJTIwJTIwJTIwJTIwJTIwJTIwJTIwJTIwJTIwJTIwJTIwJTIwJTIwJTNDc3ZnJTIwY2xhc3MlM0QlMjJ3YXZlcyUyMiUyMHhtbG5zJTNEJTIyaHR0cCUzQSUyRiUyRnd3dy53My5vcmclMkYyMDAwJTJGc3ZnJTIyJTIweG1sbnMlM0F4bGluayUzRCUyMmh0dHAlM0ElMkYlMkZ3d3cudzMub3JnJTJGMTk5OSUyRnhsaW5rJTIyJTIwdmlld0JveCUzRCUyMjAlMjAyNCUyMDE1MCUyMDI4JTIyJTIwcHJlc2VydmVBc3BlY3RSYXRpbyUzRCUyMm5vbmUlMjIlMjBzaGFwZS1yZW5kZXJpbmclM0QlMjJhdXRvJTIyJTNFJTBBJTIwJTIwJTIwJTIwJTIwJTIwJTIwJTIwJTIwJTIwJTIwJTIwJTIwJTIwJTIwJTIwJTIwJTIwJTIwJTIwJTNDZGVmcyUzRSUwQSUyMCUyMCUyMCUyMCUyMCUyMCUyMCUyMCUyMCUyMCUyMCUyMCUyMCUyMCUyMCUyMCUyMCUyMCUyMCUyMCUyMCUyMCUyMCUyMCUzQ3BhdGglMjBpZCUzRCUyMmdlbnRsZS13YXZlJTIyJTIwZCUzRCUyMk0tMTYwJTIwNDRjMzAlMjAwJTIwNTgtMTglMjA4OC0xOHMlMjA1OCUyMDE4JTIwODglMjAxOCUyMDU4LTE4JTIwODgtMTglMjA1OCUyMDE4JTIwODglMjAxOCUyMHY0NGgtMzUyeiUyMiUyMCUyRiUzRSUwQSUyMCUyMCUyMCUyMCUyMCUyMCUyMCUyMCUyMCUyMCUyMCUyMCUyMCUyMCUyMCUyMCUyMCUyMCUyMCUyMCUzQyUyRmRlZnMlM0UlMEElMjAlMjAlMjAlMjAlMjAlMjAlMjAlMjAlMjAlMjAlMjAlMjAlMjAlMjAlMjAlMjAlMjAlMjAlMjAlMjAlM0NnJTIwY2xhc3MlM0QlMjJwYXJhbGxheCUyMiUzRSUwQSUyMCUyMCUyMCUyMCUyMCUyMCUyMCUyMCUyMCUyMCUyMCUyMCUyMCUyMCUyMCUyMCUyMCUyMCUyMCUyMCUyMCUyMCUyMCUyMCUzQ3VzZSUyMHhsaW5rJTNBaHJlZiUzRCUyMiUyM2dlbnRsZS13YXZlJTIyJTIweCUzRCUyMjQ4JTIyJTIweSUzRCUyMjAlMjIlMjBmaWxsJTNEJTIycmdiYSUyODI1NSUyQzI1NSUyQzI1NSUyQzAuNyUyMiUyMCUyRiUzRSUwQSUyMCUyMCUyMCUyMCUyMCUyMCUyMCUyMCUyMCUyMCUyMCUyMCUyMCUyMCUyMCUyMCUyMCUyMCUyMCUyMCUyMCUyMCUyMCUyMCUzQ3VzZSUyMHhsaW5rJTNBaHJlZiUzRCUyMiUyM2dlbnRsZS13YXZlJTIyJTIweCUzRCUyMjQ4JTIyJTIweSUzRCUyMjMlMjIlMjBmaWxsJTNEJTIycmdiYSUyODI1NSUyQzI1NSUyQzI1NSUyQzAuNSUyOSUyMiUyMCUyRiUzRSUwQSUyMCUyMCUyMCUyMCUyMCUyMCUyMCUyMCUyMCUyMCUyMCUyMCUyMCUyMCUyMCUyMCUyMCUyMCUyMCUyMCUyMCUyMCUyMCUyMCUzQ3VzZSUyMHhsaW5rJTNBaHJlZiUzRCUyMiUyM2dlbnRsZS13YXZlJTIyJTIweCUzRCUyMjQ4JTIyJTIweSUzRCUyMjUlMjIlMjBmaWxsJTNEJTIycmdiYSUyODI1NSUyQzI1NSUyQzI1NSUyQzAuMyUyOSUyMiUyMCUyRiUzRSUwQSUyMCUyMCUyMCUyMCUyMCUyMCUyMCUyMCUyMCUyMCUyMCUyMCUyMCUyMCUyMCUyMCUyMCUyMCUyMCUyMCUyMCUyMCUyMCUyMCUzQ3VzZSUyMHhsaW5rJTNBaHJlZiUzRCUyMiUyM2dlbnRsZS13YXZlJTIyJTIweCUzRCUyMjQ4JTIyJTIweSUzRCUyMjclMjIlMjBmaWxsJTNEJTIyJTIzZmZmJTIyJTIwJTJGJTNFJTBBJTIwJTIwJTIwJTIwJTIwJTIwJTIwJTIwJTIwJTIwJTIwJTIwJTIwJTIwJTIwJTIwJTIwJTIwJTIwJTIwJTNDJTJGZyUzRSUwQSUyMCUyMCUyMCUyMCUyMCUyMCUyMCUyMCUyMCUyMCUyMCUyMCUyMCUyMCUyMCUyMCUzQyUyRnN2ZyUzRSUwQSUyMCUyMCUyMCUyMCUyMCUyMCUyMCUyMCUyMCUyMCUyMCUyMCUzQyUyRmRpdiUzRSUwQQ==[\/vc_raw_html][\/vc_column_inner][\/vc_row_inner][\/vc_column][\/vc_row][mk_page_section vertical_align=\u00bbbottom\u00bb bg_color=\u00bb#ffffff\u00bb attachment=\u00bbfixed\u00bb bg_position=\u00bbcenter top\u00bb bg_repeat=\u00bbno-repeat\u00bb enable_3d=\u00bbtrue\u00bb full_width=\u00bbtrue\u00bb padding_top=\u00bb0&#8243; padding_bottom=\u00bb30&#8243; top_shape_style=\u00bbcurve-top\u00bb top_shape_bg_color=\u00bbrgba(255,255,255,0)\u00bb sidebar=\u00bbsidebar-1&#8243; first_page=\u00bbfalse\u00bb last_page=\u00bbfalse\u00bb][vc_column css=\u00bb.vc_custom_1668987388736{margin-bottom: -10px !important;border-bottom-width: -10px !important;padding-bottom: -10px !important;}\u00bb][vc_row_inner attached=\u00bbtrue\u00bb is_fullwidth_content=\u00bbfalse\u00bb column_padding=\u00bb3&#8243;][vc_column_inner][vc_column_text css=\u00bb.vc_custom_1721226778016{margin-bottom: 0px !important;}\u00bb]\n<p style=\"text-align: center;\"><a href=\"https:\/\/aepap.org\/\" target=\"_blank\" rel=\"noopener\"><img loading=\"lazy\" decoding=\"async\" class=\"alignnone wp-image-11361 size-full\" src=\"https:\/\/congresoaepap.org\/2026\/wp-content\/uploads\/2024\/07\/logo-aepap.png\" alt=\"\" width=\"256\" height=\"81\" \/><br \/>\nwww.aepap.org<\/a><\/p>\n[\/vc_column_text][mk_custom_box corner_radius=\u00bb7&#8243; border_color_style=\u00bbsingle_color\u00bb border_color=\u00bb#008bc1&#8243;][vc_column_text css=\u00bb.vc_custom_1721226875276{margin-bottom: 0px !important;}\u00bb]La <a href=\"https:\/\/aepap.org\/\" target=\"_blank\" rel=\"noopener\">Asociaci\u00f3n Espa\u00f1ola de Pediatr\u00eda de Atenci\u00f3n Primaria<\/a> (AEPap) se constituye como una Federaci\u00f3n de Asociaciones de Pediatras que trabajan en Atenci\u00f3n Primaria, de car\u00e1cter cient\u00edfico y profesional, sin fines lucrativos y\u00a0 que se rige por lo establecido en la Ley Org\u00e1nica 1\/2002 de 22 de Marzo, reguladora del derecho de asociaci\u00f3n y dem\u00e1s normas complementarias.<\/p>\n<p>La <a href=\"https:\/\/aepap.org\/\" target=\"_blank\" rel=\"noopener\">AEPap<\/a> se organiza como Federaci\u00f3n de Asociaciones integrada por las distintas Asociaciones y Sociedades Federadas y podr\u00e1 federarse a su vez con otras Asociaciones o Federaciones de objetivos y funciones an\u00e1logas. En la actualidad, la AEPap es una Secci\u00f3n de la Asociaci\u00f3n Espa\u00f1ola de Pediatr\u00eda (AEP)<\/p>\n<p>Son fines de la Asociaci\u00f3n:<\/p>\n<ol>\n<li>Promover el desarrollo de la Pediatr\u00eda en la Atenci\u00f3n Primaria. Buscar el m\u00e1ximo estado de salud del ni\u00f1o y del adolescente. Promocionar su salud. Prevenir la enfermedad y facilitar su recuperaci\u00f3n en caso de contraerla.<\/li>\n<li>Fomentar y ejercer la Docencia sobre Pediatr\u00eda de Atenci\u00f3n Primaria del pregraduado y postgraduado, M\u00e9dicos Residentes de Pediatr\u00eda, M\u00e9dicos Residentes de Medicina Familiar y Comunitaria y profesionales del \u00e1mbito de la Atenci\u00f3n Primaria (AP).<\/li>\n<li>Fomentar y ejercer la investigaci\u00f3n.<\/li>\n<li>Coordinar los diferentes programas sanitarios relacionados con el ni\u00f1o sano y enfermo.<\/li>\n<li>Recoger los problemas e inquietudes relacionados con el ejercicio de la Pediatr\u00eda de Atenci\u00f3n Primaria y representar los intereses de sus socios en el marco de las Leyes y ante los organismos de las Administraciones P\u00fablicas Sanitarias y Docentes, y otros \u00f3rganos o entidades Nacionales o Internacionales, P\u00fablicos o Privados.<\/li>\n<li>Promover la b\u00fasqueda de las condiciones id\u00f3neas para el mejor desarrollo profesional de la Pediatr\u00eda Social y Comunitaria.<\/li>\n<li>Coordinar con otras asociaciones similares, regionales, nacionales o internacionales, actividades y proyectos encaminados a la mejora de la Pediatr\u00eda en Atenci\u00f3n Primaria.<\/li>\n<\/ol>\n[\/vc_column_text][\/mk_custom_box][\/vc_column_inner][\/vc_row_inner][vc_row_inner is_fullwidth_content=\u00bbfalse\u00bb][vc_column_inner width=\u00bb1\/6&#8243;][\/vc_column_inner][vc_column_inner width=\u00bb2\/3&#8243;][vc_column_text css=\u00bb.vc_custom_1754991416104{margin-bottom: 0px !important;}\u00bb]<img loading=\"lazy\" decoding=\"async\" class=\"aligncenter wp-image-12109 size-large\" src=\"https:\/\/congresoaepap.org\/2026\/wp-content\/uploads\/2025\/08\/22-Congreso-AEPAP-2026-lema-1024x84.jpg\" alt=\"\" width=\"1024\" height=\"84\" srcset=\"https:\/\/congresoaepap.org\/2026\/wp-content\/uploads\/2025\/08\/22-Congreso-AEPAP-2026-lema-1024x84.jpg 1024w, https:\/\/congresoaepap.org\/2026\/wp-content\/uploads\/2025\/08\/22-Congreso-AEPAP-2026-lema-1536x127.jpg 1536w, https:\/\/congresoaepap.org\/2026\/wp-content\/uploads\/2025\/08\/22-Congreso-AEPAP-2026-lema-2048x169.jpg 2048w, https:\/\/congresoaepap.org\/2026\/wp-content\/uploads\/2025\/08\/22-Congreso-AEPAP-2026-lema-300x25.jpg 300w, https:\/\/congresoaepap.org\/2026\/wp-content\/uploads\/2025\/08\/22-Congreso-AEPAP-2026-lema-768x63.jpg 768w\" sizes=\"auto, (max-width: 1024px) 100vw, 1024px\" \/>[\/vc_column_text][mk_padding_divider size=\u00bb10&#8243;][\/vc_column_inner][vc_column_inner width=\u00bb1\/6&#8243;][\/vc_column_inner][\/vc_row_inner][\/vc_column][\/mk_page_section]\n<\/div>","protected":false},"excerpt":{"rendered":"<p>[vc_row fullwidth=\u00bbtrue\u00bb parallax=\u00bbcontent-moving-fade\u00bb parallax_image=\u00bb11314&#8243; parallax_speed_bg=\u00bb1&#8243; css=\u00bb.vc_custom_1721226318571{margin-bottom: -10px !important;border-bottom-width: -10px !important;padding-bottom: -10px !important;background-color: #dd0044 !important;background-position: center;background-repeat: no-repeat !important;background-size: cover !important;}\u00bb][vc_column css=\u00bb.vc_custom_1703196275772{margin-bottom: -5px !important;border-bottom-width: -5px !important;padding-bottom: -5px !important;background-position: center !important;background-repeat: no-repeat !important;background-size: contain !important;}\u00bb][mk_padding_divider size=\u00bb65&#8243; visibility=\u00bbhidden-sm\u00bb][mk_padding_divider visibility=\u00bbvisible-sm\u00bb][mk_fancy_title color=\u00bb#b9271a\u00bb size=\u00bb50&#8243; force_font_size=\u00bbtrue\u00bb size_smallscreen=\u00bb40&#8243; size_tablet=\u00bb40&#8243; size_phone=\u00bb35&#8243; margin_bottom=\u00bb0&#8243; font_family=\u00bbImpact, Charcoal, sans-serif\u00bb font_type=\u00bbsafefont\u00bb align=\u00bbcenter\u00bb drop_shadow=\u00bbtrue\u00bb shadow_blur=\u00bb100&#8243; shadow_color=\u00bb#ffffff\u00bb]\u00a0 Sobre la AEPap \u00a0[\/mk_fancy_title][mk_padding_divider][vc_row_inner attached=\u00bbtrue\u00bb][vc_column_inner [&hellip;]<\/p>\n","protected":false},"author":3297,"featured_media":0,"parent":0,"menu_order":0,"comment_status":"closed","ping_status":"closed","template":"","meta":{"footnotes":""},"class_list":["post-10740","page","type-page","status-publish","hentry"],"publishpress_future_action":{"enabled":false,"date":"2026-04-19 13:42:30","action":"change-status","newStatus":"draft","terms":[],"taxonomy":"","extraData":[]},"publishpress_future_workflow_manual_trigger":{"enabledWorkflows":[]},"_links":{"self":[{"href":"https:\/\/congresoaepap.org\/2026\/wp-json\/wp\/v2\/pages\/10740","targetHints":{"allow":["GET"]}}],"collection":[{"href":"https:\/\/congresoaepap.org\/2026\/wp-json\/wp\/v2\/pages"}],"about":[{"href":"https:\/\/congresoaepap.org\/2026\/wp-json\/wp\/v2\/types\/page"}],"author":[{"embeddable":true,"href":"https:\/\/congresoaepap.org\/2026\/wp-json\/wp\/v2\/users\/3297"}],"replies":[{"embeddable":true,"href":"https:\/\/congresoaepap.org\/2026\/wp-json\/wp\/v2\/comments?post=10740"}],"version-history":[{"count":20,"href":"https:\/\/congresoaepap.org\/2026\/wp-json\/wp\/v2\/pages\/10740\/revisions"}],"predecessor-version":[{"id":12140,"href":"https:\/\/congresoaepap.org\/2026\/wp-json\/wp\/v2\/pages\/10740\/revisions\/12140"}],"wp:attachment":[{"href":"https:\/\/congresoaepap.org\/2026\/wp-json\/wp\/v2\/media?parent=10740"}],"curies":[{"name":"wp","href":"https:\/\/api.w.org\/{rel}","templated":true}]}}