{"id":10611,"date":"2024-08-24T18:55:44","date_gmt":"2024-08-24T17:55:44","guid":{"rendered":"https:\/\/congresoaepap.org\/2026\/?page_id=10611"},"modified":"2026-03-08T23:36:21","modified_gmt":"2026-03-08T22:36:21","slug":"home","status":"publish","type":"page","link":"https:\/\/congresoaepap.org\/2026\/","title":{"rendered":"Home"},"content":{"rendered":"<div class=\"wpb-content-wrapper\">[vc_row fullwidth=\u00bbtrue\u00bb][vc_column css=\u00bb.vc_custom_1740867971077{margin-top: -20px !important;border-top-width: -20px !important;padding-top: -20px !important;}\u00bb][mk_edge_slider first_el=\u00bbtrue\u00bb swiper_bg=\u00bb\u00bb orderby=\u00bbrand\u00bb full_height=\u00bbfalse\u00bb height=\u00bb400&#8243; animation_effect=\u00bbfade\u00bb animation_speed=\u00bb800&#8243; slideshow_speed=\u00bb20000&#8243; direction_nav=\u00bbnone\u00bb pagination=\u00bbnone\u00bb skip_arrow=\u00bbfalse\u00bb slides=\u00bb12069&#8243;][\/vc_column][\/vc_row][vc_row fullwidth=\u00bbtrue\u00bb fullwidth_content=\u00bbfalse\u00bb attached=\u00bbtrue\u00bb css=\u00bb.vc_custom_1754987078567{background-color: #FFFFFF !important;border-color: #FFFFFF !important;}\u00bb][vc_column][vc_row_inner css=\u00bb.vc_custom_1754987055282{background-color: #FFFFFF !important;}\u00bb][vc_column_inner][vc_column_text css=\u00bb.vc_custom_1754272343396{margin-bottom: -20px !important;border-bottom-width: -20px !important;padding-bottom: -20px !important;}\u00bb]<img loading=\"lazy\" decoding=\"async\" class=\"aligncenter wp-image-12092 size-full\" src=\"https:\/\/congresoaepap.org\/2026\/wp-content\/uploads\/2025\/08\/banner-22-congreso-1000x200_sebgar-scaled.jpg\" alt=\"\" width=\"2560\" height=\"512\" srcset=\"https:\/\/congresoaepap.org\/2026\/wp-content\/uploads\/2025\/08\/banner-22-congreso-1000x200_sebgar-scaled.jpg 2560w, https:\/\/congresoaepap.org\/2026\/wp-content\/uploads\/2025\/08\/banner-22-congreso-1000x200_sebgar-1536x307.jpg 1536w, https:\/\/congresoaepap.org\/2026\/wp-content\/uploads\/2025\/08\/banner-22-congreso-1000x200_sebgar-2048x410.jpg 2048w, https:\/\/congresoaepap.org\/2026\/wp-content\/uploads\/2025\/08\/banner-22-congreso-1000x200_sebgar-scaled-300x60.jpg 300w, https:\/\/congresoaepap.org\/2026\/wp-content\/uploads\/2025\/08\/banner-22-congreso-1000x200_sebgar-768x154.jpg 768w, https:\/\/congresoaepap.org\/2026\/wp-content\/uploads\/2025\/08\/banner-22-congreso-1000x200_sebgar-scaled-1024x205.jpg 1024w\" sizes=\"auto, (max-width: 2560px) 100vw, 2560px\" \/>[\/vc_column_text][\/vc_column_inner][\/vc_row_inner][vc_row_inner attached=\u00bbtrue\u00bb column_padding=\u00bb2&#8243; css=\u00bb.vc_custom_1756711780622{border-top-width: 1px !important;border-right-width: 1px !important;border-left-width: 1px !important;background-color: #F2F2F2 !important;border-left-style: solid !important;border-right-style: solid !important;border-top-style: solid !important;border-radius: 10px !important;border-color: #D0CECE !important;}\u00bb][vc_column_inner width=\u00bb11\/12&#8243; css=\u00bb.vc_custom_1756711244145{margin-bottom: -30px !important;}\u00bb][vc_column_text disable_pattern=\u00bbfalse\u00bb margin_bottom=\u00bb15&#8243; css=\u00bb.vc_custom_1756711146091{margin-bottom: 0px !important;}\u00bb]\n<h4><span style=\"color: #e30202;\">Te esperamos<\/span><\/h4>\n[\/vc_column_text][vc_column_text css=\u00bb.vc_custom_1756711224946{margin-bottom: 0px !important;}\u00bb]<em>Si ya nos acompa\u00f1aste el a\u00f1o pasado, te lo agradecemos y queremos recordarte algunos de los momentos que pasamos juntos.<br \/>\n<\/em><em>\u00bfNo nos has acompa\u00f1ado nunca? Mira este video y an\u00edmate a compartir estos d\u00edas con nosotros.. no te arrepentir\u00e1s.<\/em>[\/vc_column_text][\/vc_column_inner][vc_column_inner width=\u00bb1\/12&#8243;][\/vc_column_inner][\/vc_row_inner][vc_row_inner attached=\u00bbtrue\u00bb column_padding=\u00bb2&#8243; css=\u00bb.vc_custom_1756711804840{border-right-width: 1px !important;border-bottom-width: 1px !important;border-left-width: 1px !important;background-color: #F2F2F2 !important;border-left-style: solid !important;border-right-style: solid !important;border-bottom-style: solid !important;border-radius: 10px !important;border-color: #D0CECE !important;}\u00bb][vc_column_inner width=\u00bb2\/3&#8243;][vc_video link=\u00bbhttps:\/\/youtu.be\/Bi4Wo3LTpIg\u00bb][\/vc_column_inner][vc_column_inner width=\u00bb1\/3&#8243;][mk_fancy_title size=\u00bb15&#8243; margin_bottom=\u00bb0&#8243; font_family=\u00bbnone\u00bb]<img loading=\"lazy\" decoding=\"async\" class=\"alignnone wp-image-11325 size-medium\" src=\"https:\/\/congresoaepap.org\/2026\/wp-content\/uploads\/2024\/07\/victoria_martinez_rubio-252x300.jpg\" alt=\"\" width=\"252\" height=\"300\" srcset=\"https:\/\/congresoaepap.org\/2026\/wp-content\/uploads\/2024\/07\/victoria_martinez_rubio-252x300.jpg 252w, https:\/\/congresoaepap.org\/2026\/wp-content\/uploads\/2024\/07\/victoria_martinez_rubio-859x1024.jpg 859w, https:\/\/congresoaepap.org\/2026\/wp-content\/uploads\/2024\/07\/victoria_martinez_rubio-768x915.jpg 768w, https:\/\/congresoaepap.org\/2026\/wp-content\/uploads\/2024\/07\/victoria_martinez_rubio.jpg 1250w\" sizes=\"auto, (max-width: 252px) 100vw, 252px\" \/><\/p>\n<p><span style=\"color: #000000;\">Victoria Mart\u00ednez Rubio<\/span><br \/>\n<span style=\"color: #000000;\">Coordinadora del 22\u00ba Congreso de Actualizaci\u00f3n en Pediatr\u00eda AEPap<\/span>[\/mk_fancy_title][mk_button dimension=\u00bbflat\u00bb size=\u00bblarge\u00bb url=\u00bbhttps:\/\/congresoaepap.org\/2026\/presentacion\/\u00bb fullwidth=\u00bbtrue\u00bb bg_color=\u00bb#dd3333&#8243;]BIENVENIDOS[\/mk_button][\/vc_column_inner][\/vc_row_inner][vc_row_inner attached=\u00bbtrue\u00bb column_padding=\u00bb2&#8243;][vc_column_inner width=\u00bb6\/12&#8243;][mk_padding_divider][vc_column_text css=\u00bb.vc_custom_1756056980337{margin-bottom: 0px !important;}\u00bb]\u00danete a nosotros del 5 al 7 de marzo de 2026, en Madrid, para la 22\u00ba edici\u00f3n que promete mantener nuestra tradici\u00f3n de excelencia. Queremos seguir mejorando el futuro de la pediatr\u00eda y de todos nuestros pacientes.[\/vc_column_text][mk_font_icons icon=\u00bbmk-icon-lightbulb-o\u00bb color=\u00bb#dd0044&#8243; size=\u00bbx-large\u00bb margin_horizental=\u00bb20&#8243; align=\u00bbleft\u00bb][vc_column_text css=\u00bb.vc_custom_1726473431943{margin-bottom: 0px !important;}\u00bb]\n<h5><span style=\"color: #dd0044;\">Lo \u00faltimo en pediatr\u00eda<\/span><\/h5>\n<p>Nuestro congreso de actualizaci\u00f3n te permite mantener al d\u00eda tus conocimientos de la mano de excelentes expertos.[\/vc_column_text][mk_font_icons icon=\u00bbmk-moon-contract\u00bb color=\u00bb#008bc1&#8243; size=\u00bbx-large\u00bb margin_horizental=\u00bb20&#8243; margin_vertical=\u00bb15&#8243; align=\u00bbleft\u00bb][vc_column_text css=\u00bb.vc_custom_1754272410729{margin-bottom: 0px !important;}\u00bb]\n<h5><span style=\"color: #008bc1;\">Oportunidades para compartir<\/span><\/h5>\n<p>En AEPap 2026 compartimos experiencias y conocimientos. Fomentamos las relaciones de amistad y compa\u00f1erismo entre todos los que tenemos a la pediatr\u00eda como eje profesional.[\/vc_column_text][mk_font_icons icon=\u00bbmk-icon-mortar-board\u00bb color=\u00bb#008a2E\u00bb size=\u00bbx-large\u00bb margin_horizental=\u00bb20&#8243; align=\u00bbleft\u00bb][vc_column_text css=\u00bb.vc_custom_1755671675367{margin-bottom: 0px !important;}\u00bb]\n<h5><span style=\"color: #008a2e;\">Crecimiento profesional<\/span><\/h5>\n<p>No importa si est\u00e1s buscando conocimiento, conocer colaboradores o tu pr\u00f3ximo reto profesional, AEPap 2026 es el lugar adecuado.[\/vc_column_text][\/vc_column_inner][vc_column_inner width=\u00bb1\/12&#8243; css=\u00bb.vc_custom_1756710300438{border-left-width: 1px !important;border-left-style: solid !important;border-color: #DEDDDD !important;}\u00bb][mk_padding_divider size=\u00bb600&#8243; visibility=\u00bbhidden-sm\u00bb][\/vc_column_inner][vc_column_inner width=\u00bb5\/12&#8243;][mk_padding_divider visibility=\u00bbhidden-sm\u00bb][vc_column_text css=\u00bb.vc_custom_1726473747257{margin-bottom: 0px !important;}\u00bb]\n<h4>Fechas para recordar<\/h4>\n[\/vc_column_text][vc_column_text css=\u00bb.vc_custom_1724434904404{margin-bottom: 0px !important;}\u00bb](Todas las fechas y plazos se refieren a la hora peninsular espa\u00f1ola)[\/vc_column_text][vc_progress_bar values=\u00bb%5B%7B%22label%22%3A%22%3Cu%3E%3Cb%3E30%20sept.%202025%3C%2Fb%3E%3C%2Fu%3E%3Cb%3E%20%20Fecha%20Limite%20para%20hacerse%20socio%20de%20AEPap%20y%20disfrutar%20de%20cuota%20de%20inscripci%C3%B3n%20reducida%3C%2Fb%3E%22%2C%22value%22%3A%22100%22%2C%22color%22%3A%22custom%22%2C%22customcolor%22%3A%22%2381D742%22%2C%22customtxtcolor%22%3A%22%23000000%22%7D%2C%7B%22label%22%3A%22%3Cu%3E%3Cb%3E1%20oct.%202025%3C%2Fb%3E%3C%2Fu%3E%3Cb%3E%20%20Apertura%20de%20ENV%C3%8DO%20DE%20COMUNICACIONES%3C%2Fb%3E%22%2C%22value%22%3A%22100%22%2C%22color%22%3A%22custom%22%2C%22customcolor%22%3A%22%23ffccff%22%2C%22customtxtcolor%22%3A%22%23000000%22%7D%2C%7B%22label%22%3A%22%3Cu%3E%3Cb%3E22%20nov.%202025%3C%2Fb%3E%3C%2Fu%3E%3Cb%3E%20%20Apertura%20de%20INSCRIPCI%C3%93N%20SOCIOS%20DE%20AEPap%3C%2Fb%3E%22%2C%22value%22%3A%22100%22%2C%22color%22%3A%22custom%22%2C%22customcolor%22%3A%22%23008bc1%22%2C%22customtxtcolor%22%3A%22%23ffffff%22%7D%2C%7B%22label%22%3A%22%3Cu%3E%3Cb%3E30%20nov.%202025%3C%2Fb%3E%3C%2Fu%3E%3Cb%3E%20%20Cierre%20de%20ENV%C3%8DO%20DE%20COMUNICACIONES%3C%2Fb%3E%22%2C%22value%22%3A%22100%22%2C%22color%22%3A%22custom%22%2C%22customcolor%22%3A%22%23dd9933%22%2C%22customtxtcolor%22%3A%22%23000000%22%7D%2C%7B%22label%22%3A%22%3Cu%3E%3Cb%3E13%20dic.%202025%3C%2Fb%3E%3C%2Fu%3E%3Cb%3E%20%20Apertura%20de%20INSCRIPCI%C3%93N%20NO%20SOCIOS%3C%2Fb%3E%22%2C%22value%22%3A%22100%22%2C%22color%22%3A%22custom%22%2C%22customcolor%22%3A%22%238224e3%22%2C%22customtxtcolor%22%3A%22%23ffffff%22%7D%2C%7B%22label%22%3A%22%3Cu%3E%3Cb%3E20%20febrero%202026%3C%2Fb%3E%3C%2Fu%3E%3Cb%3E%20%20Inicio%20del%20CURSO%20ONLINE%20(Moodle)%3C%2Fb%3E%22%2C%22value%22%3A%22100%22%2C%22color%22%3A%22custom%22%2C%22customcolor%22%3A%22%23008a2e%22%2C%22customtxtcolor%22%3A%22%23ffffff%22%7D%2C%7B%22label%22%3A%22%3Cu%3E%3Cb%3E5-7%20mar%202026%3C%2Fb%3E%3C%2Fu%3E%3Cb%3E%20Fase%20PRESENCIAL%20DEL%20CONGRESO%3C%2Fb%3E%22%2C%22value%22%3A%22100%22%2C%22color%22%3A%22bar_red%22%7D%2C%7B%22label%22%3A%22%3Cu%3E%3Cb%3E20%20abril%202026%3C%2Fb%3E%3C%2Fu%3E%3Cb%3E%20%20Cierre%20CURSO%20ONLINE%3C%2Fb%3E%22%2C%22value%22%3A%22100%22%2C%22color%22%3A%22custom%22%2C%22customcolor%22%3A%22%23EEEE22%22%2C%22customtxtcolor%22%3A%22%23000000%22%7D%2C%7B%22label%22%3A%22%3Cu%3E%3Cb%3E7%20mayo%202026%3C%2Fb%3E%3C%2Fu%3E%3Cb%3E%20%20Cierre%20de%20Plataforma%20del%20CONGRESO%20VIRTUAL%3C%2Fb%3E%22%2C%22value%22%3A%22100%22%2C%22color%22%3A%22turquoise%22%7D%5D\u00bb bgcolor=\u00bbcustom\u00bb options=\u00bbanimated\u00bb css=\u00bb\u00bb custombgcolor=\u00bb#008bc1&#8243; customtxtcolor=\u00bb#000000&#8243;][\/vc_column_inner][\/vc_row_inner][\/vc_column][\/vc_row][vc_row fullwidth=\u00bbtrue\u00bb fullwidth_content=\u00bbfalse\u00bb css=\u00bb.vc_custom_1721211766577{background-color: #ffffff !important;}\u00bb][vc_column width=\u00bb1\/6&#8243;][\/vc_column][vc_column width=\u00bb2\/3&#8243;][\/vc_column][vc_column width=\u00bb1\/6&#8243;][\/vc_column][\/vc_row][mk_page_section bg_color=\u00bb#f2f2f2&#8243; bg_position=\u00bbcenter center\u00bb bg_repeat=\u00bbno-repeat\u00bb bg_stretch=\u00bbtrue\u00bb full_width=\u00bbtrue\u00bb padding_top=\u00bb40&#8243; padding_bottom=\u00bb40&#8243; sidebar=\u00bbsidebar-1&#8243; first_page=\u00bbfalse\u00bb last_page=\u00bbfalse\u00bb][vc_column][vc_row_inner attached=\u00bbtrue\u00bb is_fullwidth_content=\u00bbfalse\u00bb column_padding=\u00bb2&#8243;][vc_column_inner width=\u00bb1\/3&#8243; css=\u00bb.vc_custom_1754987356172{background-position: center !important;background-repeat: no-repeat !important;background-size: cover !important;border-radius: 25px !important;}\u00bb][mk_custom_box corner_radius=\u00bb25&#8243; margin_bottom=\u00bb\u00bb animation=\u00bbscale-up\u00bb bg_color=\u00bbrgba(255,255,255,0.9)\u00bb border_color_style=\u00bbsingle_color\u00bb border_color=\u00bb#dddddd\u00bb drop_shadow=\u00bbtrue\u00bb][mk_fancy_title color=\u00bb#1e73be\u00bb size=\u00bb32&#8243; force_font_size=\u00bbtrue\u00bb size_smallscreen=\u00bb20&#8243; size_tablet=\u00bb20&#8243; size_phone=\u00bb20&#8243; line_height=\u00bb110&#8243; font_weight=\u00bb100&#8243; font_style=\u00bbnormal\u00bb txt_transform=\u00bbnone\u00bb letter_spacing=\u00bb1&#8243; margin_top=\u00bb20&#8243; margin_bottom=\u00bb0&#8243; font_family=\u00bbImpact, Charcoal, sans-serif\u00bb font_type=\u00bbsafefont\u00bb align=\u00bbcenter\u00bb]\n<p style=\"text-align: center;\">AGENDA<br \/>\nPROGRAMA<\/p>\n[\/mk_fancy_title][mk_button dimension=\u00bbflat\u00bb corner_style=\u00bbrounded\u00bb size=\u00bblarge\u00bb url=\u00bbhttps:\/\/congresoaepap.org\/2026\/agenda\/\u00bb align=\u00bbcenter\u00bb bg_color=\u00bb#1e73be\u00bb btn_hover_bg=\u00bb#578fbf\u00bb btn_hover_txt_color=\u00bb#ffffff\u00bb]LEER M\u00c1S[\/mk_button][\/mk_custom_box][\/vc_column_inner][vc_column_inner width=\u00bb1\/3&#8243; css=\u00bb.vc_custom_1754987383061{background-position: center !important;background-repeat: no-repeat !important;background-size: cover !important;border-radius: 25px !important;}\u00bb][mk_custom_box corner_radius=\u00bb25&#8243; margin_bottom=\u00bb\u00bb animation=\u00bbscale-up\u00bb bg_color=\u00bbrgba(255,255,255,0.75)\u00bb border_color_style=\u00bbsingle_color\u00bb border_color=\u00bb#dddddd\u00bb drop_shadow=\u00bbtrue\u00bb][mk_fancy_title color=\u00bb#1e73be\u00bb size=\u00bb32&#8243; force_font_size=\u00bbtrue\u00bb size_smallscreen=\u00bb20&#8243; size_tablet=\u00bb20&#8243; size_phone=\u00bb20&#8243; line_height=\u00bb110&#8243; font_weight=\u00bb100&#8243; font_style=\u00bbnormal\u00bb txt_transform=\u00bbnone\u00bb letter_spacing=\u00bb1&#8243; margin_top=\u00bb20&#8243; margin_bottom=\u00bb0&#8243; font_family=\u00bbImpact, Charcoal, sans-serif\u00bb font_type=\u00bbsafefont\u00bb align=\u00bbcenter\u00bb]\n<p style=\"text-align: center;\">INSCRIPCI\u00d3N<br \/>\nONLINE<\/p>\n[\/mk_fancy_title][mk_button dimension=\u00bbflat\u00bb corner_style=\u00bbrounded\u00bb size=\u00bblarge\u00bb url=\u00bbhttps:\/\/congresoaepap.org\/2026\/inscripcion\/\u00bb align=\u00bbcenter\u00bb bg_color=\u00bb#1e73be\u00bb btn_hover_bg=\u00bb#578fbf\u00bb btn_hover_txt_color=\u00bb#ffffff\u00bb]PULSA AQU\u00cd[\/mk_button][\/mk_custom_box][\/vc_column_inner][vc_column_inner width=\u00bb1\/3&#8243; css=\u00bb.vc_custom_1754987390021{background-position: center !important;background-repeat: no-repeat !important;background-size: cover !important;border-radius: 25px !important;}\u00bb][mk_custom_box corner_radius=\u00bb25&#8243; margin_bottom=\u00bb\u00bb animation=\u00bbscale-up\u00bb bg_color=\u00bbrgba(255,255,255,0.75)\u00bb border_color_style=\u00bbsingle_color\u00bb border_color=\u00bb#dddddd\u00bb drop_shadow=\u00bbtrue\u00bb][mk_fancy_title color=\u00bb#1e73be\u00bb size=\u00bb32&#8243; force_font_size=\u00bbtrue\u00bb size_smallscreen=\u00bb20&#8243; size_tablet=\u00bb20&#8243; size_phone=\u00bb20&#8243; line_height=\u00bb110&#8243; font_weight=\u00bb100&#8243; font_style=\u00bbnormal\u00bb txt_transform=\u00bbnone\u00bb letter_spacing=\u00bb1&#8243; margin_top=\u00bb20&#8243; margin_bottom=\u00bb0&#8243; font_family=\u00bbImpact, Charcoal, sans-serif\u00bb font_type=\u00bbsafefont\u00bb align=\u00bbcenter\u00bb]\n<p style=\"text-align: center;\">TALLERES Y<br \/>\nSEMINARIOS<\/p>\n[\/mk_fancy_title][mk_button dimension=\u00bbflat\u00bb corner_style=\u00bbfull_rounded\u00bb size=\u00bblarge\u00bb url=\u00bbhttps:\/\/congresoaepap.org\/2026\/talleres-y-seminarios\/\u00bb align=\u00bbcenter\u00bb bg_color=\u00bb#1e73be\u00bb btn_hover_bg=\u00bb#578fbf\u00bb btn_hover_txt_color=\u00bb#ffffff\u00bb]MAS INFO[\/mk_button][\/mk_custom_box][\/vc_column_inner][\/vc_row_inner][\/vc_column][\/mk_page_section][mk_page_section bg_color=\u00bb#ffffff\u00bb bg_position=\u00bbcenter center\u00bb bg_repeat=\u00bbrepeat-x\u00bb full_width=\u00bbtrue\u00bb padding_top=\u00bb0&#8243; padding_bottom=\u00bb40&#8243; visibility=\u00bbhidden-sm\u00bb sidebar=\u00bbsidebar-1&#8243; first_page=\u00bbfalse\u00bb last_page=\u00bbfalse\u00bb][vc_column][vc_row_inner attached=\u00bbtrue\u00bb is_fullwidth_content=\u00bbfalse\u00bb column_padding=\u00bb2&#8243;][vc_column_inner][vc_column_text css=\u00bb.vc_custom_1724436076771{margin-bottom: 0px !important;}\u00bb]\n<p style=\"text-align: center;\">S\u00edganos en las redes sociales y comp\u00e1rtelo con tus colegas y amigos<br \/>\n<strong>#AEPap2025<\/strong><\/p>\n[\/vc_column_text][mk_social_networks size=\u00bbx-large\u00bb style=\u00bbsimple\u00bb icon_color=\u00bb#008bc1&#8243; icon_hover_color=\u00bb#dd0044&#8243; align=\u00bbcenter\u00bb facebook=\u00bbhttps:\/\/www.facebook.com\/p\/Congreso-AEPap-100095136139836\/\u00bb twitter=\u00bbhttps:\/\/x.com\/CongresoAEPap\u00bb instagram=\u00bbhttps:\/\/www.instagram.com\/congreso_aepap_\/\u00bb linkedin=\u00bbhttps:\/\/www.linkedin.com\/in\/congreso-aepap-pediatr%C3%ADa-de-atenci%C3%B3n-primaria-en-espa%C3%B1a-198b1b291\/\u00bb][vc_column_text css=\u00bb.vc_custom_1754987479071{margin-bottom: 0px !important;}\u00bb]\n<p style=\"text-align: center;\">Quedan \n[\/vc_column_text][\/vc_column_inner][\/vc_row_inner][vc_row_inner attached=\u00bbtrue\u00bb is_fullwidth_content=\u00bbfalse\u00bb column_padding=\u00bb2&#8243;][vc_column_inner width=\u00bb1\/6&#8243;][\/vc_column_inner][vc_column_inner width=\u00bb2\/3&#8243;][vc_column_text css=\u00bb.vc_custom_1754987151709{margin-bottom: 0px !important;}\u00bb]<img loading=\"lazy\" decoding=\"async\" class=\"aligncenter wp-image-12109 size-full\" src=\"https:\/\/congresoaepap.org\/2026\/wp-content\/uploads\/2025\/08\/22-Congreso-AEPAP-2026-lema-scaled.jpg\" alt=\"\" width=\"2560\" height=\"211\" srcset=\"https:\/\/congresoaepap.org\/2026\/wp-content\/uploads\/2025\/08\/22-Congreso-AEPAP-2026-lema-scaled.jpg 2560w, https:\/\/congresoaepap.org\/2026\/wp-content\/uploads\/2025\/08\/22-Congreso-AEPAP-2026-lema-1536x127.jpg 1536w, https:\/\/congresoaepap.org\/2026\/wp-content\/uploads\/2025\/08\/22-Congreso-AEPAP-2026-lema-2048x169.jpg 2048w, https:\/\/congresoaepap.org\/2026\/wp-content\/uploads\/2025\/08\/22-Congreso-AEPAP-2026-lema-300x25.jpg 300w, https:\/\/congresoaepap.org\/2026\/wp-content\/uploads\/2025\/08\/22-Congreso-AEPAP-2026-lema-768x63.jpg 768w, https:\/\/congresoaepap.org\/2026\/wp-content\/uploads\/2025\/08\/22-Congreso-AEPAP-2026-lema-1024x84.jpg 1024w\" sizes=\"auto, (max-width: 2560px) 100vw, 2560px\" \/>[\/vc_column_text][\/vc_column_inner][vc_column_inner width=\u00bb1\/6&#8243;][\/vc_column_inner][\/vc_row_inner][\/vc_column][\/mk_page_section]\n<\/div>","protected":false},"excerpt":{"rendered":"<p>[vc_row fullwidth=\u00bbtrue\u00bb][vc_column css=\u00bb.vc_custom_1740867971077{margin-top: -20px !important;border-top-width: -20px !important;padding-top: -20px !important;}\u00bb][mk_edge_slider first_el=\u00bbtrue\u00bb swiper_bg=\u00bb\u00bb orderby=\u00bbrand\u00bb full_height=\u00bbfalse\u00bb height=\u00bb400&#8243; animation_effect=\u00bbfade\u00bb animation_speed=\u00bb800&#8243; slideshow_speed=\u00bb20000&#8243; direction_nav=\u00bbnone\u00bb pagination=\u00bbnone\u00bb skip_arrow=\u00bbfalse\u00bb slides=\u00bb12069&#8243;][\/vc_column][\/vc_row][vc_row fullwidth=\u00bbtrue\u00bb fullwidth_content=\u00bbfalse\u00bb attached=\u00bbtrue\u00bb css=\u00bb.vc_custom_1754987078567{background-color: #FFFFFF !important;border-color: #FFFFFF !important;}\u00bb][vc_column][vc_row_inner css=\u00bb.vc_custom_1754987055282{background-color: #FFFFFF !important;}\u00bb][vc_column_inner][vc_column_text css=\u00bb.vc_custom_1754272343396{margin-bottom: -20px !important;border-bottom-width: -20px !important;padding-bottom: -20px !important;}\u00bb][\/vc_column_text][\/vc_column_inner][\/vc_row_inner][vc_row_inner attached=\u00bbtrue\u00bb column_padding=\u00bb2&#8243; css=\u00bb.vc_custom_1756711780622{border-top-width: 1px !important;border-right-width: 1px !important;border-left-width: 1px !important;background-color: #F2F2F2 !important;border-left-style: solid !important;border-right-style: solid !important;border-top-style: solid [&hellip;]<\/p>\n","protected":false},"author":3297,"featured_media":0,"parent":0,"menu_order":0,"comment_status":"closed","ping_status":"closed","template":"","meta":{"footnotes":""},"class_list":["post-10611","page","type-page","status-publish","hentry"],"publishpress_future_action":{"enabled":false,"date":"2026-04-19 11:52:39","action":"change-status","newStatus":"draft","terms":[],"taxonomy":"","extraData":[]},"publishpress_future_workflow_manual_trigger":{"enabledWorkflows":[]},"_links":{"self":[{"href":"https:\/\/congresoaepap.org\/2026\/wp-json\/wp\/v2\/pages\/10611","targetHints":{"allow":["GET"]}}],"collection":[{"href":"https:\/\/congresoaepap.org\/2026\/wp-json\/wp\/v2\/pages"}],"about":[{"href":"https:\/\/congresoaepap.org\/2026\/wp-json\/wp\/v2\/types\/page"}],"author":[{"embeddable":true,"href":"https:\/\/congresoaepap.org\/2026\/wp-json\/wp\/v2\/users\/3297"}],"replies":[{"embeddable":true,"href":"https:\/\/congresoaepap.org\/2026\/wp-json\/wp\/v2\/comments?post=10611"}],"version-history":[{"count":270,"href":"https:\/\/congresoaepap.org\/2026\/wp-json\/wp\/v2\/pages\/10611\/revisions"}],"predecessor-version":[{"id":12468,"href":"https:\/\/congresoaepap.org\/2026\/wp-json\/wp\/v2\/pages\/10611\/revisions\/12468"}],"wp:attachment":[{"href":"https:\/\/congresoaepap.org\/2026\/wp-json\/wp\/v2\/media?parent=10611"}],"curies":[{"name":"wp","href":"https:\/\/api.w.org\/{rel}","templated":true}]}}