{"id":8048,"date":"2019-11-24T16:10:03","date_gmt":"2019-11-24T15:10:03","guid":{"rendered":"https:\/\/congresoaepap.org\/2025\/?page_id=8048"},"modified":"2024-08-23T17:57:57","modified_gmt":"2024-08-23T16:57:57","slug":"presentacion","status":"publish","type":"page","link":"https:\/\/congresoaepap.org\/2025\/presentacion\/","title":{"rendered":"Presentaci\u00f3n"},"content":{"rendered":"<div class=\"wpb-content-wrapper\">[vc_row fullwidth=\u00bbtrue\u00bb parallax=\u00bbcontent-moving-fade\u00bb parallax_image=\u00bb11314&#8243; parallax_speed_bg=\u00bb1&#8243; css=\u00bb.vc_custom_1721156163180{margin-bottom: -10px !important;border-bottom-width: -10px !important;padding-bottom: -10px !important;background-color: #eb6072 !important;background-position: center;background-repeat: no-repeat !important;background-size: cover !important;}\u00bb][vc_column css=\u00bb.vc_custom_1703196275772{margin-bottom: -5px !important;border-bottom-width: -5px !important;padding-bottom: -5px !important;background-position: center !important;background-repeat: no-repeat !important;background-size: contain !important;}\u00bb][mk_padding_divider size=\u00bb65&#8243; visibility=\u00bbhidden-sm\u00bb][mk_padding_divider visibility=\u00bbvisible-sm\u00bb][mk_fancy_title color=\u00bb#008bc1&#8243; size=\u00bb50&#8243; force_font_size=\u00bbtrue\u00bb size_smallscreen=\u00bb40&#8243; size_tablet=\u00bb40&#8243; size_phone=\u00bb35&#8243; margin_bottom=\u00bb0&#8243; font_family=\u00bbImpact, Charcoal, sans-serif\u00bb font_type=\u00bbsafefont\u00bb align=\u00bbcenter\u00bb]<span style=\"background-color: #ffffff;\">\u00a0 Presentaci\u00f3n\u00a0\u00a0<\/span>[\/mk_fancy_title][mk_padding_divider][vc_row_inner attached=\u00bbtrue\u00bb][vc_column_inner css=\u00bb.vc_custom_1687794206690{margin-top: -60px !important;margin-bottom: -30px !important;border-top-width: -60px !important;border-bottom-width: -30px !important;padding-top: -60px !important;padding-bottom: -30px !important;}\u00bb][vc_raw_html css=\u00bb.vc_custom_1668987405118{margin-top: -30px !important;border-top-width: -30px !important;padding-top: -30px !important;}\u00bb]JTNDZGl2JTNFJTBBJTIwJTIwJTIwJTIwJTIwJTIwJTIwJTIwJTIwJTIwJTIwJTIwJTIwJTIwJTIwJTIwJTNDc3ZnJTIwY2xhc3MlM0QlMjJ3YXZlcyUyMiUyMHhtbG5zJTNEJTIyaHR0cCUzQSUyRiUyRnd3dy53My5vcmclMkYyMDAwJTJGc3ZnJTIyJTIweG1sbnMlM0F4bGluayUzRCUyMmh0dHAlM0ElMkYlMkZ3d3cudzMub3JnJTJGMTk5OSUyRnhsaW5rJTIyJTIwdmlld0JveCUzRCUyMjAlMjAyNCUyMDE1MCUyMDI4JTIyJTIwcHJlc2VydmVBc3BlY3RSYXRpbyUzRCUyMm5vbmUlMjIlMjBzaGFwZS1yZW5kZXJpbmclM0QlMjJhdXRvJTIyJTNFJTBBJTIwJTIwJTIwJTIwJTIwJTIwJTIwJTIwJTIwJTIwJTIwJTIwJTIwJTIwJTIwJTIwJTIwJTIwJTIwJTIwJTNDZGVmcyUzRSUwQSUyMCUyMCUyMCUyMCUyMCUyMCUyMCUyMCUyMCUyMCUyMCUyMCUyMCUyMCUyMCUyMCUyMCUyMCUyMCUyMCUyMCUyMCUyMCUyMCUzQ3BhdGglMjBpZCUzRCUyMmdlbnRsZS13YXZlJTIyJTIwZCUzRCUyMk0tMTYwJTIwNDRjMzAlMjAwJTIwNTgtMTglMjA4OC0xOHMlMjA1OCUyMDE4JTIwODglMjAxOCUyMDU4LTE4JTIwODgtMTglMjA1OCUyMDE4JTIwODglMjAxOCUyMHY0NGgtMzUyeiUyMiUyMCUyRiUzRSUwQSUyMCUyMCUyMCUyMCUyMCUyMCUyMCUyMCUyMCUyMCUyMCUyMCUyMCUyMCUyMCUyMCUyMCUyMCUyMCUyMCUzQyUyRmRlZnMlM0UlMEElMjAlMjAlMjAlMjAlMjAlMjAlMjAlMjAlMjAlMjAlMjAlMjAlMjAlMjAlMjAlMjAlMjAlMjAlMjAlMjAlM0NnJTIwY2xhc3MlM0QlMjJwYXJhbGxheCUyMiUzRSUwQSUyMCUyMCUyMCUyMCUyMCUyMCUyMCUyMCUyMCUyMCUyMCUyMCUyMCUyMCUyMCUyMCUyMCUyMCUyMCUyMCUyMCUyMCUyMCUyMCUzQ3VzZSUyMHhsaW5rJTNBaHJlZiUzRCUyMiUyM2dlbnRsZS13YXZlJTIyJTIweCUzRCUyMjQ4JTIyJTIweSUzRCUyMjAlMjIlMjBmaWxsJTNEJTIycmdiYSUyODI1NSUyQzI1NSUyQzI1NSUyQzAuNyUyMiUyMCUyRiUzRSUwQSUyMCUyMCUyMCUyMCUyMCUyMCUyMCUyMCUyMCUyMCUyMCUyMCUyMCUyMCUyMCUyMCUyMCUyMCUyMCUyMCUyMCUyMCUyMCUyMCUzQ3VzZSUyMHhsaW5rJTNBaHJlZiUzRCUyMiUyM2dlbnRsZS13YXZlJTIyJTIweCUzRCUyMjQ4JTIyJTIweSUzRCUyMjMlMjIlMjBmaWxsJTNEJTIycmdiYSUyODI1NSUyQzI1NSUyQzI1NSUyQzAuNSUyOSUyMiUyMCUyRiUzRSUwQSUyMCUyMCUyMCUyMCUyMCUyMCUyMCUyMCUyMCUyMCUyMCUyMCUyMCUyMCUyMCUyMCUyMCUyMCUyMCUyMCUyMCUyMCUyMCUyMCUzQ3VzZSUyMHhsaW5rJTNBaHJlZiUzRCUyMiUyM2dlbnRsZS13YXZlJTIyJTIweCUzRCUyMjQ4JTIyJTIweSUzRCUyMjUlMjIlMjBmaWxsJTNEJTIycmdiYSUyODI1NSUyQzI1NSUyQzI1NSUyQzAuMyUyOSUyMiUyMCUyRiUzRSUwQSUyMCUyMCUyMCUyMCUyMCUyMCUyMCUyMCUyMCUyMCUyMCUyMCUyMCUyMCUyMCUyMCUyMCUyMCUyMCUyMCUyMCUyMCUyMCUyMCUzQ3VzZSUyMHhsaW5rJTNBaHJlZiUzRCUyMiUyM2dlbnRsZS13YXZlJTIyJTIweCUzRCUyMjQ4JTIyJTIweSUzRCUyMjclMjIlMjBmaWxsJTNEJTIyJTIzZmZmJTIyJTIwJTJGJTNFJTBBJTIwJTIwJTIwJTIwJTIwJTIwJTIwJTIwJTIwJTIwJTIwJTIwJTIwJTIwJTIwJTIwJTIwJTIwJTIwJTIwJTNDJTJGZyUzRSUwQSUyMCUyMCUyMCUyMCUyMCUyMCUyMCUyMCUyMCUyMCUyMCUyMCUyMCUyMCUyMCUyMCUzQyUyRnN2ZyUzRSUwQSUyMCUyMCUyMCUyMCUyMCUyMCUyMCUyMCUyMCUyMCUyMCUyMCUzQyUyRmRpdiUzRSUwQQ==[\/vc_raw_html][\/vc_column_inner][\/vc_row_inner][\/vc_column][\/vc_row][mk_page_section bg_color=\u00bb#ffffff\u00bb attachment=\u00bbfixed\u00bb bg_position=\u00bbcenter top\u00bb bg_repeat=\u00bbno-repeat\u00bb enable_3d=\u00bbtrue\u00bb full_width=\u00bbtrue\u00bb padding_top=\u00bb0&#8243; padding_bottom=\u00bb30&#8243; top_shape_style=\u00bbcurve-top\u00bb top_shape_bg_color=\u00bbrgba(255,255,255,0)\u00bb sidebar=\u00bbsidebar-1&#8243; first_page=\u00bbfalse\u00bb last_page=\u00bbfalse\u00bb][vc_column css=\u00bb.vc_custom_1668987388736{margin-bottom: -10px !important;border-bottom-width: -10px !important;padding-bottom: -10px !important;}\u00bb][vc_row_inner attached=\u00bbtrue\u00bb is_fullwidth_content=\u00bbfalse\u00bb column_padding=\u00bb3&#8243;][vc_column_inner width=\u00bb1\/3&#8243;][mk_custom_box corner_radius=\u00bb6&#8243; padding_vertical=\u00bb20&#8243; margin_bottom=\u00bb0&#8243; bg_color=\u00bb#ffffff\u00bb border_color_style=\u00bbsingle_color\u00bb border_color=\u00bb#eb6072&#8243;][vc_column_text css=\u00bb.vc_custom_1721165483327{margin-bottom: 0px !important;}\u00bb]\n<p style=\"text-align: center;\"><img loading=\"lazy\" decoding=\"async\" class=\"alignnone wp-image-11325 size-full\" src=\"https:\/\/congresoaepap.org\/2025\/wp-content\/uploads\/2024\/07\/victoria_martinez_rubio.jpg\" alt=\"\" width=\"1250\" height=\"1490\" srcset=\"https:\/\/congresoaepap.org\/2025\/wp-content\/uploads\/2024\/07\/victoria_martinez_rubio.jpg 1250w, https:\/\/congresoaepap.org\/2025\/wp-content\/uploads\/2024\/07\/victoria_martinez_rubio-252x300.jpg 252w, https:\/\/congresoaepap.org\/2025\/wp-content\/uploads\/2024\/07\/victoria_martinez_rubio-859x1024.jpg 859w, https:\/\/congresoaepap.org\/2025\/wp-content\/uploads\/2024\/07\/victoria_martinez_rubio-768x915.jpg 768w\" sizes=\"auto, (max-width: 1250px) 100vw, 1250px\" \/><\/p>\n[\/vc_column_text][vc_column_text css=\u00bb.vc_custom_1724432206571{margin-bottom: 0px !important;}\u00bb]\n<p style=\"text-align: center;\"><strong>Victoria Mart\u00ednez Rubio<\/strong><br \/>\nCoordinadora del 21\u00ba Congreso de Actualizaci\u00f3n en Pediatr\u00eda AEPap<\/p>\n[\/vc_column_text][\/mk_custom_box][\/vc_column_inner][vc_column_inner width=\u00bb2\/3&#8243;][vc_column_text css=\u00bb.vc_custom_1724432271686{margin-bottom: 0px !important;}\u00bb]Queridos compa\u00f1eros:<\/p>\n<p>\u00a1Aqu\u00ed estamos de nuevo!<\/p>\n<p style=\"text-align: justify;\">Llega nuestra cita anual con la vig\u00e9simo primera edici\u00f3n de <strong>nuestro Congreso AEPap<\/strong>, donde como siempre, hemos empleado nuestro esfuerzo e ilusi\u00f3n por conseguir un programa atractivo para todos los profesionales que trabaj\u00e1is en el \u00e1mbito de la Pediatr\u00eda.<\/p>\n<p style=\"text-align: justify;\">Fieles a nuestro modelo os ofrecemos el <strong>Congreso presencial<\/strong> y el <strong>Congreso Virtual, <\/strong>\u00e9ste \u00faltimo, engloba las sesiones realizadas en el auditorio principal, con la posibilidad de visualizaci\u00f3n en directo o en diferido. Tambi\u00e9n incluimos otra actividad con muy buena acogida, realizada de forma paralela al congreso, que es el <strong><a href=\"https:\/\/cursosonline.aepap.org\/moodle2025\/\" target=\"_blank\" rel=\"noopener\">Curso online<\/a><\/strong> que, aunque est\u00e1 incluido para los que se inscriban de forma presencial o virtual, permite tambi\u00e9n la inscripci\u00f3n independiente, al margen del congreso, si as\u00ed se prefiere.<\/p>\n<p style=\"text-align: justify;\">Presentamos un panel de temas y actividades, organizadas bajo distintos formatos educativos: mesas redondas, seminarios y talleres, a los que podr\u00e9is acceder tanto con inscripci\u00f3n presencial como de forma virtual, todo para poder conciliar lo mejor posible vuestra inquietud formativa con la disponibilidad profesional o personal de cada uno de vosotros. El programa ha sido pensado para que pueda resultar de inter\u00e9s para distintos perfiles profesionales dedicados a la atenci\u00f3n pedi\u00e1trica, pediatras, m\u00e9dicos de familia, profesionales de enfermer\u00eda, compa\u00f1eros en etapa formativa (MIR, EIR) y abierta a profesionales que ejerzan su labor profesional m\u00e1s all\u00e1 de nuestras fronteras.<\/p>\n<p style=\"text-align: justify;\">Mantenemos la sede que estrenamos el a\u00f1o pasado y que es el <strong>Hotel Novotel Madrid Center, en la calle O\u00b4Donnell, n\u00ba 53, <\/strong>ubicado en el centro de Madrid, a 5 minutos andando del emblem\u00e1tico parque madrile\u00f1o de El Retiro.<\/p>\n<p style=\"text-align: justify;\">El <strong>plazo de inscripci\u00f3n se iniciar\u00e1 el s\u00e1bado 16 de noviembre a las 10 de la ma\u00f1ana<\/strong>, hora peninsular, para todos los <strong>socios de la AEPap<\/strong>, pediatras o residentes de pediatr\u00eda, que lo sean antes del 30 de septiembre de 2024. Los <strong>no socios de la AEPap<\/strong> tendr\u00e1n la posibilidad de inscribirse <strong>a partir del d\u00eda 30 de noviembre. <\/strong>La inscripci\u00f3n a los formatos<strong> virtual y curso <em>online<\/em> <\/strong>se abre para todos \u2013 socios o no &#8211;<strong> el d\u00eda 16 de noviembre. <\/strong><\/p>\n<p>No lo olvides, <strong>20, 21 y 22 de febrero de 2025<\/strong>, \u00a1tenemos una cita!<\/p>\n<p>Gracias a todos y \u00a1\u00a1Os esperamos en Madrid!!<\/p>\n<p>Un fuerte abrazo<\/p>\n<p>&nbsp;<\/p>\n<p><strong>Victoria Mart\u00ednez Rubio<\/strong><br \/>\nCoordinadora del 21\u00ba Congreso de Actualizaci\u00f3n en Pediatr\u00eda AEPap<\/p>\n<p>&nbsp;<\/p>\n[\/vc_column_text][\/vc_column_inner][\/vc_row_inner][vc_row_inner is_fullwidth_content=\u00bbfalse\u00bb][vc_column_inner][vc_column_text css=\u00bb.vc_custom_1721156319571{margin-bottom: 0px !important;}\u00bb]<img loading=\"lazy\" decoding=\"async\" class=\"alignnone size-full wp-image-11316\" src=\"https:\/\/congresoaepap.org\/2025\/wp-content\/uploads\/2024\/07\/21-congreso-aepap-2025-lema.png\" alt=\"\" width=\"8203\" height=\"360\" srcset=\"https:\/\/congresoaepap.org\/2025\/wp-content\/uploads\/2024\/07\/21-congreso-aepap-2025-lema.png 8203w, https:\/\/congresoaepap.org\/2025\/wp-content\/uploads\/2024\/07\/21-congreso-aepap-2025-lema-300x13.png 300w, https:\/\/congresoaepap.org\/2025\/wp-content\/uploads\/2024\/07\/21-congreso-aepap-2025-lema-1024x45.png 1024w, https:\/\/congresoaepap.org\/2025\/wp-content\/uploads\/2024\/07\/21-congreso-aepap-2025-lema-768x34.png 768w, https:\/\/congresoaepap.org\/2025\/wp-content\/uploads\/2024\/07\/21-congreso-aepap-2025-lema-1536x67.png 1536w, https:\/\/congresoaepap.org\/2025\/wp-content\/uploads\/2024\/07\/21-congreso-aepap-2025-lema-2048x90.png 2048w\" sizes=\"auto, (max-width: 8203px) 100vw, 8203px\" \/>[\/vc_column_text][\/vc_column_inner][\/vc_row_inner][\/vc_column][\/mk_page_section]\n<\/div>","protected":false},"excerpt":{"rendered":"<p>[vc_row fullwidth=\u00bbtrue\u00bb parallax=\u00bbcontent-moving-fade\u00bb parallax_image=\u00bb11314&#8243; parallax_speed_bg=\u00bb1&#8243; css=\u00bb.vc_custom_1721156163180{margin-bottom: -10px !important;border-bottom-width: -10px !important;padding-bottom: -10px !important;background-color: #eb6072 !important;background-position: center;background-repeat: no-repeat !important;background-size: cover !important;}\u00bb][vc_column css=\u00bb.vc_custom_1703196275772{margin-bottom: -5px !important;border-bottom-width: -5px !important;padding-bottom: -5px !important;background-position: center !important;background-repeat: no-repeat !important;background-size: contain !important;}\u00bb][mk_padding_divider size=\u00bb65&#8243; visibility=\u00bbhidden-sm\u00bb][mk_padding_divider visibility=\u00bbvisible-sm\u00bb][mk_fancy_title color=\u00bb#008bc1&#8243; size=\u00bb50&#8243; force_font_size=\u00bbtrue\u00bb size_smallscreen=\u00bb40&#8243; size_tablet=\u00bb40&#8243; size_phone=\u00bb35&#8243; margin_bottom=\u00bb0&#8243; font_family=\u00bbImpact, Charcoal, sans-serif\u00bb font_type=\u00bbsafefont\u00bb align=\u00bbcenter\u00bb]\u00a0 Presentaci\u00f3n\u00a0\u00a0[\/mk_fancy_title][mk_padding_divider][vc_row_inner attached=\u00bbtrue\u00bb][vc_column_inner css=\u00bb.vc_custom_1687794206690{margin-top: -60px !important;margin-bottom: -30px !important;border-top-width: -60px [&hellip;]<\/p>\n","protected":false},"author":3297,"featured_media":0,"parent":0,"menu_order":0,"comment_status":"closed","ping_status":"closed","template":"","meta":{"footnotes":""},"class_list":["post-8048","page","type-page","status-publish","hentry"],"publishpress_future_action":{"enabled":false,"date":"2026-05-24 16:03:42","action":"change-status","newStatus":"draft","terms":[],"taxonomy":"","extraData":[]},"publishpress_future_workflow_manual_trigger":{"enabledWorkflows":[]},"_links":{"self":[{"href":"https:\/\/congresoaepap.org\/2025\/wp-json\/wp\/v2\/pages\/8048","targetHints":{"allow":["GET"]}}],"collection":[{"href":"https:\/\/congresoaepap.org\/2025\/wp-json\/wp\/v2\/pages"}],"about":[{"href":"https:\/\/congresoaepap.org\/2025\/wp-json\/wp\/v2\/types\/page"}],"author":[{"embeddable":true,"href":"https:\/\/congresoaepap.org\/2025\/wp-json\/wp\/v2\/users\/3297"}],"replies":[{"embeddable":true,"href":"https:\/\/congresoaepap.org\/2025\/wp-json\/wp\/v2\/comments?post=8048"}],"version-history":[{"count":113,"href":"https:\/\/congresoaepap.org\/2025\/wp-json\/wp\/v2\/pages\/8048\/revisions"}],"predecessor-version":[{"id":8942,"href":"https:\/\/congresoaepap.org\/2025\/wp-json\/wp\/v2\/pages\/8048\/revisions\/8942"}],"wp:attachment":[{"href":"https:\/\/congresoaepap.org\/2025\/wp-json\/wp\/v2\/media?parent=8048"}],"curies":[{"name":"wp","href":"https:\/\/api.w.org\/{rel}","templated":true}]}}