{"id":10818,"date":"2024-01-04T17:43:09","date_gmt":"2024-01-04T16:43:09","guid":{"rendered":"https:\/\/congresoaepap.org\/2025\/?page_id=10818"},"modified":"2024-12-02T12:26:42","modified_gmt":"2024-12-02T11:26:42","slug":"inscripcion","status":"publish","type":"page","link":"https:\/\/congresoaepap.org\/2025\/inscripcion\/","title":{"rendered":"Inscripci\u00f3n"},"content":{"rendered":"<div class=\"wpb-content-wrapper\">[vc_row fullwidth=\u00bbtrue\u00bb parallax=\u00bbcontent-moving-fade\u00bb parallax_speed_bg=\u00bb1&#8243; css=\u00bb.vc_custom_1721841570848{margin-bottom: -10px !important;border-bottom-width: -10px !important;padding-bottom: -10px !important;background: #eb6072 url(https:\/\/congresoaepap.org\/2025\/wp-content\/uploads\/2024\/07\/21-congreso-aepap-2025-franja-horizontal-copia.png?id=11314);background-position: center;background-repeat: no-repeat !important;background-size: cover !important;}\u00bb][vc_column css=\u00bb.vc_custom_1703196275772{margin-bottom: -5px !important;border-bottom-width: -5px !important;padding-bottom: -5px !important;background-position: center !important;background-repeat: no-repeat !important;background-size: contain !important;}\u00bb][mk_padding_divider size=\u00bb85&#8243; visibility=\u00bbhidden-sm\u00bb][mk_padding_divider visibility=\u00bbvisible-sm\u00bb][mk_fancy_title color=\u00bb#008bc1&#8243; size=\u00bb50&#8243; force_font_size=\u00bbtrue\u00bb size_smallscreen=\u00bb40&#8243; size_tablet=\u00bb40&#8243; size_phone=\u00bb35&#8243; margin_bottom=\u00bb0&#8243; font_family=\u00bbImpact, Charcoal, sans-serif\u00bb font_type=\u00bbsafefont\u00bb align=\u00bbcenter\u00bb]<span style=\"background-color: #ffffff;\">\u00a0\u00a0Inscripci\u00f3n\u00a0\u00a0<\/span>[\/mk_fancy_title][mk_padding_divider size=\u00bb60&#8243;][vc_row_inner attached=\u00bbtrue\u00bb][vc_column_inner css=\u00bb.vc_custom_1687794206690{margin-top: -60px !important;margin-bottom: -30px !important;border-top-width: -60px !important;border-bottom-width: -30px !important;padding-top: -60px !important;padding-bottom: -30px !important;}\u00bb][vc_raw_html css=\u00bb.vc_custom_1668987405118{margin-top: -30px !important;border-top-width: -30px !important;padding-top: -30px !important;}\u00bb]JTNDZGl2JTNFJTBBJTIwJTIwJTIwJTIwJTIwJTIwJTIwJTIwJTIwJTIwJTIwJTIwJTIwJTIwJTIwJTIwJTNDc3ZnJTIwY2xhc3MlM0QlMjJ3YXZlcyUyMiUyMHhtbG5zJTNEJTIyaHR0cCUzQSUyRiUyRnd3dy53My5vcmclMkYyMDAwJTJGc3ZnJTIyJTIweG1sbnMlM0F4bGluayUzRCUyMmh0dHAlM0ElMkYlMkZ3d3cudzMub3JnJTJGMTk5OSUyRnhsaW5rJTIyJTIwdmlld0JveCUzRCUyMjAlMjAyNCUyMDE1MCUyMDI4JTIyJTIwcHJlc2VydmVBc3BlY3RSYXRpbyUzRCUyMm5vbmUlMjIlMjBzaGFwZS1yZW5kZXJpbmclM0QlMjJhdXRvJTIyJTNFJTBBJTIwJTIwJTIwJTIwJTIwJTIwJTIwJTIwJTIwJTIwJTIwJTIwJTIwJTIwJTIwJTIwJTIwJTIwJTIwJTIwJTNDZGVmcyUzRSUwQSUyMCUyMCUyMCUyMCUyMCUyMCUyMCUyMCUyMCUyMCUyMCUyMCUyMCUyMCUyMCUyMCUyMCUyMCUyMCUyMCUyMCUyMCUyMCUyMCUzQ3BhdGglMjBpZCUzRCUyMmdlbnRsZS13YXZlJTIyJTIwZCUzRCUyMk0tMTYwJTIwNDRjMzAlMjAwJTIwNTgtMTglMjA4OC0xOHMlMjA1OCUyMDE4JTIwODglMjAxOCUyMDU4LTE4JTIwODgtMTglMjA1OCUyMDE4JTIwODglMjAxOCUyMHY0NGgtMzUyeiUyMiUyMCUyRiUzRSUwQSUyMCUyMCUyMCUyMCUyMCUyMCUyMCUyMCUyMCUyMCUyMCUyMCUyMCUyMCUyMCUyMCUyMCUyMCUyMCUyMCUzQyUyRmRlZnMlM0UlMEElMjAlMjAlMjAlMjAlMjAlMjAlMjAlMjAlMjAlMjAlMjAlMjAlMjAlMjAlMjAlMjAlMjAlMjAlMjAlMjAlM0NnJTIwY2xhc3MlM0QlMjJwYXJhbGxheCUyMiUzRSUwQSUyMCUyMCUyMCUyMCUyMCUyMCUyMCUyMCUyMCUyMCUyMCUyMCUyMCUyMCUyMCUyMCUyMCUyMCUyMCUyMCUyMCUyMCUyMCUyMCUzQ3VzZSUyMHhsaW5rJTNBaHJlZiUzRCUyMiUyM2dlbnRsZS13YXZlJTIyJTIweCUzRCUyMjQ4JTIyJTIweSUzRCUyMjAlMjIlMjBmaWxsJTNEJTIycmdiYSUyODI1NSUyQzI1NSUyQzI1NSUyQzAuNyUyMiUyMCUyRiUzRSUwQSUyMCUyMCUyMCUyMCUyMCUyMCUyMCUyMCUyMCUyMCUyMCUyMCUyMCUyMCUyMCUyMCUyMCUyMCUyMCUyMCUyMCUyMCUyMCUyMCUzQ3VzZSUyMHhsaW5rJTNBaHJlZiUzRCUyMiUyM2dlbnRsZS13YXZlJTIyJTIweCUzRCUyMjQ4JTIyJTIweSUzRCUyMjMlMjIlMjBmaWxsJTNEJTIycmdiYSUyODI1NSUyQzI1NSUyQzI1NSUyQzAuNSUyOSUyMiUyMCUyRiUzRSUwQSUyMCUyMCUyMCUyMCUyMCUyMCUyMCUyMCUyMCUyMCUyMCUyMCUyMCUyMCUyMCUyMCUyMCUyMCUyMCUyMCUyMCUyMCUyMCUyMCUzQ3VzZSUyMHhsaW5rJTNBaHJlZiUzRCUyMiUyM2dlbnRsZS13YXZlJTIyJTIweCUzRCUyMjQ4JTIyJTIweSUzRCUyMjUlMjIlMjBmaWxsJTNEJTIycmdiYSUyODI1NSUyQzI1NSUyQzI1NSUyQzAuMyUyOSUyMiUyMCUyRiUzRSUwQSUyMCUyMCUyMCUyMCUyMCUyMCUyMCUyMCUyMCUyMCUyMCUyMCUyMCUyMCUyMCUyMCUyMCUyMCUyMCUyMCUyMCUyMCUyMCUyMCUzQ3VzZSUyMHhsaW5rJTNBaHJlZiUzRCUyMiUyM2dlbnRsZS13YXZlJTIyJTIweCUzRCUyMjQ4JTIyJTIweSUzRCUyMjclMjIlMjBmaWxsJTNEJTIyJTIzZmZmJTIyJTIwJTJGJTNFJTBBJTIwJTIwJTIwJTIwJTIwJTIwJTIwJTIwJTIwJTIwJTIwJTIwJTIwJTIwJTIwJTIwJTIwJTIwJTIwJTIwJTNDJTJGZyUzRSUwQSUyMCUyMCUyMCUyMCUyMCUyMCUyMCUyMCUyMCUyMCUyMCUyMCUyMCUyMCUyMCUyMCUzQyUyRnN2ZyUzRSUwQSUyMCUyMCUyMCUyMCUyMCUyMCUyMCUyMCUyMCUyMCUyMCUyMCUzQyUyRmRpdiUzRSUwQQ==[\/vc_raw_html][\/vc_column_inner][\/vc_row_inner][\/vc_column][\/vc_row][mk_page_section bg_color=\u00bb#ffffff\u00bb attachment=\u00bbfixed\u00bb bg_position=\u00bbcenter top\u00bb bg_repeat=\u00bbno-repeat\u00bb enable_3d=\u00bbtrue\u00bb padding_top=\u00bb40&#8243; padding_bottom=\u00bb0&#8243; top_shape_style=\u00bbcurve-top\u00bb top_shape_bg_color=\u00bbrgba(255,255,255,0)\u00bb sidebar=\u00bbsidebar-1&#8243; first_page=\u00bbfalse\u00bb last_page=\u00bbfalse\u00bb][vc_column css=\u00bb.vc_custom_1668987388736{margin-bottom: -10px !important;border-bottom-width: -10px !important;padding-bottom: -10px !important;}\u00bb][vc_tta_tabs style=\u00bboutline\u00bb color=\u00bbsky\u00bb spacing=\u00bb10&#8243; active_section=\u00bb1&#8243; el_id=\u00bbregistro\u00bb][vc_tta_section i_icon_fontawesome=\u00bbfas fa-info\u00bb add_icon=\u00bbtrue\u00bb title=\u00bb<b>INSCRIPCIONES<\/b>\u00ab][vc_row_inner][vc_column_inner width=\u00bb2\/3&#8243;][vc_btn title=\u00bb<B>INSCRIPCI\u00d3N ONLINE<\/B><BR>PULSA AQU\u00cd\u00bb style=\u00bbflat\u00bb color=\u00bbdanger\u00bb size=\u00bblg\u00bb i_icon_fontawesome=\u00bbfas fa-long-arrow-alt-right\u00bb css=\u00bb\u00bb add_icon=\u00bbtrue\u00bb link=\u00bburl:https%3A%2F%2Famconferences.eventsair.com%2Fz-aepap-2025%2Finscripcion|target:_blank\u00bb][vc_column_text css=\u00bb.vc_custom_1721841969683{margin-bottom: 0px !important;}\u00bb]\n<h5>La plataforma de inscripciones online se abrir\u00e1:<\/h5>\n[\/vc_column_text][vc_separator color=\u00bborange\u00bb css=\u00bb\u00bb][vc_column_text css=\u00bb.vc_custom_1732126586449{margin-bottom: 0px !important;}\u00bb]<strong>Socios AEPap: <\/strong>A PARTIR S\u00c1BADO 16 DE NOVIEMBRE DE 2024. 10:00 h. (hora peninsular)<\/p>\n<p><strong>Socios de AEPap habr\u00e1n recibido su enlace personal de inscripci\u00f3n <\/strong>para que puedan registrarse directamente. Si no lo recibe contacte con <a href=\"mailto:congresoaepap@tailored-fit.com\">congresoaepap@tailored-fit.com.<\/a><\/p>\n<p><strong>No socios AEPap:<\/strong>\u00a0<mark> A PARTIR DEL 30 DE NOVIEMBRE DE 2024<\/mark><\/p>\n<h6><strong><a href=\"https:\/\/amconferences.eventsair.com\/z-aepap-2025\/inscripcion\" target=\"_blank\" rel=\"noopener\">Pulsa aqu\u00ed para realizar tu inscripci\u00f3n<\/a><\/strong><\/h6>\n[\/vc_column_text][\/vc_column_inner][vc_column_inner width=\u00bb1\/3&#8243;][vc_column_text css=\u00bb.vc_custom_1721842120138{margin-bottom: 0px !important;}\u00bb]\n<h5>Nuestro Congreso ofrece varias opciones de inscripci\u00f3n:<\/h5>\n[\/vc_column_text][vc_separator color=\u00bborange\u00bb css=\u00bb\u00bb][vc_column_text css=\u00bb.vc_custom_1731178129647{margin-bottom: 0px !important;}\u00bb]<strong>CONGRESO PRESENCIAL<\/strong>. Incluye acceso a Congreso virtual y al Curso <em>online<\/em>.<\/p>\n<p><strong>CONGRESO VIRTUAL<\/strong>. Acceso a todas las actividades que se realicen en el Auditorio principal del congreso. Tambi\u00e9n incluye el Curso <em>online. <\/em><\/p>\n<p><a href=\"https:\/\/cursosonline.aepap.org\/moodle2025\/\" target=\"_blank\" rel=\"noopener\"><strong>Solo CURSO <em>ON LINE<\/em><\/strong><\/a> <strong>(MOODLE)<\/strong>\u00a0 exclusivamente.[\/vc_column_text][\/vc_column_inner][\/vc_row_inner][\/vc_tta_section][\/vc_tta_tabs][\/vc_column][\/mk_page_section][mk_page_section bg_color=\u00bb#ffffff\u00bb attachment=\u00bbfixed\u00bb bg_position=\u00bbcenter top\u00bb bg_repeat=\u00bbno-repeat\u00bb enable_3d=\u00bbtrue\u00bb padding_top=\u00bb40&#8243; top_shape_style=\u00bbcurve-top\u00bb top_shape_bg_color=\u00bbrgba(255,255,255,0)\u00bb sidebar=\u00bbsidebar-1&#8243; first_page=\u00bbfalse\u00bb last_page=\u00bbfalse\u00bb][vc_column css=\u00bb.vc_custom_1668987388736{margin-bottom: -10px !important;border-bottom-width: -10px !important;padding-bottom: -10px !important;}\u00bb][vc_column_text css=\u00bb.vc_custom_1721844366390{margin-bottom: 0px !important;}\u00bb]\n<h5>Cuotas de inscripci\u00f3n<\/h5>\n[\/vc_column_text][vc_separator color=\u00bborange\u00bb css=\u00bb\u00bb][vc_tta_tabs style=\u00bboutline\u00bb color=\u00bbsky\u00bb spacing=\u00bb10&#8243; active_section=\u00bb1&#8243;][vc_tta_section title=\u00bb<b>CONGRESO PRESENCIAL<\/b>\u00bb tab_id=\u00bb1721847404595-d98b4135-1e3b\u00bb][mk_table]\n<table style=\"width: 100%; border-collapse: collapse;\">\n<tbody>\n<tr>\n<td rowspan=\"2\" bgcolor=\"008BC1\"><b><span style=\"color: #ffffff;\">CONGRESO PRESENCIAL<br \/>\n<\/span><\/b><span style=\"color: #ffffff;\">incluye acceso al Congreso virtual y Curso online<\/span><\/td>\n<td bgcolor=\"008BC1\"><span style=\"color: #ffffff;\">Socios de la AEPap<\/span><\/td>\n<td bgcolor=\"008BC1\"><span style=\"color: #ffffff;\">MIR socios de la AEPap<\/span><\/td>\n<td bgcolor=\"008BC1\"><span style=\"color: #ffffff;\">M\u00e9dicos No socios de AEPap<\/span><\/td>\n<td bgcolor=\"008BC1\"><span style=\"color: #ffffff;\">MIR No socios de AEPap<\/span><\/td>\n<td bgcolor=\"008BC1\"><span style=\"color: #ffffff;\">Enfermeras<\/span><\/td>\n<td style=\"width: 10%;\" bgcolor=\"#0C89B8\"><span style=\"color: #ffffff;\">EIR<\/span><\/td>\n<\/tr>\n<tr>\n<td style=\"width: 13.4033%;\">550 \u20ac<\/td>\n<td style=\"width: 13.8695%;\">350 \u20ac<\/td>\n<td style=\"width: 16.0839%;\">650 \u20ac<\/td>\n<td style=\"width: 13.6364%;\">450 \u20ac<\/td>\n<td style=\"width: 11.7716%;\">400 \u20ac<\/td>\n<td style=\"width: 3.9627%;\">300 \u20ac<\/td>\n<\/tr>\n<\/tbody>\n<\/table>\n[\/mk_table][vc_column_text css=\u00bb.vc_custom_1721843971032{margin-bottom: 0px !important;}\u00bb]<strong>RESIDENTES Y OTROS PROFESIONALES NO PEDIATRAS<\/strong><\/p>\n<p>Los RESIDENTES,\u00a0sean o no socios de la AEPap, as\u00ed como las\u00a0ENFERMERAS O EIR,\u00a0<strong>deber\u00e1n adjuntar<\/strong> en el formulario, durante el proceso de inscripci\u00f3n, un <strong>DOCUMENTO ACREDITATIVO<\/strong> de que lo son para poder aplicar la cuota reducida. Se recomienda tener el documento preparado en el momento de hacer la inscripci\u00f3n. Formatos admitidos: PDF, Word e imagen.[\/vc_column_text][\/vc_tta_section][vc_tta_section title=\u00bb<b>CONGRESO VIRTUAL<\/b>\u00bb tab_id=\u00bb1721847404661-6052334b-ca7a\u00bb][mk_table]\n<table style=\"width: 100%; border-collapse: collapse;\">\n<tbody>\n<tr>\n<td rowspan=\"2\" bgcolor=\"#dd0044\"><b><span style=\"color: #ffffff;\">CONGRESO VIRTUAL<br \/>\nincluye curso online<\/span><\/b><\/td>\n<td bgcolor=\"#dd0044\"><span style=\"color: #ffffff;\">Cuota \u00fanica para Espa\u00f1a<\/span><\/td>\n<td bgcolor=\"#dd0044\"><span style=\"color: #ffffff;\">Cuota para USA y Latinoamerica <b>* <\/b><\/span><\/td>\n<\/tr>\n<tr>\n<td>200 \u20ac<\/td>\n<td>95 \u20ac<\/td>\n<\/tr>\n<\/tbody>\n<\/table>\n[\/mk_table][vc_column_text css=\u00bb.vc_custom_1721846644484{margin-bottom: 0px !important;}\u00bb]<b>*<\/b> Participantes de USA y Latioam\u00e9rica deber\u00e1n aportar <strong>documento que acredite que se reside<\/strong> en estos lugares. Durante el proceso de registro le ser\u00e1 solicitado documento acreditativo. Formatos admitidos: pdf, word o imagen.[\/vc_column_text][\/vc_tta_section][vc_tta_section title=\u00bb<b>SOLO CURSO ONLINE MOODLE<\/b>\u00bb tab_id=\u00bb1721847404732-303e0026-06ce\u00bb][mk_table]\n<table style=\"width: 100%; border-collapse: collapse; height: 116px;\">\n<tbody>\n<tr style=\"height: 77px;\">\n<td style=\"background-color: 008a2e;\" bgcolor=\"#008A2E\"><b><span style=\"color: #ffffff;\">SOLO CURSO ONLINE MOODLE<\/span><\/b><\/td>\n<td style=\"background-color: 008a2e;\" bgcolor=\"#008A2E\"><span style=\"color: #ffffff;\">Socios de la AEPap<\/span><\/td>\n<td style=\"background-color: 008a2e;\" bgcolor=\"#008A2E\"><span style=\"color: #ffffff;\">MIR socios de la AEPap<\/span><\/td>\n<td style=\"background-color: 008a2e;\" bgcolor=\"#008A2E\"><span style=\"color: #ffffff;\">M\u00e9dicos No socios de AEPap<\/span><\/td>\n<td style=\"background-color: 008a2e;\" bgcolor=\"#008A2E\"><span style=\"color: #ffffff;\">MIR No socios de AEPap<\/span><\/td>\n<td style=\"background-color: 008a2e;\" bgcolor=\"#008A2E\"><span style=\"color: #ffffff;\">Enfermeras<\/span><\/td>\n<td style=\"width: 10%; background-color: #008a2e;\" bgcolor=\"#0C89B8\"><span style=\"color: #ffffff;\">EIR<\/span><\/td>\n<\/tr>\n<tr>\n<td><strong>A PARTIR DEL 16 DE NOVIEMBRE DE 2024<\/strong><\/td>\n<td>100 \u20ac<\/td>\n<td>75 \u20ac<\/td>\n<td>150 \u20ac<\/td>\n<td>90 \u20ac<\/td>\n<td>100 \u20ac<\/td>\n<td>75 \u20ac<\/td>\n<\/tr>\n<\/tbody>\n<\/table>\n[\/mk_table][vc_column_text css=\u00bb.vc_custom_1721843971032{margin-bottom: 0px !important;}\u00bb]<strong>RESIDENTES Y OTROS PROFESIONALES NO PEDIATRAS<\/strong><\/p>\n<p>Los RESIDENTES,\u00a0sean o no socios de la AEPap, as\u00ed como las\u00a0ENFERMERAS O EIR,\u00a0<strong>deber\u00e1n adjuntar<\/strong> en el formulario, durante el proceso de inscripci\u00f3n, un <strong>DOCUMENTO ACREDITATIVO<\/strong> de que lo son para poder aplicar la cuota reducida. Se recomienda tener el documento preparado en el momento de hacer la inscripci\u00f3n. Formatos admitidos: PDF, Word e imagen.[\/vc_column_text][\/vc_tta_section][\/vc_tta_tabs][vc_column_text css=\u00bb.vc_custom_1721845881642{margin-bottom: 0px !important;}\u00bb]\n<h5>Como inscribirse<\/h5>\n[\/vc_column_text][vc_separator color=\u00bborange\u00bb css=\u00bb\u00bb][\/vc_column][\/mk_page_section][mk_page_section bg_color=\u00bb#ffffff\u00bb attachment=\u00bbfixed\u00bb bg_position=\u00bbcenter top\u00bb bg_repeat=\u00bbno-repeat\u00bb enable_3d=\u00bbtrue\u00bb padding_top=\u00bb0&#8243; top_shape_style=\u00bbcurve-top\u00bb top_shape_bg_color=\u00bbrgba(255,255,255,0)\u00bb sidebar=\u00bbsidebar-1&#8243; first_page=\u00bbfalse\u00bb last_page=\u00bbfalse\u00bb][vc_column width=\u00bb3\/5&#8243; css=\u00bb.vc_custom_1668987388736{margin-bottom: -10px !important;border-bottom-width: -10px !important;padding-bottom: -10px !important;}\u00bb][vc_tta_tabs style=\u00bboutline\u00bb color=\u00bbsky\u00bb spacing=\u00bb10&#8243; active_section=\u00bb1&#8243;][vc_tta_section title=\u00bb<b>Socios AEPap<\/b>\u00bb tab_id=\u00bbinscripcion\u00bb][vc_column_text css=\u00bb.vc_custom_1731179154078{margin-bottom: 0px !important;}\u00bb]\n<h5>Apertura 16 de noviembre de 2024 a las 10.00h.<\/h5>\n<p>La inscripci\u00f3n como <strong>Socio de AEPap<\/strong> se realizar\u00e1 a trav\u00e9s de un <strong>formulario personal al que se accede a trav\u00e9s de un enlace individual que recibir\u00e1n en su correo personal<\/strong> con unos d\u00edas de antelaci\u00f3n.<\/p>\n<p><mark>A partir del 11 de noviembre <strong>los SOCIOS RECIBIR\u00c1N SU ENLACE PERSONAL DE INSCRIPCI\u00d3N<\/strong> <strong><span style=\"color: #3366ff;\">(<span style=\"text-decoration: underline;\">recomendado<\/span>) <\/span><\/strong>para que puedan\u00a0 registrarse directamente. Si no lo recibe contacte con <a href=\"mailto:congresoaepap@tailored-fit.com\">congresoaepap@tailored-fit.com.<\/a>\u00a0<\/mark><\/p>\n<p><strong>Opcional <\/strong>(no recomendado)<strong>: <\/strong>Tambi\u00e9n podr\u00e1n hacerlo a trav\u00e9s del siguiente enlace.<br \/>\n<a href=\"https:\/\/amconferences.eventsair.com\/attendeeapp\/z-aepap-2025\/registro\" target=\"_blank\" rel=\"noopener\">Inscripci\u00f3n socio AEPap<\/a>[\/vc_column_text][vc_column_text css=\u00bb.vc_custom_1731177743289{margin-bottom: 0px !important;}\u00bb]Si no funcionara este acceso, se puede copiar la direcci\u00f3n directamente en el navegador web y entrar con el n\u00famero de socio AEPap y con el correo electr\u00f3nico que conste en la ficha de socio a fecha 30 de septiembre de 2024.<\/p>\n<p>Si no recuerdas su n\u00famero de socio contacte con <a href=\"mailto:congresoaepap@tailored-fit.com\">congresoaepap@tailored-fit.com<\/a>.[\/vc_column_text][\/vc_tta_section][vc_tta_section title=\u00bb<b>No socios AEPap<\/b>\u00bb tab_id=\u00bbnosocios\u00bb][vc_column_text css=\u00bb.vc_custom_1732126022958{margin-bottom: 0px !important;}\u00bb]<strong>No socios AEPap:<\/strong>\u00a0 a partir del d\u00eda 30 de noviembre de 2024<\/p>\n<p><a href=\"https:\/\/amconferences.eventsair.com\/z-aepap-2025\/inscripcion\" target=\"_blank\" rel=\"noopener\">https:\/\/amconferences.eventsair.com\/z-aepap-2025\/inscripcion<\/a><\/p>\n<p>Este enlace abrir\u00e1 un formulario de inscripci\u00f3n, que le permitir\u00e1 el registro como no socio en el congreso. Al finalizar la inscripci\u00f3n se enviar\u00e1 un correo electr\u00f3nico con un resumen de la inscripci\u00f3n.[\/vc_column_text][\/vc_tta_section][\/vc_tta_tabs][\/vc_column][vc_column width=\u00bb2\/5&#8243;][vc_column_text css=\u00bb.vc_custom_1721849918088{margin-bottom: 0px !important;}\u00bb]\n<h4>Aclaraciones:<\/h4>\n[\/vc_column_text][vc_separator color=\u00bborange\u00bb css=\u00bb\u00bb][mk_custom_box corner_radius=\u00bb5&#8243; bg_color=\u00bb#eafaff\u00bb border_color_style=\u00bbsingle_color\u00bb border_color=\u00bb#008bc1&#8243;][mk_font_icons icon=\u00bbmk-moon-info\u00bb color=\u00bb#1e73be\u00bb size=\u00bblarge\u00bb align=\u00bbcenter\u00bb][vc_column_text css=\u00bb.vc_custom_1726478431270{margin-bottom: 0px !important;}\u00bb]\n<ul>\n<li>Se deber\u00e1 utilizar un \u00fanico acceso a internet por alumno, acceso identificativo y personalizado.<\/li>\n<li>Las actividades del Congreso Virtual se podr\u00e1n ver en diferido <strong>hasta 2 meses despu\u00e9s<\/strong> de finalizado el congreso presencial.<\/li>\n<li>\u00a0En la opci\u00f3n CONGRESO PRESENCIAL, podr\u00e1s elegir asistencia a los talleres y\/o seminarios que elijas que tendr\u00e1n lugar el viernes 21 de febrero.<\/li>\n<\/ul>\n[\/vc_column_text][\/mk_custom_box][\/vc_column][\/mk_page_section][mk_page_section bg_color=\u00bb#ffffff\u00bb attachment=\u00bbfixed\u00bb bg_position=\u00bbcenter top\u00bb bg_repeat=\u00bbno-repeat\u00bb enable_3d=\u00bbtrue\u00bb padding_top=\u00bb40&#8243; top_shape_style=\u00bbcurve-top\u00bb top_shape_bg_color=\u00bbrgba(255,255,255,0)\u00bb sidebar=\u00bbsidebar-1&#8243; first_page=\u00bbfalse\u00bb last_page=\u00bbfalse\u00bb][vc_column css=\u00bb.vc_custom_1668987388736{margin-bottom: -10px !important;border-bottom-width: -10px !important;padding-bottom: -10px !important;}\u00bb][vc_column_text css=\u00bb.vc_custom_1724448748377{margin-bottom: 0px !important;}\u00bb]\n<h5>Instrucciones para recuperar\/conocer el n\u00famero de socio AEPap<\/h5>\n[\/vc_column_text][vc_separator color=\u00bborange\u00bb css=\u00bb\u00bb][vc_tta_tabs style=\u00bboutline\u00bb color=\u00bbsky\u00bb spacing=\u00bb10&#8243; active_section=\u00bb1&#8243;][vc_tta_section i_icon_fontawesome=\u00bbfas fa-info\u00bb add_icon=\u00bbtrue\u00bb tab_id=\u00bbnro-socio\u00bb title=\u00bb<b>HE OLVIDADO MI N\u00daMERO DE SOCIO<\/b>\u00ab][vc_column_text css=\u00bb.vc_custom_1721849510872{margin-bottom: 0px !important;}\u00bb]Se accede a tu ficha de socio de la AEPap a trav\u00e9s de la web <a href=\"http:\/\/www.aepap.org\/\" target=\"_blank\" rel=\"noopener\">http:\/\/www.aepap.org\/<\/a> entrando arriba a la derecha, zona de socios.<\/p>\n<p>Tienes que escribir tu correo electr\u00f3nico y la contrase\u00f1a. Si no conoces tu contrase\u00f1a dar a \u201csolicitar nueva contrase\u00f1a\u201d. Te llegar\u00e1 un enlace a ese correo para elegirla. Despu\u00e9s hay que entrar otra vez con el correo y esa nueva contrase\u00f1a. Al entrar puedes comprobar los datos que figuran en tu ficha, correo @ y n\u00famero de socio.<\/p>\n<p>Si no pudieras acceder a la ficha de socio, contacta con el secretario de tu federada[\/vc_column_text][\/vc_tta_section][\/vc_tta_tabs][\/vc_column][\/mk_page_section][vc_row][vc_column][mk_padding_divider][vc_column_text css=\u00bb.vc_custom_1724449401957{margin-bottom: 0px !important;}\u00bb]<img loading=\"lazy\" decoding=\"async\" class=\"alignnone size-full wp-image-11316\" src=\"https:\/\/congresoaepap.org\/2025\/wp-content\/uploads\/2024\/07\/21-congreso-aepap-2025-lema.png\" alt=\"\" width=\"8203\" height=\"360\" srcset=\"https:\/\/congresoaepap.org\/2025\/wp-content\/uploads\/2024\/07\/21-congreso-aepap-2025-lema.png 8203w, https:\/\/congresoaepap.org\/2025\/wp-content\/uploads\/2024\/07\/21-congreso-aepap-2025-lema-300x13.png 300w, https:\/\/congresoaepap.org\/2025\/wp-content\/uploads\/2024\/07\/21-congreso-aepap-2025-lema-1024x45.png 1024w, https:\/\/congresoaepap.org\/2025\/wp-content\/uploads\/2024\/07\/21-congreso-aepap-2025-lema-768x34.png 768w, https:\/\/congresoaepap.org\/2025\/wp-content\/uploads\/2024\/07\/21-congreso-aepap-2025-lema-1536x67.png 1536w, https:\/\/congresoaepap.org\/2025\/wp-content\/uploads\/2024\/07\/21-congreso-aepap-2025-lema-2048x90.png 2048w\" sizes=\"auto, (max-width: 8203px) 100vw, 8203px\" \/>[\/vc_column_text][mk_padding_divider][\/vc_column][\/vc_row]\n<\/div>","protected":false},"excerpt":{"rendered":"<p>[vc_row fullwidth=\u00bbtrue\u00bb parallax=\u00bbcontent-moving-fade\u00bb parallax_speed_bg=\u00bb1&#8243; css=\u00bb.vc_custom_1721841570848{margin-bottom: -10px !important;border-bottom-width: -10px !important;padding-bottom: -10px !important;background: #eb6072 url(https:\/\/congresoaepap.org\/2025\/wp-content\/uploads\/2024\/07\/21-congreso-aepap-2025-franja-horizontal-copia.png?id=11314);background-position: center;background-repeat: no-repeat !important;background-size: cover !important;}\u00bb][vc_column css=\u00bb.vc_custom_1703196275772{margin-bottom: -5px !important;border-bottom-width: -5px !important;padding-bottom: -5px !important;background-position: center !important;background-repeat: no-repeat !important;background-size: contain !important;}\u00bb][mk_padding_divider size=\u00bb85&#8243; visibility=\u00bbhidden-sm\u00bb][mk_padding_divider visibility=\u00bbvisible-sm\u00bb][mk_fancy_title color=\u00bb#008bc1&#8243; size=\u00bb50&#8243; force_font_size=\u00bbtrue\u00bb size_smallscreen=\u00bb40&#8243; size_tablet=\u00bb40&#8243; size_phone=\u00bb35&#8243; margin_bottom=\u00bb0&#8243; font_family=\u00bbImpact, Charcoal, sans-serif\u00bb font_type=\u00bbsafefont\u00bb align=\u00bbcenter\u00bb]\u00a0\u00a0Inscripci\u00f3n\u00a0\u00a0[\/mk_fancy_title][mk_padding_divider size=\u00bb60&#8243;][vc_row_inner attached=\u00bbtrue\u00bb][vc_column_inner css=\u00bb.vc_custom_1687794206690{margin-top: -60px !important;margin-bottom: -30px !important;border-top-width: -60px !important;border-bottom-width: [&hellip;]<\/p>\n","protected":false},"author":3297,"featured_media":0,"parent":0,"menu_order":0,"comment_status":"closed","ping_status":"closed","template":"","meta":{"footnotes":""},"class_list":["post-10818","page","type-page","status-publish","hentry"],"publishpress_future_action":{"enabled":false,"date":"2026-05-24 15:51:59","action":"change-status","newStatus":"draft","terms":[],"taxonomy":"","extraData":[]},"publishpress_future_workflow_manual_trigger":{"enabledWorkflows":[]},"_links":{"self":[{"href":"https:\/\/congresoaepap.org\/2025\/wp-json\/wp\/v2\/pages\/10818","targetHints":{"allow":["GET"]}}],"collection":[{"href":"https:\/\/congresoaepap.org\/2025\/wp-json\/wp\/v2\/pages"}],"about":[{"href":"https:\/\/congresoaepap.org\/2025\/wp-json\/wp\/v2\/types\/page"}],"author":[{"embeddable":true,"href":"https:\/\/congresoaepap.org\/2025\/wp-json\/wp\/v2\/users\/3297"}],"replies":[{"embeddable":true,"href":"https:\/\/congresoaepap.org\/2025\/wp-json\/wp\/v2\/comments?post=10818"}],"version-history":[{"count":116,"href":"https:\/\/congresoaepap.org\/2025\/wp-json\/wp\/v2\/pages\/10818\/revisions"}],"predecessor-version":[{"id":11970,"href":"https:\/\/congresoaepap.org\/2025\/wp-json\/wp\/v2\/pages\/10818\/revisions\/11970"}],"wp:attachment":[{"href":"https:\/\/congresoaepap.org\/2025\/wp-json\/wp\/v2\/media?parent=10818"}],"curies":[{"name":"wp","href":"https:\/\/api.w.org\/{rel}","templated":true}]}}